{"id":950,"date":"2015-12-22T12:07:16","date_gmt":"2015-12-22T11:07:16","guid":{"rendered":"http:\/\/crecimientointerior.com\/?page_id=950"},"modified":"2015-12-22T12:07:16","modified_gmt":"2015-12-22T11:07:16","slug":"neurosis-histerica-y-las-esencias-florales-en-su-apoyo","status":"publish","type":"page","link":"https:\/\/crecimientointerior.com\/index.php\/esencias-florales\/articulos-sobre-esencias-florales\/neurosis-histerica-y-las-esencias-florales-en-su-apoyo\/","title":{"rendered":"Neurosis hist\u00e9rica y las Esencias Florales en su apoyo"},"content":{"rendered":"<p style=\"text-align:justify;\"><span style=\"color:#000000;\">Se caracteriza por la hiperexpresividad som\u00e1tica de ideas, im\u00e1genes y de afectos no conscientes. Freud comienza a llamarlas hist\u00e9rias de conversi\u00f3n.; anomal\u00eda de la personalidad. Est\u00e1n en relaci\u00f3n\u00a0 con la <b>estructura <\/b>\u00a0no consciente, e imaginaria del personaje hist\u00e9rico y tambi\u00e9n con la fuerza\u00a0 no consciente sobre el plano corporal (conversi\u00f3n som\u00e1tica).<\/span><\/p>\n<p style=\"text-align:justify;\">\n<p style=\"text-align:justify;\"><span style=\"color:#000000;\">Los s\u00edntomas haciendo s\u00edndromes que la caracterizan:<\/span><\/p>\n<p style=\"text-align:justify;\"><span style=\"color:#000000;\"><!--more--><\/span><\/p>\n<p style=\"text-align:justify;\"><span style=\"color:#000000;\"><b>Par\u00e1lisis:<\/b> Afon\u00edas(p\u00e9rdidas de voz pero no de cuchicheo), atasia-afasia(Solo movimientos activos, que no deambular). Consueldas: mayor y menor, Cosmos, Rock Rose, Chestnut bud, Heather, Cerato, Cal\u00e9ndula, Scleranthus&#8230;..<\/span><\/p>\n<p style=\"text-align:justify;\"><span style=\"color:#000000;\">&#8211; Contracturas y espasmos:<\/span><\/p>\n<p style=\"text-align:justify;\"><span style=\"color:#000000;\">En los miembros y en el cuello (tort\u00edcolis), \u00c1rnica, D. Le\u00f3n, Azahar, Fucsia, Rudbeckia, Manzanilla, Bot\u00f3n oro, Consuelda, Nomeolvides, Agave real&#8230;.y ciertas manifestaciones t\u00f3nicas \u00f3 espasm\u00f3dicas(hipo, v\u00f3mitos, espasmos oculofaciales&#8230;) Algod\u00f3n, Algod\u00f3n seda, Amaranto, Consuenda menor, Mapurite&#8230;.<\/span><\/p>\n<p style=\"text-align:justify;\">\n<p style=\"text-align:justify;\"><span style=\"color:#000000;\"><b>Anestesias:<\/b><\/span><\/p>\n<p style=\"text-align:justify;\"><span style=\"color:#000000;\">De algunas percepciones t\u00e1ctiles, dolorosas, t\u00e9rmicas&#8230;.Tuna, \u00c1rnica, Milenrrama, Papaya, S\u00e1bila. Aloe Vera, Rosa Syria, Almendro, Consueldas, Girasol, Malva, Chaparral, Star tulip, Fucsia, Verbasco, California poppy&#8230;.sensitivas \u00f3 sensoriales(faquirismo)<\/span><\/p>\n<p style=\"text-align:justify;\"><span style=\"color:#000000;\">Aloquiria(sensibilidad transferida de un lado al otro del cuerpo)Consuelda mayor, Sclerantus, Heather, Papaya, Mugwort, Eneldo, Chestnut bud, Zanahoria, Amaranto, Nomeolvides&#8230;.<\/span><\/p>\n<p style=\"text-align:justify;\"><span style=\"color:#000000;\">\u00c1lgias sinest\u00e9sicas (dolores provocados ante la vista de un objeto&#8230;)Starr B, Rosa Syria, Mimulus, Chaparral, Epilobio, Golden Ear Drops, California poppy..Lirio.(no tienen correspondencia a las inervaciones anat\u00f3micas).<\/span><\/p>\n<p style=\"text-align:justify;\"><span style=\"color:#000000;\">Trastornos sensoriales, Cerato, Chestnut bud, Clematis, Nomeolvides, Clavel de indias, Jazm\u00edn, Don diego de d\u00eda, &#8230;.cegueras, sorderas, anosmia..<\/span><\/p>\n<p style=\"text-align:justify;\">\n<p style=\"text-align:justify;\"><span style=\"color:#000000;\"><b>\u00a0Manifestaciones viscerales<\/b>:<\/span><\/p>\n<p style=\"text-align:justify;\"><span style=\"color:#000000;\">Funciones del sistema cerebroespinal. Expresi\u00f3n vegetativa del inconsciente, hist\u00e9ria de conversi\u00f3n.<\/span><\/p>\n<ul style=\"text-align:justify;\">\n<li><span style=\"color:#000000;\"><b>Espasmos del est\u00f3mago<\/b>, del es\u00f3fago(bolo hist\u00e9rico), c\u00f3licos, constipaciones, retenci\u00f3n urinaria, vaginismo, dispareunia, asma bronquial&#8230;Cherry plum, Consuelda menor, Manzanilla, Jazm\u00edn, tuna, Albaricoque, Aloe, Diente de Le\u00f3n, Hibiscus, Stiky M. Flower, Fuchsia, Poison oak, Lirio mariposa, Lirio, &#8230;.Heather, Chicory,<\/span><\/li>\n<\/ul>\n<p style=\"text-align:justify;\">\n<ul style=\"text-align:justify;\">\n<li><span style=\"color:#000000;\"><b>Algias<\/b>, que en sus localizaciones se sospeche una carga hist\u00e9rica, gran dramatizaci\u00f3n en la expresi\u00f3n del s\u00edntoma.<\/span><\/li>\n<\/ul>\n<p style=\"text-align:justify;\">\n<ul style=\"text-align:justify;\">\n<li><span style=\"color:#000000;\"><b>Trastornos tr\u00f3ficos<\/b>:<\/span><\/li>\n<\/ul>\n<p style=\"text-align:justify;\"><span style=\"color:#000000;\">Catalepsia(ciertas anomal\u00edas vegetativas). Cosmos, Ch\u00edcory, Vine, Consueldas&#8230;.Clematis, Chstnut bud, Rock Rose, &#8230;.<\/span><\/p>\n<p style=\"text-align:justify;\"><span style=\"color:#000000;\">Trastornos vasomotores que aparecen en ciertas par\u00e1lisis hist\u00e9ricas, Ch\u00edcory, Wild rose, Malva, Rock rose, Consueldas, Eneldo, Nomeolvides, Cosmos, Amaranto, Ajo, \u00c1rnica, Saguaro, Ang\u00e9lica&#8230;.<\/span><\/p>\n<p style=\"text-align:justify;\"><span style=\"color:#000000;\">Tegumentos engrosados, fr\u00edos, cian\u00f3ticos&#8230;oscilaciones arteriales reducidas; m\u00fasculos atrofiados, edemas subcut\u00e1neos, pueden dar lugar a deformaciones que se toman por alteraciones articulares.<\/span><\/p>\n<p style=\"text-align:justify;\">\n<ul style=\"text-align:justify;\">\n<li><span style=\"color:#000000;\"><b>Patolog\u00edas de la emoci\u00f3n<\/b>: Alergias, crisis de urticaria, edema de Quinck\u00e9, ciertos espasmos vasculares.<\/span><\/li>\n<li><span style=\"color:#000000;\"><b>Paroxismo<\/b>: en fase aguda-grave de una enfermedad, a veces p\u00e9rdida de conocimiento. Intensificaci\u00f3n extrema de las pasiones \u00f3 sentimientos. Vervain, Vervain, Vervain, Cherry plum, Cherry plum&#8230;..White Chestnut, Vervain, Vervain, Vervain, Cherry plum, Cherry plum&#8230;..White Chestnut\u2026Clematis.<\/span><\/li>\n<li><span style=\"color:#000000;\">Resumiendo que el\/la hist\u00e9rico\/a hablan \u201c<b>el lenguaje de los<\/b> <b>\u00f3rganos\u201d<\/b> con especial elocuencia.<\/span><\/li>\n<li><span style=\"color:#000000;\"><b><i>Vive las met\u00e1foras en lugar de hablarlas de ah\u00ed la conversi\u00f3n som\u00e1tica.<\/i><\/b><\/span><\/li>\n<\/ul>\n<p style=\"text-align:justify;\"><span style=\"color:#000000;\"><b><i>\u00a0<\/i><\/b><\/span><\/p>\n<p style=\"text-align:justify;\"><span style=\"color:#000000;\">En cualquier caso no olvidar que el <b>MIEDO<\/b> nos deja paralizados \u00f3 insensibles al dolor Rock rose, Star B, Clematis, Wild Rose, Mariposa lily, Milenrama, Nomeolvides, Manzanilla,(la atenci\u00f3n concentrada), Tuna, Rosa Syria..<\/span><\/p>\n<p style=\"text-align:justify;\"><span style=\"color:#000000;\">El asco provoca nauseas, la c\u00f3lera provoca enrrojecimiento \u00f3 cerrar los pu\u00f1os&#8230;son manifestaciones no verbales de lo que sentimos: <b>Crab Apple.<\/b><\/span><\/p>\n<p style=\"text-align:justify;\"><span style=\"color:#000000;\">El individuo neur\u00f3tico a diferencia del psic\u00f3tico, no pierde el contacto con la realidad externa del entorno.<\/span><\/p>\n<p style=\"text-align:justify;\">\n<ul style=\"text-align:justify;\">\n<li><span style=\"color:#000000;\">Diferencias con otras neurosis, la f\u00f3bica (histeria de angustia) es el <b>miedo obsesivo<\/b> lo que la caracteriza.<\/span><\/li>\n<\/ul>\n<p style=\"text-align:justify;\">\n<ul style=\"text-align:justify;\">\n<li><span style=\"color:#000000;\">Diferencias con psicosis, Claude propon\u00eda incluir la hist\u00e9ria y la esquizofrenia con el grupo de las Esquizosis(esquizoid\u00eda, esquizoman\u00eda y esquizofrenia). Cada vez se describen m\u00e1s formas esquizoneur\u00f3ticas de la \u201cpseudoneurosis\u201d esquizofr\u00e9nica.<\/span><\/li>\n<\/ul>\n<p style=\"text-align:justify;\">\n<ul style=\"text-align:justify;\">\n<li><span style=\"color:#000000;\">De todos modos parece bastante diferente la neurosis hist\u00e9rica de la esquizofr\u00e9nica en base a la organizaci\u00f3n aut\u00edstica de su personalidad y la disociaci\u00f3n progresiva. Y en la hist\u00e9ria se considerar\u00e1n m\u00e1s las tendencias, mitoman\u00edacas, mentiras, comedias, fabulaci\u00f3n, sugestibilidad, teatralidad, en los comportamientos y el car\u00e1cter superficial \u2013 variable de la sintomatolog\u00eda. Falsedad, deseo de gustar, deseo de exibirse, deseo de seducir, deseo de ofrecerse como un espect\u00e1culo, obtiene \u201cbeneficios secundarios\u201d en una erotizaci\u00f3n de la imaginaci\u00f3n, reemplaza el imposible orgasmo por goces del juego y del simulacro. El \u201cdonjuanismo\u201d masculino\u00a0 \u00f3 el \u201cmesalinismo\u201d femenino ocultan la impotencia, la frigidez, \u00f3 la perversi\u00f3n. De relevancia la exaltaci\u00f3n imaginativa, tendencias mim\u00e9ticas, hiperexpresividad, sugesti\u00f3n (hipnosis). Agrimony, Vervain, Pine, Almendro, Algod\u00f3n&#8230;&#8230;..Clematis, Hibiscus, el enamoramiento de \u201csi mismo\u201d.<\/span><\/li>\n<\/ul>\n<p style=\"text-align:justify;\">\n<ul style=\"text-align:justify;\">\n<li><span style=\"color:#000000;\">En crisis : Afecciones org\u00e1nicas en epilepsias \u2013 convulsiones con autoagresi\u00f3n real, mordedura en la lengua \u00f3\u00a0 mucosa bucal y labios, cian\u00f3sis. En la hist\u00e9ria hay simulaci\u00f3n de la sintomatolog\u00eda, s\u00edntomas producidos por la sugesti\u00f3n.<\/span><\/li>\n<\/ul>\n<p style=\"text-align:justify;\">\n<ul style=\"text-align:justify;\">\n<li><span style=\"color:#000000;\">Hipocondr\u00eda \u2013 Neurosis en la cual el individuo padece sufrimientos org\u00e1nicos\u00a0 que carece. Heather. Fuchsia.<\/span><\/li>\n<\/ul>\n<p style=\"text-align:justify;\">\n<ul style=\"text-align:justify;\">\n<li><span style=\"color:#000000;\">Hay todav\u00eda discusiones entre psiquiatras, medicos internistas \u00f3 medicina general y neur\u00f3logos&#8230;; no queda claro si la causa es psicol\u00f3gica u org\u00e1nica. Se plantean sintomatolog\u00edas de afecciones nerviosas, seg\u00fan Babinski. Separa la histeria de una patolog\u00eda nerviosa, y la acerca a la sugesti\u00f3n hipn\u00f3tica (persuasi\u00f3n). La esencia de la histeria es un estado ps\u00edquico que hace que el sujeto sea capaz de autosugestionarse. <b>Los trastornos aparecen y desaparecen bajo la influencia de la persuasi\u00f3n. <\/b>Es una anomal\u00eda, una regresi\u00f3n \u00f3 un defecto de desarrollo, que depende de una desorganizaci\u00f3n de la personalidad, lo cual a su vez depende de factores etiopatog\u00e9nicos que la condicionan.<\/span><\/li>\n<\/ul>\n<p style=\"text-align:justify;\">\n<p style=\"text-align:justify;\"><span style=\"color:#000000;\">No depende de lesiones org\u00e1nicas, pero s\u00ed de <b>condiciones<\/b> <b>biol\u00f3gicas, hereditarias, constitucionales y neuro-fisiol\u00f3gicas<\/b> de la organizaci\u00f3n de la persona; su modalidad de existencia patol\u00f3gica cuyos s\u00edntomas est\u00e1n formados por la expresi\u00f3n de fuerzas ps\u00edquicas <b>inconscientes<\/b>. Mecanismo ps\u00edquico y condici\u00f3n org\u00e1nica. Se la considera <i>enfermedad mental<\/i> org\u00e1nica de <i>segundo<\/i> <i>grado<\/i>.<\/span><\/p>\n<p style=\"text-align:justify;\"><span style=\"color:#000000;\">Es una <b>patolog\u00eda claramente de la imagen<\/b>.<\/span><\/p>\n<p style=\"text-align:justify;\">\n<p style=\"text-align:justify;\"><span style=\"color:#000000;\">-Histeria colectiva ( Bernheim): <b>Virtualidad inconsciente<\/b> com\u00fan a la raza humana. <b>Tr\u00e9bol Rojo. <\/b>(C\u00e9lulas espejo: Rigorazzi)<\/span><\/p>\n<p style=\"text-align:justify;\"><span style=\"color:#000000;\"><b>-Estructura de<\/b> <b>conciencia alterada<\/b> (Pierre Janet): Aptitud para vivir intensamente las im\u00e1genes e hipnotizarse por ellas, idea fija, s\u00edmil de manifestaci\u00f3n del automatismo psicol\u00f3gico. Su fuerza viene de la represi\u00f3n , del no-consciente de los sentimientos, deseos, temores que expresan la represi\u00f3n de recuerdos (Freud); traumatismo sexual infantil, fijaci\u00f3n y regresi\u00f3n a la fase edipiana \u00f3 genital, angustia de la culpabilidad sexual, castraci\u00f3n, complejos incestuosos&#8230;, el hist\u00e9rico se defiende de ello a trav\u00e9s de la conversi\u00f3n al plano som\u00e1tico del <b>conflicto no-consciente<\/b> .<\/span><\/p>\n<p style=\"text-align:justify;\">\n<p style=\"text-align:justify;\"><span style=\"color:#000000;\">Esencias Florales en general, que nos hacen recordar todos estos s\u00edntomas:<\/span><\/p>\n<p style=\"text-align:justify;\">\n<p style=\"text-align:justify;\"><span style=\"color:#000000;\"><b>Rescue Remedy<\/b> (todos sistemas), <b>Agrimony<\/b>, con sus negativas a ver y a sentir. <b>Clematis,<\/b> y sus estar en las nubes, sin aterrizar, sin encarnarse. <b>Chesnut bud,<\/b> que no est\u00e1 en el presente, tal vez por estar con prisas, \u00f3 con melancol\u00edas, \u00f3 con falta de energ\u00eda, de modo que dificulta el aprendizaje constante del involucrarse en la experiencia. <b>Vervain<\/b>, la reina del mundo de las ideas, quiere convencer desde su entusiasmo, y creyendo tener la raz\u00f3n, se apasiona. Vine, mucho m\u00e1s apasionado, cree que no solo tiene la raz\u00f3n sino que se la va a quitar al que tenga en frente; no tiene conciencia de su lado m\u00e1s oscuro y perturbado, no sabe \u201csi mata \u00f3 espanta\u201d. <b>Walnut,<\/b> y los \u201ccortes\u201d, en la vivencia del interior respecto de lo exterior, como afecta esto, estructuras debilitadas, que hacen que los \u201cfiltros\u201d energ\u00e9ticos, se inmiscuyan en nuestras ideas como, si estas no tuvieran la consistencia \u00f3 el valor suficiente; nos podemos desviar de nuestro camino. <b>Star B<\/b>, \u00f3 el shock, trauma, impacto, y su graves consecuencias, nos quedamos \u201cpartidos\/divididos\u201d, har\u00e1 de reestructurador y reconfortador del Alma. <b>Mustard, <\/b>la flor de la alegr\u00eda genuina, tras haber observado, sentido, experimentado, aquellas facetas de nuestro interior m\u00e1s profundas, y cubiertas de alineaci\u00f3n, dolor, fastidio, tristezas muy muy profundas, los miedos muy muy profundos, ancestrales; con la fuerza que nos caracteriza \u201cahora\u201d, hacemos una s\u00edntesis absolutamente amorosa y comprensiva de todo esto y m\u00e1s. <b>\u00a0Rock water<\/b>, para que nuestros patrones, rigideces y miedos, vayan a otros ritmos de revisi\u00f3n global y parcial; aprendiendo a darnos cari\u00f1o, ternura, compasi\u00f3n y comprensi\u00f3n, a tratarnos como si fu\u00e9semos \u201cni\u00f1os\u201d asustados y embutidos en fajas de severidad, seriedad, sobriedad. <b>Gentian, <\/b>aporta a nuestras vidas, el conocimiento de nuestras debilidades ante las contrariedades y vicisitudes; conectando con nuestra \u201cfuerza interna\u201d, que nos acerca directamente a la \u201cconstancia\u201d, la \u201cperseverancia\u201d, haciendonos conocerdores de lo que es la F\u00cb. <b>Sclerantus, <\/b>y sus dudas, sus polaridades, y sus desajustes, a causa de esto; pasar de la risa al llanto, de la seriedad a la juerga; aprendamos a ser congruentes y consecuentes, tras elaborar una buena conciencia. <b>Heather,\u00a0 <\/b>y su ni\u00f1o necesitado, es este y no otro el que llama y llama la atenci\u00f3n, hag\u00e1smosle caso al f\u00edn, y no necesitaremos de tanto p\u00fablico exterior. <b>Chicory<\/b>, y sus manipulaciones \u201cburdas<b>\u201d, <\/b>es un adulto con necesidades por cubrir, por elaborar, y con un ni\u00f1o en su interior, que clama la atenci\u00f3n, los los afectos. <b>Holly, <\/b>que rabia desencadena&#8230;, unas veces expl\u00edcita y otras impl\u00edcita, unas muy agresiva y externa, y otras soterrada, pasiva y vengativa. <b>Pine, <\/b>en cu\u00e1nto una persona cree dejar de pertenecer a&#8230;., su culpabilidad suele exacerbarse, la culpa es un sentir, muy profundo del Alma, se suscita en cu\u00e1nto uno cree que algo hizo mal, y alguien lo castigar\u00e1 con alejamientos \u00f3 algo peor; se puede temer la soledad y el desamparo. <b>Girasol, <\/b>con su arquetipo masculino por equilibrar, la energ\u00eda del padre, de la autoridad, el exceso de orgullo, ya no solo la externa, sino la interna de cada individuo. <b>Mariposa lily<\/b>, tiene todo que ver con las vinculaciones madres\/hijos, y viceversa; todo nos viene de muy atr\u00e1s&#8230;. <b>Pomagas, <\/b>y su trabajo con lo energ\u00e9tico masculino, el padre, autoridad, energ\u00eda sexual, energ\u00eda vital, la vida y la muerte. <b>Papaya, <\/b>lo femenino, desde la madre, el maternaje, la falta, el enriquecimiento, lo vivido y no apreciado, lo no valorado, lo que pas\u00f3 inadvertido; la tierra, y su fuerza, la energ\u00eda de la conservaci\u00f3n personal, y de la especie. <b>Consuelda, <\/b>en la l\u00ednea de Scleranthus, abarcando si hubiese un da\u00f1o neurol\u00f3gico, hacia la coordinaci\u00f3n psicomotora.<b>Consuelda menor, <\/b>en l\u00ednea con Gorse, acercando la conciencia a la gran fuerza interna que fomenta la autocuraci\u00f3n. <b>Almendro,<\/b> y sus miedos a crecer y a envejecer; resistencias. <b>Albaricoque, <\/b>des\u00f3rdenes en las emociones m\u00e1s instintivas. <b>Cerato, <\/b>y su acercamiento a la intuici\u00f3n, sin necesidad de la persistente indagaci\u00f3n en el exterior. <b>Clavel, <\/b>miedo a comunicarse por falta de comprensi\u00f3n en lo que se dice. <b>Trebol Rojo, <\/b>ayudadora en las \u201chisterias colectivas\u201d, no dejarse llevar del \u201caura porosa\u201d, en cuanto a proyecciones y contagios. <b>Hibiscus<\/b>,\u00a0 y<b> <\/b>el contacto con la zona sexual, menos irrigada de energ\u00eda y de sentir. <b>Sticky M<\/b> <b>Flower, <\/b>despierta<b> <\/b>la capacidad de expresar calidez en los sentimientos \u00edntimos, y en las relaciones sexuales. <b>Iris, <\/b>aprendiendo de la creatividad y la fuerza energ\u00e9tica de nuestro interior, que se puede abastecer gracias a la percepci\u00f3n de la belleza exterior. <b>Lotus<\/b>\u00a0 en todos los grupos florales, salvo <b>Lotus del Alba<\/b> con un matiz diferente, como armonizador de la personalidad har\u00e1 rebajar la vibraci\u00f3n eg\u00f3ica. <b>Lavanda, <\/b>para los m\u00e1s inquietos; coordinar mundo material y mundo espiritual. <b>Jazm\u00edn, <\/b>hipocres\u00eda, superficialidad, ayuda al \u201cdespertar\u201d de \u201cotra dimensi\u00f3n\u201d, mejora las relaciones con los fluidos corporales, la asimilaci\u00f3n; conecta con el centro \u201casow tawara\u201d, m\u00e1s cercano del \u201ccoraz\u00f3n\u201d. <b>Manzanilla<\/b>, en los m\u00e1s irritables. <b>Rosa Syria, <\/b>aleja las culpas, y acerca las responsabilidades y los compromisos con uno mismo y con lo que nos rodea. <b>Valeriana, <\/b>aportando tranquilidad<b>. Capuchina, <\/b>aportando claridad, cu\u00e1ndo las ideas est\u00e1n amalgamadas y confusas. <b>Amaranto<\/b>, <b>Todas las esencias \u00c1ureas<\/b>, y sus trabajos de introspecci\u00f3n por niveles(los tres centros del hombre). <b>Romero<\/b>, contacto con el suelo, estar en el \u201ccuerpo\u201d. <b>Fuchsia<\/b>, y su acercamiento directo a las experiencias, sin colocar en el cuerpo, aquello que es del sentimiento y primero de la sensaci\u00f3n. Rudbeckia, y la relaci\u00f3n con la coherencia, y la honestidad; (apuntes del Dr Eduardo Grecco en Terapias Florales y Psico- patolog\u00eda, ed. Continente pag. 175.n\u00ba4-terap\u00e9utica floral) .<\/span><\/p>\n<p style=\"text-align:justify;\">\n<p style=\"text-align:justify;\"><span style=\"color:#000000;\">Margn\u00edficos apoyos tenemos con las Esencias Florales, aunque no olvidemos que no son medicamentos, son pedacitos de conciencia desde la naturaleza m\u00e1s cercana y\u00a0 la m\u00e1s profunda.<\/span><\/p>\n<p style=\"text-align:justify;\">\n<p style=\"text-align:justify;\">\n<p style=\"text-align:justify;\"><span style=\"color:#000000;\">Bibliograf\u00eda:<\/span><\/p>\n<ul style=\"text-align:justify;\">\n<li><span style=\"color:#000000;\">\u00a0 Terapias florales y psicopatolog\u00eda. Eduardo Grecco. Continente.<\/span><\/li>\n<li><span style=\"color:#000000;\">\u00a0 Esencias florales del Mediterr\u00e1neo. B\u00e1rbara Espeche y Pedro Lopez\u00a0 Clemente.Continente.<\/span><\/li>\n<li><span style=\"color:#000000;\">\u00a0 Flores de California. Eduardo Grecco y B\u00e1rbara Espeche. Continente.<\/span><\/li>\n<li><span style=\"color:#000000;\">\u00a0 Esencias Florales Australianas. B\u00e1rbara Espeche y Eduardo Grecco. Continente.<\/span><\/li>\n<li><span style=\"color:#000000;\">\u00a0 Tratado de psiquiatria. Henry Ey. Bernard y otros&#8230;<\/span><\/li>\n<\/ul>\n<p style=\"text-align:justify;\">\n<p style=\"text-align:justify;\">\n","protected":false},"excerpt":{"rendered":"<p>Se caracteriza por la hiperexpresividad som\u00e1tica de ideas, im\u00e1genes y de afectos no conscientes. Freud comienza a llamarlas hist\u00e9rias de conversi\u00f3n.; anomal\u00eda de la personalidad. Est\u00e1n en relaci\u00f3n\u00a0 con la estructura \u00a0no consciente, e imaginaria del personaje hist\u00e9rico y tambi\u00e9n con la fuerza\u00a0 no consciente sobre el plano corporal (conversi\u00f3n som\u00e1tica). Los s\u00edntomas haciendo s\u00edndromes &hellip; <a href=\"https:\/\/crecimientointerior.com\/index.php\/esencias-florales\/articulos-sobre-esencias-florales\/neurosis-histerica-y-las-esencias-florales-en-su-apoyo\/\" class=\"more-link\">Seguir leyendo <span class=\"screen-reader-text\">Neurosis hist\u00e9rica y las Esencias Florales en su apoyo<\/span> <span class=\"meta-nav\">&rarr;<\/span><\/a><\/p>\n","protected":false},"author":1,"featured_media":0,"parent":937,"menu_order":2,"comment_status":"closed","ping_status":"closed","template":"","meta":{"footnotes":""},"class_list":["post-950","page","type-page","status-publish","hentry"],"_links":{"self":[{"href":"https:\/\/crecimientointerior.com\/index.php\/wp-json\/wp\/v2\/pages\/950","targetHints":{"allow":["GET"]}}],"collection":[{"href":"https:\/\/crecimientointerior.com\/index.php\/wp-json\/wp\/v2\/pages"}],"about":[{"href":"https:\/\/crecimientointerior.com\/index.php\/wp-json\/wp\/v2\/types\/page"}],"author":[{"embeddable":true,"href":"https:\/\/crecimientointerior.com\/index.php\/wp-json\/wp\/v2\/users\/1"}],"replies":[{"embeddable":true,"href":"https:\/\/crecimientointerior.com\/index.php\/wp-json\/wp\/v2\/comments?post=950"}],"version-history":[{"count":0,"href":"https:\/\/crecimientointerior.com\/index.php\/wp-json\/wp\/v2\/pages\/950\/revisions"}],"up":[{"embeddable":true,"href":"https:\/\/crecimientointerior.com\/index.php\/wp-json\/wp\/v2\/pages\/937"}],"wp:attachment":[{"href":"https:\/\/crecimientointerior.com\/index.php\/wp-json\/wp\/v2\/media?parent=950"}],"curies":[{"name":"wp","href":"https:\/\/api.w.org\/{rel}","templated":true}]}}