{"id":947,"date":"2015-12-22T12:06:25","date_gmt":"2015-12-22T11:06:25","guid":{"rendered":"http:\/\/crecimientointerior.com\/?page_id=947"},"modified":"2015-12-22T12:06:25","modified_gmt":"2015-12-22T11:06:25","slug":"neurosis-obsesiva-y-apoyos-con-las-esencias-florales","status":"publish","type":"page","link":"https:\/\/crecimientointerior.com\/index.php\/esencias-florales\/articulos-sobre-esencias-florales\/neurosis-obsesiva-y-apoyos-con-las-esencias-florales\/","title":{"rendered":"Neurosis obsesiva y apoyos con las Esencias Florales"},"content":{"rendered":"<p><span style=\"color:#000000;\">Referencia a autores: P Janet, S Freud, Morel, Magnan, Pitres, Regis.<\/span><\/p>\n<p style=\"text-align:justify;\"><span style=\"color:#000000;\">Se caracteriza por <b>intrusismo<\/b> en el pensamiento del individuo: palabras, conceptos, actitudes, im\u00e1genes \/ ideas: dudas, votos, temores, deseos, prohibiciones, preceptos&#8230;.<b>White chestnut<\/b>, Menta, p.ej\u2026<!--more--><\/span><\/p>\n<p style=\"text-align:justify;\"><span style=\"color:#000000;\">Oscilaci\u00f3n intelectual, man\u00edas, presagios, man\u00edas de perfecci\u00f3n, de verificaci\u00f3n y del m\u00e1s all\u00e1, man\u00edas de simetr\u00eda, de interrogaci\u00f3n&#8230;.Man\u00edas por el orden y la meticulosidad, <b>Crab apple<\/b>, Heather, Beech, Walnut, Trebol rojo, Scleranthus.<\/span><\/p>\n<blockquote>\n<h4><span style=\"color:#000000;\">Escrupulosos, ardiente moralidad, reparaci\u00f3n, purificaci\u00f3n. Ejecutar cifras \u00f3\u00a0palabras sin cometer errores ni omisiones, aritmoman\u00eda &#8211; J Laplanche.<\/span><\/h4>\n<\/blockquote>\n<p style=\"text-align:justify;\"><span style=\"color:#000000;\">Tendencia a la repetici\u00f3n, <b>White Chestnut, Chestnut Bud<\/b>. Palabras, im\u00e1genes, ideas&#8230;el individuo lucha contra la intrusi\u00f3n de pensamientos, (<b>parasitismo<\/b> mental incohercible, H. Ey)\u00a0 se siente responsable en cuanto a su propia tendencia, se martiriza, se fuerza, se contiene, <b>Rock Water, Oak, Pine<\/b>. Rechaza lo que le atrae y se abandona a lo que teme: juego compulsivo, <b>Cherry Plum<\/b>\u00a1!. El individuo tiene hambre de acciones contenidas (cargadas de agresividad contra uno mismo \u00f3 contra los dem\u00e1s y como <b>no se deben hacer<\/b> es por eso que se siente <b>la obligaci\u00f3n<\/b> de realizarlo. Su queja ser\u00e1: \u201cno puedo contenerme\u201d&#8230;Cherry plum. Sclerantus. Suelen instalarse en estados referentes al <b>6\u00ba Grupo de Bach<\/b>: los que sufren por abatimiento y desesperaci\u00f3n: \u201cse retroflectan\u201d. La energ\u00eda est\u00e1 alta, sube y emerge, solo que finalmente no hay suficiente como para \u201cdarle salida\u201d de modo satisfactorio.<\/span><\/p>\n<p style=\"text-align:justify;\"><span style=\"color:#000000;\">La cleptoman\u00eda y el exhibicionismo son ejemplos de ese <b>paso a la acci\u00f3n<\/b> de naturaleza obsesiva.<\/span><\/p>\n<p style=\"text-align:justify;\"><span style=\"color:#000000;\">El obsesivo persigue el fantasma de dar y retener al mismo tiempo. No empuja el <b>acto<\/b>: lo <b>compulsa<\/b> en la sucesi\u00f3n r\u00e1pida y r\u00edtmica de movimientos opuestos, que traducen la incapacidad de resolver su propia contradicci\u00f3n. Tensi\u00f3n entre el yo y el SUPER-YO cruel(J. Laplanche). Relaci\u00f3n sado-masoquista. <i>Uno se puede hacer cargo de que no haya, pero si no deja de haber mucho mejor<\/i>, <i>doble juego en perder\/ganar, tener\/vac\u00edo.<\/i><\/span><\/p>\n<p style=\"text-align:justify;\"><span style=\"color:#000000;\">Ante su problema insalubre, el individuo encuentra una soluci\u00f3n de <b>compromiso, <\/b>que constituye el sentido de su neurosis; establece una especial forma de <b>relaci\u00f3n m\u00e1gica<\/b> con el mundo. Este universo que tiene tales contradicciones es hostil y como no lo puede vencer, le hace un \u201cconjuro\u201d. Har\u00e1 que las conductas obsesivas se liguen a una unidad profunda, de la mistificaci\u00f3n de si mismo, ceremonial, liturgia de actos que se ordenan en relaci\u00f3n a los valores, tab\u00faes, en una serie de obligaciones, ritualizaciones, prohibiciones y reglamentaciones sagradas. Su vida se puede llenar de conductas r\u00edgidas y tir\u00e1nicas\u00a0 a las que el individuo se somete con cierta alegr\u00eda de no ser libre, de ser <b>exclavo<\/b> de su implacable mecanismo interior, <b>Centaury<\/b>.<\/span><\/p>\n<p style=\"text-align:justify;\"><span style=\"color:#000000;\">Obsesiones t\u00edpicas:<\/span><\/p>\n<p style=\"text-align:justify;\"><span style=\"color:#000000;\">-Locura de la duda (delirio de contacto) incapaces de tocar: pomos de puertas, muebles, animales, personas&#8230;viven con el terror a los microbios. <b>Falta la certidumbre de la limpieza<\/b>, Crab apple, Cerato, M\u00edmulus,Aloe&#8230;.<\/span><\/p>\n<p style=\"text-align:justify;\"><span style=\"color:#000000;\">-Obsesi\u00f3n-impulsi\u00f3n de actos criminales(suicidio, homicidio, atentados a la moral, piroman\u00eda&#8230;.), deseo \u2013 temido. Cherry Plum, Purple Monkey Flower<\/span><\/p>\n<p style=\"text-align:justify;\"><span style=\"color:#000000;\">Se atormenta con el \u201ccastigo merecido\u201d. Pine, White chestnut, Cherry plum.<\/span><\/p>\n<p style=\"text-align:justify;\"><span style=\"color:#000000;\">-Onomatoman\u00eda, cuenta, suma, divide, multiplica hasta el infinito; fragmentando hasta la nada todas las posibles formas de sus actos en el tiempo y en el espacio. White chestnut, Mapurite, Menta, Ruda, Wild oat, Rosa Syria&#8230;<\/span><\/p>\n<p style=\"text-align:justify;\"><span style=\"color:#000000;\">En el plano afectivo se identifica con sentimientos <b>depresivos<\/b> (debilidad ps\u00edquica) escr\u00fapulos, dudas, influenciabilidad, falta de realidad, extra\u00f1eza, fatiga, confusi\u00f3n, laxitud&#8230;..Sclerantus, Mustard, Gentian, Gorse, Aloe, <b>Walnut.<\/b>..Dif\u00edcil adaptaci\u00f3n social, les cuesta ejecutar actos dif\u00edciles, eficacia y precisi\u00f3n en sus conductas lo conseguir\u00e1n en contadas ocasiones.<\/span><\/p>\n<p style=\"text-align:justify;\"><span style=\"color:#000000;\">Malva, Violeta pensamiento, Consuelda, Larch, Scleranthus, Bot\u00f3n de Oro, Algod\u00f3n, Algod\u00f3n de\u00a0 Seda, gran falta de confianza, ausencia de decisi\u00f3n, falta de atenci\u00f3n, sin conexi\u00f3n con el presente, Clematis, Capuchina, Cerato,\u00a0 Honeysucle, Mustard, Impatiens, Petunia, &#8230;son s\u00edntomas psicast\u00e9nicos (detr\u00e1s de la obsesi\u00f3n), pulsiones sado-masoquistas basadas en una forma patol\u00f3gica de organizaci\u00f3n del Yo. Son ab\u00falicos, fatigados y desorientados, Wild rose, Hornbean, Clematis, Olive, Chestnut bud, Wild oat&#8230;se martirizan con cierto goce, Vine, Cherry plum.. (etapa anal del ni\u00f1o\/a).<\/span><\/p>\n<p style=\"text-align:justify;\"><span style=\"color:#000000;\">Automatismo psicol\u00f3gico, a causa de un bajo nivel por tensi\u00f3n mental y debilidad psicol\u00f3gica. En algunos casos agitaciones psicomotrices (tics, acciones estereotipadas, gestos conjurativos&#8230;) White chestnut, Cherry plum, Mapurite, Menta, Ruda,\u2026En otros agitaciones ideo-verbales (rumiaci\u00f3n, mentismo, letan\u00edas, jaculatorias&#8230;White chestnut, Menta, Ruda, Mapurite, Cosmos, Cal\u00e9ndula&#8230;<\/span><\/p>\n<p style=\"text-align:justify;\"><span style=\"color:#000000;\">Seg\u00fan Kretschmer, puede ser considerado como un esquizoide en el m\u00e1s amplio sentido de la palabra.<\/span><\/p>\n<p style=\"text-align:justify;\"><span style=\"color:#000000;\">Rasgos cl\u00e1sicos:<\/span><\/p>\n<p style=\"text-align:justify;\"><span style=\"color:#000000;\">-Tendencia a los escr\u00fapulos, abulia, duda, Sclerantus, w. Oat&#8230;.Almendro&#8230;<\/span><\/p>\n<p style=\"text-align:justify;\"><span style=\"color:#000000;\">-Tendencia a las crisis morales de conciencia(primera comuni\u00f3n, pubertad) Pine, manzanita, lavanda, lotus&#8230;Manzanilla&#8230;.<\/span><\/p>\n<p style=\"text-align:justify;\"><span style=\"color:#000000;\">-Timidez e inhibici\u00f3n en contactos sociales, Mimulus, Malva, Violeta pens&#8230;.Manzanilla&#8230;<\/span><\/p>\n<p style=\"text-align:justify;\"><span style=\"color:#000000;\">-Tendencia a la introspecci\u00f3n y al autoan\u00e1lisis de la vida interior, Haether, Chesnud bud, Clematis, White Chesnut, Mapurite, &#8230;<\/span><\/p>\n<p style=\"text-align:justify;\"><span style=\"color:#000000;\">-Trastornos de la sexualidad, Alpine Lily, M. Lily, Manzanita , Lavanda, Albahaca, Papaya, Pomagas, Hibiscus, Sticky M Flower&#8230;&#8230;<\/span><\/p>\n<p style=\"text-align:justify;\"><span style=\"color:#000000;\">-Los estigmas psicomotrices(tartamudeo, tics, s\u00edndrome de debilidad motora de Dupr\u00e9), Consuelda, Consuelda menor, Holly, Petunia, Cherry plum, White Chestnut, \u00c1rnica&#8230;.<\/span><\/p>\n<p style=\"text-align:justify;\"><span style=\"color:#000000;\">Reaccionan\u00a0 con temores, moralidad extrema (que no \u00e9tica interna), c\u00f3lera, labilidad emocional, \u00f3 nerviosismo moh\u00edno, Mimulus, W chesnut, Sabilo Aloe Vera, Manzanilla, Jazm\u00edn, Ch\u00edcory&#8230;<\/span><\/p>\n<p style=\"text-align:justify;\"><span style=\"color:#000000;\">Estrictos y avaros(angustia de separaci\u00f3n, coleccionismo, obstinaci\u00f3n&#8230;), Beech, Vine, Rock Water, Ch\u00edcory, Trillium, Tigre Lily, Dama de Noche <a style=\"color:#000000;\" title=\"\" href=\"\/!%20WEB%20CRECIMIENTO%20INTERIOR\/Cambios%202013_03_01\/TerapiaFloralNeurosisObsesiva.doc#_ftn1\">[1]<\/a>n\u00ba 8, Cal\u00e9ndula, Dama de Noche n\u00ba 5, Dama de Noche n\u00ba 2&#8230;.Almendro&#8230;.<\/span><\/p>\n<p style=\"text-align:justify;\"><span style=\"color:#000000;\">Parece seg\u00fan autores, que hay un gran componente HIST\u00cbRICO dentro del car\u00e1cter obsesivo.<\/span><\/p>\n<p style=\"text-align:justify;\"><span style=\"color:#000000;\">Podr\u00edan hacer multitud de somatizaciones(enfermedades autoinmunes, circulatorias, algias, cerebrales&#8230;)<\/span><\/p>\n<p style=\"text-align:justify;\"><span style=\"color:#000000;\">En general hay diversidad de Esencias Florales que ayudan en el proceso \u00f3 procesos de reconversi\u00f3n, reestructuraci\u00f3n del car\u00e1cter y actitud ante la vida en las neurosis obsesivas:<\/span><\/p>\n<p style=\"text-align:justify;\"><span style=\"color:#000000;\">&#8211;<b>Esencias del Dr Bach<\/b>: Beech, Walnut, Crab apple, Ch\u00edcory, Haether, Chestnud bud, Clematis, Cerato, Cherry plum, Holly, Larch, Pine, Rock water, Oak, White chestnut, Sclerantus, Wild Oat, Wild \u00a0Rose, Olive, Mustard, Gorse, Gentian, Vine, Mimulus.<\/span><\/p>\n<p style=\"text-align:justify;\"><span style=\"color:#000000;\">&#8211;<b>Esencias del Mediterr\u00e1neo<\/b>: Arnica, Romero, Eneldo, Epilobio, Consuelda, C. Menor, Nomeolvides, Manzanilla, Menta, Lavanda, Lotus, Lirio, Lila, Almendro, Albaricoque, Algod\u00f3n, Bot\u00f3n oro, Verbasco, Rudbeckia, Copa \u00e1ngeles, Borraja, Don Diego de D\u00eda, Girasol, Zinnia, Ajo Salvaje, Espino blanco, Trebol Rojo, Agave, Capuchina, Diente de Le\u00f3n, Cosmos, Malva, Zanahoria, Zarzamora, Albahaca, Rosa Syria(para cortar el patr\u00f3n), Amapola,Victoria Regia.<\/span><\/p>\n<p style=\"text-align:justify;\"><span style=\"color:#000000;\">&#8211;<b>Esencias \u00c1ureas<\/b>. Algod\u00f3n Seda, Alhel\u00ed, Ave del Pera\u00edso, Croto, Papaya, Pomagas, Mapurite, Rosa de monta\u00f1a, Lotus, Azahar, Sam\u00e1n., Rosa n\u00ba 4, Rosa n\u00ba 5, Rosa n\u00ba 6, Rosa n\u00ba 9., Dama n\u00ba 2, Dama n\u00ba5, Dama n\u00ba 8.<\/span><\/p>\n<p style=\"text-align:justify;\"><span style=\"color:#000000;\">&#8211;<b>Esencias de California<\/b>: Sagebrus, Hound\u00b4sTongue, F\u00edlaree, Fairy Lantern, Fucsia, Nasturtium, Chaparral, Larkspur, Mullein, Scotch broom, Tansy, Cayena, Hibiscus, Pomegranate, Lavander, Manzanita, Corn, Lotus, Dill, Pink M. Flower, Swet pea, Indian Pink, Cal\u00e9ndula Cosmos, Rose Mary,\u00a0 California popy, Star Thistle, Canyon Dudleya, Trumpet Vine, Indian paintbrush, Blackberry, California Wild Rose, Borrage, Bleeding Heart, Sunflower, Quaking Grass, Oregon Grape, Violet, Tiger Lily, Trillium.<\/span><\/p>\n<p style=\"text-align:justify;\"><span style=\"color:#000000;\">&#8211;<b>Esencias Australianas<\/b> (grupo unicista de Bush): Old Man Banksia, Sturt desert rose, Bottlebrush, <b>Boronia, Crowea, Dagger Hakea<\/b>, Mountain Devil, Silver Princes, Sunshine Wattle, Red Suva Frangipani, Peach Flowered Tea-Tree, <b>Billy Goat Plum<\/b>, <b>Bauhinia, Dog Rose, Wild Potato<\/b> <b>Bush,<\/b> Bush Iris, Red Helmet, Rough Bluebell.<\/span><\/p>\n<p style=\"text-align:justify;\"><span style=\"color:#000000;\">-Tambi\u00e9n las Orquideas dan buenos resultados, aunque Eduardo Grecco, prefiere utilizarlas en <b>las hist\u00e9rias.<\/b><\/span><\/p>\n<p style=\"text-align:justify;\"><span style=\"color:#000000;\"><b>-En Orqu\u00eddeas:<\/b><b><\/b><\/span><\/p>\n<p style=\"text-align:justify;\"><span style=\"color:#000000;\">O. Deva, O. Chocolate, O. Canal, O. Angel, O. Coraz\u00f3n, O.Alegr\u00eda, O. Amor, O. Coordinaci\u00f3n, O. Victoria Regia. Entre otras&#8230;<\/span><\/p>\n<p style=\"text-align:justify;\"><span style=\"color:#000000;\">Todas \u00e9llas y mucho m\u00e1s, dar\u00e1n como para seguir investigando y profundizando para el bienestar personal y social. Podremos verlo en otro momento, es largo y complicado el proceso de cada ser humano, verdad?<\/span><\/p>\n<p style=\"text-align:justify;\"><span style=\"color:#000000;\">Las Esencias Florales, nos hablan todo el tiempo entre otras cosas, de c\u00f3mo ir colocando palabras a nuestros desajustes y desgastes, a nuestras formas de pensar, de sentir y de actuar. Podemos solucionar nuestros problemas, solo hemos de darnos cuenta de cuales son.<\/span><\/p>\n<p align=\"center\"><span style=\"color:#000000;\">BIBLIOGRAF\u00cdA<\/span><\/p>\n<p><span style=\"color:#000000;\">-Terapias florales y psicopatolog\u00eda. Eduardo Grecco. Continente.<\/span><\/p>\n<p><span style=\"color:#000000;\">-Esencias florales del Mediterr\u00e1neo. B\u00e1rbara Espeche y Pedro Lopez\u00a0 Clemente.Continente.<\/span><\/p>\n<p><span style=\"color:#000000;\">-Flores de California. Eduardo Grecco y B\u00e1rbara Espeche. Continente.<\/span><\/p>\n<p><span style=\"color:#000000;\">-Esencias Florales Australianas. B\u00e1rbara Espeche y Eduardo Grecco. Continente.<\/span><\/p>\n<p><span style=\"color:#000000;\">-Tratado de psiquiatria. Henry Ey. Bernard y otros&#8230;<\/span><\/p>\n<p><span style=\"color:#000000;\">-Trastornos de la personalidad m\u00e1s all\u00e1 del D.S.M-IV de Theodore Millon.<\/span><\/p>\n<hr align=\"left\" size=\"1\" width=\"33%\" \/>\n<div>\n<p style=\"text-align:justify;\"><span style=\"color:#000000;\"><a style=\"color:#000000;\" title=\"\" href=\"\/!%20WEB%20CRECIMIENTO%20INTERIOR\/Cambios%202013_03_01\/TerapiaFloralNeurosisObsesiva.doc#_ftnref1\">[1]<\/a> Las Damas de Noche o Damas \u00c1ureas, son elixires elaborados por P.L.C, Floralba, que su trabajo consiste en abordar los patrones psicol\u00f3gicos basados en la nomenclatura simb\u00f3lica de los pecados capitales. Teniendo en cuenta que cada pecado se le asocia a otros dos, que hacen de simiente del mismo conflicto, pej: Dama n\u00ba2, Dama n\u00ba5, Dama n\u00ba8, nos hablan de la discapacidad del individuo a la hora de ser conocedor de sus miedos profundos y sus mecanismos de defensa: <b>Codicia-Impaciencia-Lujuria<\/b>. Tres aspectos del mismo patr\u00f3n: <b><span style=\"text-decoration:underline;\">miedo a no tener<\/span><\/b>.<\/span><\/p>\n<\/div>\n","protected":false},"excerpt":{"rendered":"<p>Referencia a autores: P Janet, S Freud, Morel, Magnan, Pitres, Regis. Se caracteriza por intrusismo en el pensamiento del individuo: palabras, conceptos, actitudes, im\u00e1genes \/ ideas: dudas, votos, temores, deseos, prohibiciones, preceptos&#8230;.White chestnut, Menta, p.ej\u2026<\/p>\n","protected":false},"author":1,"featured_media":0,"parent":937,"menu_order":1,"comment_status":"closed","ping_status":"closed","template":"","meta":{"footnotes":""},"class_list":["post-947","page","type-page","status-publish","hentry"],"_links":{"self":[{"href":"https:\/\/crecimientointerior.com\/index.php\/wp-json\/wp\/v2\/pages\/947","targetHints":{"allow":["GET"]}}],"collection":[{"href":"https:\/\/crecimientointerior.com\/index.php\/wp-json\/wp\/v2\/pages"}],"about":[{"href":"https:\/\/crecimientointerior.com\/index.php\/wp-json\/wp\/v2\/types\/page"}],"author":[{"embeddable":true,"href":"https:\/\/crecimientointerior.com\/index.php\/wp-json\/wp\/v2\/users\/1"}],"replies":[{"embeddable":true,"href":"https:\/\/crecimientointerior.com\/index.php\/wp-json\/wp\/v2\/comments?post=947"}],"version-history":[{"count":0,"href":"https:\/\/crecimientointerior.com\/index.php\/wp-json\/wp\/v2\/pages\/947\/revisions"}],"up":[{"embeddable":true,"href":"https:\/\/crecimientointerior.com\/index.php\/wp-json\/wp\/v2\/pages\/937"}],"wp:attachment":[{"href":"https:\/\/crecimientointerior.com\/index.php\/wp-json\/wp\/v2\/media?parent=947"}],"curies":[{"name":"wp","href":"https:\/\/api.w.org\/{rel}","templated":true}]}}