{"id":939,"date":"2015-12-22T11:56:33","date_gmt":"2015-12-22T10:56:33","guid":{"rendered":"http:\/\/crecimientointerior.com\/?page_id=939"},"modified":"2015-12-22T11:56:33","modified_gmt":"2015-12-22T10:56:33","slug":"terapia-gestalt-y-filosofia-de-vida","status":"publish","type":"page","link":"https:\/\/crecimientointerior.com\/index.php\/gestalt\/articulos-sobre-gestalt\/terapia-gestalt-y-filosofia-de-vida\/","title":{"rendered":"Terapia Gestalt y filosof\u00eda de vida"},"content":{"rendered":"<p style=\"text-align:justify;\"><span style=\"color:#000000;\">LA GESTALT, es una t\u00e9cnica psicol\u00f3gica surgida en la d\u00e9cada de los 50 como una filosof\u00eda de vida. Sus creadores son Fritz Perls (psiquiatra alem\u00e1n afincado en Estados Unidos), Laura Perls y Paul Goodman.<\/span><\/p>\n<p style=\"text-align:justify;\"><span style=\"color:#000000;\">Es una forma de trabajar dentro de la psicoterapia que se caracteriza por la importancia que el terapeuta le otorga a la sensaci\u00f3n, sentimiento, emoci\u00f3n y pensamiento que el paciente y <!--more-->el mismo est\u00e1n teniendo en este momento, <b>aqu\u00ed y ahora<\/b>. Puede llevarse a cabo en sesi\u00f3n individual, de pareja y de grupo.<\/span><\/p>\n<p style=\"text-align:justify;\"><span style=\"color:#000000;\">Aqu\u00ed, el terapeuta <b>acompa\u00f1a<\/b> al paciente en un proceso de amplificaci\u00f3n de conciencia, a trav\u00e9s de la relaci\u00f3n entre ambos, que le lleva a darse cuenta de su manera de relacionarse consigo mismo y con su entorno. El paciente va tomando cada vez m\u00e1s conciencia, a lo largo del proceso, de s\u00ed mismo y de lo que necesita al mismo tiempo que va descubriendo los mecanismos con los que se impide satisfacerse. Es a esta dificultad de la persona en obtener lo que necesita a la que <b>llamamos neurosis<\/b>. Tambi\u00e9n abordaremos aquellos rasgos narcisistas que tanto impiden ver con perspectiva saludable, la vida y a nosotr@s mism@s.<\/span><\/p>\n<p style=\"text-align:justify;\"><span style=\"color:#000000;\">S\u00f3lo d\u00e1ndonos cuenta de <b>nuestras interrupciones<\/b>, tomando conciencia de nuestros recursos presentes y nuestra realidad actual, podremos encauzar nuestra energ\u00eda para superar los obst\u00e1culos y reorientar nuestra perspectiva ante las dificultades que se nos presenten para conseguir la plenitud de ser nosotros mismos en cada aqu\u00ed y ahora. Sesiones de una hora: apertura, v\u00ednculos, procesos, cortos o largos, siempre <b>consensuado entre ambas partes<\/b>. Al inicio del contrato verbal, consensuaremos cliente-paciente y terap\u00e9uta, el horario, la frecuencia, el precio, los cambios de citas y el cierre-despedida. Tambi\u00e9n se elaborar\u00e1n procesos en grupo si as\u00ed lo requieren los interesados, en pareja, procesos sobre \u201cel cuerpo\u201d, s\u00edntomas org\u00e1nicos, constelaciones de enfermedades, constelaciones sobre las relaciones laborales, sobre el dinero, y etc\u2026<\/span><\/p>\n<p align=\"center\"><span style=\"color:#000000;\"><b><i>\u00a0<\/i><\/b><\/span><\/p>\n","protected":false},"excerpt":{"rendered":"<p>LA GESTALT, es una t\u00e9cnica psicol\u00f3gica surgida en la d\u00e9cada de los 50 como una filosof\u00eda de vida. Sus creadores son Fritz Perls (psiquiatra alem\u00e1n afincado en Estados Unidos), Laura Perls y Paul Goodman. Es una forma de trabajar dentro de la psicoterapia que se caracteriza por la importancia que el terapeuta le otorga a &hellip; <a href=\"https:\/\/crecimientointerior.com\/index.php\/gestalt\/articulos-sobre-gestalt\/terapia-gestalt-y-filosofia-de-vida\/\" class=\"more-link\">Seguir leyendo <span class=\"screen-reader-text\">Terapia Gestalt y filosof\u00eda de vida<\/span> <span class=\"meta-nav\">&rarr;<\/span><\/a><\/p>\n","protected":false},"author":1,"featured_media":0,"parent":935,"menu_order":1,"comment_status":"closed","ping_status":"closed","template":"","meta":{"footnotes":""},"class_list":["post-939","page","type-page","status-publish","hentry"],"_links":{"self":[{"href":"https:\/\/crecimientointerior.com\/index.php\/wp-json\/wp\/v2\/pages\/939","targetHints":{"allow":["GET"]}}],"collection":[{"href":"https:\/\/crecimientointerior.com\/index.php\/wp-json\/wp\/v2\/pages"}],"about":[{"href":"https:\/\/crecimientointerior.com\/index.php\/wp-json\/wp\/v2\/types\/page"}],"author":[{"embeddable":true,"href":"https:\/\/crecimientointerior.com\/index.php\/wp-json\/wp\/v2\/users\/1"}],"replies":[{"embeddable":true,"href":"https:\/\/crecimientointerior.com\/index.php\/wp-json\/wp\/v2\/comments?post=939"}],"version-history":[{"count":0,"href":"https:\/\/crecimientointerior.com\/index.php\/wp-json\/wp\/v2\/pages\/939\/revisions"}],"up":[{"embeddable":true,"href":"https:\/\/crecimientointerior.com\/index.php\/wp-json\/wp\/v2\/pages\/935"}],"wp:attachment":[{"href":"https:\/\/crecimientointerior.com\/index.php\/wp-json\/wp\/v2\/media?parent=939"}],"curies":[{"name":"wp","href":"https:\/\/api.w.org\/{rel}","templated":true}]}}