{"id":933,"date":"2015-12-22T11:51:00","date_gmt":"2015-12-22T10:51:00","guid":{"rendered":"http:\/\/crecimientointerior.com\/?page_id=933"},"modified":"2015-12-22T11:51:00","modified_gmt":"2015-12-22T10:51:00","slug":"aureas-alquimia-introduccion","status":"publish","type":"page","link":"https:\/\/crecimientointerior.com\/index.php\/esencias-florales\/aureas-alquimia-introduccion\/","title":{"rendered":"\u00c1ureas. Alquimia &#8211; Introducci\u00f3n"},"content":{"rendered":"<p align=\"center\"><span style=\"color:#000000;\"><strong>Entremos a funcionar y pensar desde los s\u00edmbolos, est\u00e1 bi\u00e9n lo asociativo y no lo inamovible<\/strong><\/span><\/p>\n<p align=\"justify\"><span style=\"color:#000000;\"><strong><span style=\"text-decoration:underline;\">Las Esencias \u00c1UREAS:<\/span><\/strong><\/span><\/p>\n<p align=\"justify\"><span style=\"color:#000000;\">Cambio de MENTE = METANOIA. Solo en traducciones Griegas se encuentran los textos METANOICOS. Para el alquimista de la personalidad no habr\u00e1 cambio, hasta la vista del VITRIOL (el interior de la tierra), solo rectificando en nuestro interior, se hallar\u00e1 la PIEDRA OCULTA(piedra flilosofal).<\/span><\/p>\n<p align=\"justify\"><span style=\"color:#000000;\"><strong>Tienen tres niveles de trabajo y estructuraci\u00f3n.<!--more--><br \/>\n1\u00ba Las FLORES del ALBA. Re-estructuraci\u00f3n<br \/>\n2\u00ba Las DAMAS de NOCHE. Los \u201cdefectos psicol\u00f3gicos\u201d. Potenciar lo Esencial.<br \/>\n3\u00ba Lasa ROSAS de P\u00cbRCIVAL. Re-generaci\u00f3n, de pasado, presente, y formaci\u00f3n de futuro. INTEGRACI\u00d3N y CO-CREACI\u00d3N.<\/strong><\/span><\/p>\n<p align=\"justify\"><span style=\"color:#000000;\">CATAB\u00d3LICO, SENSORIAL, ANAB\u00d3LICO. Lo spag\u00edrico, la separaci\u00f3n, y la intergraci\u00f3n.<\/span><\/p>\n<table style=\"border:#000000 1px solid;\" border=\"1\" width=\"100%\">\n<tbody>\n<tr>\n<td><span style=\"color:#000000;\">\u2022 <span style=\"font-family:TimesNewRoman;\">F\u00cdSICO: Sal, deseos, sistema linf\u00e1tico, la OBRA. La MECANICIDAD.<\/span><\/span><\/td>\n<\/tr>\n<\/tbody>\n<\/table>\n<table style=\"border:#000000 1px solid;\" border=\"1\" width=\"100%\">\n<tbody>\n<tr>\n<td><span style=\"color:#000000;\">\u2022 MENTAL: Sentimientos, emocionalidad, fuerza interior, sistema circulatorio \/ sangu\u00edneo. La PALABRA.<\/span><\/td>\n<\/tr>\n<\/tbody>\n<\/table>\n<table style=\"border:#000000 1px solid;\" border=\"1\" width=\"100%\">\n<tbody>\n<tr>\n<td><span style=\"color:#000000;\">\u2022 ESP\u00cdRITU: Azufre, Sistema nervioso, Mental superior, El PENSAMIENTO.<\/span><\/td>\n<\/tr>\n<\/tbody>\n<\/table>\n<p style=\"text-align:justify;\"><span style=\"color:#000000;\"><strong>Relaci\u00f3n con el Cuerpo: Las Flores del ALBA: lo poco conocido.<br \/>\n<\/strong>Algod\u00f3n de seda \u2013 calotropis procera: la energ\u00eda, la vida; Alhel\u00ed \u2013 mel\u00eda azederach: lo profundo, el inter\u00e9s; Ave del paraiso \u2013 strelitzia reginae: las dualidades; Azahar \u2013 citrus sinensis: el NOconsciente; Croto \u2013 codiaeum variegatum; Lotus \u2013 nelumbo nucifera: egoMental; Mapurite \u2013 fagara chiloperohe: p\u00e1nico en el cuerpo; Papaya \u2013 carica papaya: nutrici\u00f3n, afectos, tierra; Pomagas \u2013 ayzygium malc\u00e1sense: direccionalidad, sexo; Rosa de monta\u00f1a \u2013 brownea macrophylla: procesos de transformaci\u00f3n; Sam\u00e1n \u2013 pithecellobium sam\u00e1n: lo genu\u00edno de s\u00ed mismo.<\/span><\/p>\n<table style=\"border:#000000 1px solid;\" border=\"1\" width=\"100%\">\n<tbody>\n<tr>\n<td>\n<p align=\"justify\"><span style=\"color:#000000;\">El AZUFRE, es grasoso y adherente, el principio activo, Origen del Conflicto.<\/span><br \/>\n<span style=\"color:#000000;\"> FUEGO. La Voluntad Divina. Fuerza Neutralizante.<\/span><br \/>\n<span style=\"color:#000000;\"> Temperamento y personalidad.<\/span><\/p>\n<\/td>\n<\/tr>\n<\/tbody>\n<\/table>\n<table style=\"border:#000000 1px solid;\" border=\"1\" width=\"100%\">\n<tbody>\n<tr>\n<td>\n<p align=\"justify\"><span style=\"color:#000000;\">El MERCURIO, lo an\u00edmico y sutil, Manifestaci\u00f3n del Conflicto.<\/span><br \/>\n<span style=\"color:#000000;\"> La vida en estado puro. Fuerza Pasiva.<\/span><\/p>\n<\/td>\n<\/tr>\n<\/tbody>\n<\/table>\n<table style=\"border:#000000 1px solid;\" border=\"1\" width=\"100%\">\n<tbody>\n<tr>\n<td><span style=\"font-family:TimesNewRoman;color:#000000;\"><span style=\"font-family:TimesNewRoman;\"><br \/>\n<\/span><\/span><\/p>\n<p align=\"left\"><span style=\"color:#000000;\">La SAL, disuelve lo s\u00f3lido y d\u00e1 consistencia. Nutrici\u00f3n del Conflicto.<\/span><br \/>\n<span style=\"color:#000000;\"> Es de la tierra, est\u00e1 en el CUERPO. Fuerza Activa.<\/span><br \/>\n<span style=\"color:#000000;\"> Proteje a las mezclas de la putrefacci\u00f3n.<\/span><\/p>\n<\/td>\n<\/tr>\n<\/tbody>\n<\/table>\n<p align=\"justify\"><span style=\"color:#000000;\">Transici\u00f3n-EL METABOLISMO, METABOLIZAR:<\/span><br \/>\n<span style=\"color:#000000;\"> <strong>Las Damas \u00c1ureas-Damas de Noche. Lo poco revisado,<span style=\"text-decoration:underline;\"> el miedo<\/span> a uno mismo y a<br \/>\nfuera de s\u00ed.<\/strong><\/span><\/p>\n<table style=\"border:#000000 1px solid;\" border=\"1\" width=\"100%\">\n<tbody>\n<tr>\n<td>\n<p align=\"justify\"><span style=\"color:#000000;\">\u2022 CATAB\u00d3LICO: fase destructiva del metabolismo celular; DI\u00c1BOLO \u2013 conjunto de reacciones bioqu\u00edmicas que se transforman las grandes mol\u00e9culas org\u00e1nicas, en peque\u00f1as, liber\u00e1ndose la energ\u00eda almacenada en los enlaces alqu\u00edmicos que se han destruido \u2013 ANALIZAR.<\/span><\/p>\n<\/td>\n<\/tr>\n<\/tbody>\n<\/table>\n<table style=\"border:#000000 1px solid;\" border=\"1\" width=\"100%\">\n<tbody>\n<tr>\n<td>\n<p align=\"justify\"><span style=\"color:#000000;\">\u2022 SENSORIAL: Sistema de parte impresa, que produjo y producen las cosas a trav\u00e9s de los sentidos y que es conducido al cerebro por medio del sistema nervioso y el modo de recibirlo. Percibir, codificar, sensar, sentir, pensar.<\/span><\/p>\n<\/td>\n<\/tr>\n<\/tbody>\n<\/table>\n<table style=\"border:#000000 1px solid;\" border=\"1\" width=\"100%\">\n<tbody>\n<tr>\n<td>\n<p align=\"justify\"><span style=\"color:#000000;\">\u2022 ANAB\u00d3LICO: Fase del metabolismo en los que se combinan los principios inmediatos entre s\u00ed, para sintetizar las sustancias de que se compone. Asimilaci\u00f3n constructiva del metabolismo. S\u00cdMBOLO.<\/span><\/p>\n<\/td>\n<\/tr>\n<\/tbody>\n<\/table>\n<p align=\"justify\"><span style=\"color:#000000;\">Se transformar\u00e1:<\/span><br \/>\n<span style=\"color:#000000;\"> -La envidia mercurial en benevolencia y justeza. Igualdad correspondencia. Equidad.<\/span><br \/>\n<span style=\"color:#000000;\"> -La avaricia saturniana del plomo, en caridad. Como fruto del \u201cEsp\u00edritu\u201d.<\/span><br \/>\n<span style=\"color:#000000;\"> -La gula jupiterina del esta\u00f1o en templanza y sabidur\u00eda. Sobriedad.<\/span><br \/>\n<span style=\"color:#000000;\"> -La pereza lunar de la plata en diligencia y resoluci\u00f3n. Certero en la posici\u00f3n.<\/span><br \/>\n<span style=\"color:#000000;\"> -La lujuria venusina del cobre en castidad y amor puros. De la \u201ccasta-origen\u201d. No mezclas.<\/span><br \/>\n<span style=\"color:#000000;\"> -La ira marciana del hierro en paciencia y fortaleza. Estructura.<\/span><br \/>\n<span style=\"color:#000000;\"> -El orgullo solar del oro en humildad; la calcinaci\u00f3n har\u00e1 que tanto esfuerzo del aprendiz alquimista y que le produce altivez, compar\u00e1ndose con sus semejantes, fijar\u00e1 sus pensamientos en AUTENTICA HUMILDAD de CORAZ\u00d3N. Igualitario-Genu\u00edno.<\/span><\/p>\n<table style=\"border:#000000 1px solid;\" border=\"1\" width=\"100%\">\n<tbody>\n<tr>\n<td>\n<p align=\"justify\"><span style=\"color:#000000;\">\u2022 Fuerza Activa \u00f3 Nutrici\u00f3n del Conflicto<\/span><\/p>\n<\/td>\n<\/tr>\n<\/tbody>\n<\/table>\n<table style=\"border:#000000 1px solid;\" border=\"1\" width=\"100%\">\n<tbody>\n<tr>\n<td>\n<p align=\"justify\"><span style=\"color:#000000;\">\u2022 Fuerza Pasiva \u00f3 Manifestaci\u00f3n del Conflicto<\/span><\/p>\n<\/td>\n<\/tr>\n<\/tbody>\n<\/table>\n<table style=\"border:#000000 1px solid;\" border=\"1\" width=\"100%\">\n<tbody>\n<tr>\n<td>\n<p align=\"justify\"><span style=\"color:#000000;\">\u2022 Fuerza Neutralizante \u00f3 El Conflicto Fundamental<\/span><\/p>\n<\/td>\n<\/tr>\n<\/tbody>\n<\/table>\n<p align=\"justify\"><span style=\"color:#000000;\"><strong>Rosas de P\u00e9rcival.<\/strong> La neutralidad. Lo conocido, revisado, reconocido, re-ajustado, aceptado, desarrollado, integrado y, consolidado.<\/span><\/p>\n<p align=\"justify\"><span style=\"color:#000000;\">TTOS: Siempre diluidas, no directas del stock. Siempre tres gotas de cada.1 Alba \u2013 1 Dama \u2013 1 Rosa P. \u00f3 3 Albas \u2013 3 Damas \u2013 3 Rosas P. Que se complementen entre s\u00ed. Tras un tiempo de desarrollo personal, las Rosas en grupos de a tres: cuentan como una sola energ\u00eda. Junto con las Esencias convencionales sin importar el n\u00ba. \u201c\u201d\u201dFiltros resonadores\u201d\u201d\u201d. Geles-ba\u00f1o. Aplicaciones locales corporales. Estrategias en los \u201cpulsos\u201d, meridianos, centros energ\u00e9ticos, v\u00f3rtices.<\/span><\/p>\n<p align=\"justify\"><span style=\"color:#000000;\">Recordar que son magn\u00edficas ayudas energ\u00e9ticas-vibracionales\u2013vitales, y no sustituyen a medicamentos convencionales.<\/span><br \/>\n<span style=\"color:#000000;\"> Gracias por TU curiosidad..<\/span><\/p>\n<p style=\"text-align:right;\" align=\"justify\"><span style=\"color:#000000;\">&#8211; Carmen Risue\u00f1o<\/span><\/p>\n","protected":false},"excerpt":{"rendered":"<p>Entremos a funcionar y pensar desde los s\u00edmbolos, est\u00e1 bi\u00e9n lo asociativo y no lo inamovible Las Esencias \u00c1UREAS: Cambio de MENTE = METANOIA. Solo en traducciones Griegas se encuentran los textos METANOICOS. Para el alquimista de la personalidad no habr\u00e1 cambio, hasta la vista del VITRIOL (el interior de la tierra), solo rectificando en &hellip; <a href=\"https:\/\/crecimientointerior.com\/index.php\/esencias-florales\/aureas-alquimia-introduccion\/\" class=\"more-link\">Seguir leyendo <span class=\"screen-reader-text\">\u00c1ureas. Alquimia &#8211; Introducci\u00f3n<\/span> <span class=\"meta-nav\">&rarr;<\/span><\/a><\/p>\n","protected":false},"author":1,"featured_media":0,"parent":887,"menu_order":4,"comment_status":"closed","ping_status":"closed","template":"","meta":{"footnotes":""},"class_list":["post-933","page","type-page","status-publish","hentry"],"_links":{"self":[{"href":"https:\/\/crecimientointerior.com\/index.php\/wp-json\/wp\/v2\/pages\/933","targetHints":{"allow":["GET"]}}],"collection":[{"href":"https:\/\/crecimientointerior.com\/index.php\/wp-json\/wp\/v2\/pages"}],"about":[{"href":"https:\/\/crecimientointerior.com\/index.php\/wp-json\/wp\/v2\/types\/page"}],"author":[{"embeddable":true,"href":"https:\/\/crecimientointerior.com\/index.php\/wp-json\/wp\/v2\/users\/1"}],"replies":[{"embeddable":true,"href":"https:\/\/crecimientointerior.com\/index.php\/wp-json\/wp\/v2\/comments?post=933"}],"version-history":[{"count":0,"href":"https:\/\/crecimientointerior.com\/index.php\/wp-json\/wp\/v2\/pages\/933\/revisions"}],"up":[{"embeddable":true,"href":"https:\/\/crecimientointerior.com\/index.php\/wp-json\/wp\/v2\/pages\/887"}],"wp:attachment":[{"href":"https:\/\/crecimientointerior.com\/index.php\/wp-json\/wp\/v2\/media?parent=933"}],"curies":[{"name":"wp","href":"https:\/\/api.w.org\/{rel}","templated":true}]}}