{"id":931,"date":"2015-12-22T11:48:38","date_gmt":"2015-12-22T10:48:38","guid":{"rendered":"http:\/\/crecimientointerior.com\/?page_id=931"},"modified":"2015-12-22T11:48:38","modified_gmt":"2015-12-22T10:48:38","slug":"agrupaciones-florales-segun-el-metodo-del-dr-bach","status":"publish","type":"page","link":"https:\/\/crecimientointerior.com\/index.php\/esencias-florales\/agrupaciones-florales-segun-el-metodo-del-dr-bach\/","title":{"rendered":"Agrupaciones Florales seg\u00fan el m\u00e9todo del Dr Bach"},"content":{"rendered":"<p align=\"center\"><span style=\"color:#000000;\"><b>\u00a0las interrupciones en Terapia Gestalt y mecanismos de defensa<\/b><\/span><\/p>\n<p align=\"center\"><span style=\"color:#000000;\"><b>\u00a0<\/b><\/span><\/p>\n<p><span style=\"color:#000000;\"><b>1<\/b>\u00ba <b>Para los que sienten temor<\/b>: <b>manejar el pensamiento<\/b><\/span><\/p>\n<p><span style=\"color:#000000;\">Rock rose-Heliantemo, miedo p\u00e1nico paralizante<\/span><\/p>\n<p><span style=\"color:#000000;\">Mimulus-Mimulo, miedo a lo conocido<\/span><\/p>\n<p><span style=\"color:#000000;\">Cherry plum-Ceras\u00edfera, miedo a perder el control<!--more--><\/span><\/p>\n<p><span style=\"color:#000000;\">Aspen-\u00c4lamo tembl\u00f3n, miedo a lo desconocido<\/span><\/p>\n<p><span style=\"color:#000000;\">Red chestnut-Casta\u00f1o Rojo, miedo por un ser querido<\/span><\/p>\n<p>&nbsp;<\/p>\n<p><span style=\"color:#000000;\"><b>2\u00ba<\/b> <b>Para los que sienten icertidumbre<\/b>: <b>acondicionar al \u201cyo\u201d, a\u00fan est\u00e1 peque\u00f1ito<\/b><\/span><\/p>\n<p><span style=\"color:#000000;\">Cerato-Ceratostigma, dispersi\u00f3n entre varias o muchas cosas<\/span><\/p>\n<p><span style=\"color:#000000;\">Scleranthus-Escleranto, dudas entre dos cosas<\/span><\/p>\n<p><span style=\"color:#000000;\">Gentian-Genciana, dudas de s\u00ed mismo, des\u00e1nimo, falta de f\u00e9<\/span><\/p>\n<p><span style=\"color:#000000;\">Gorse-Aulaga, dudas por causa de esperanza, negaci\u00f3n del beneficio<\/span><\/p>\n<p><span style=\"color:#000000;\">Hornbeam-Hojaranzo, pereza, dudas en la realizaci\u00f3n de algo<\/span><\/p>\n<p><span style=\"color:#000000;\">Wild oat-Avena silvestre, dudas vocacionales y trascendentes, falta de sentido en la vida<\/span><\/p>\n<p>&nbsp;<\/p>\n<p><span style=\"color:#000000;\"><b>3\u00ba<\/b> <b>Para los que les falta inter\u00e9s por lo actual<\/b>: <b>\u00a0Lo inconcluso<\/b><\/span><\/p>\n<p><span style=\"color:#000000;\">Clematis-Clematide, enso\u00f1aci\u00f3n, estar en las nubes, en la cabeza, como muerto en vida<\/span><\/p>\n<p><span style=\"color:#000000;\">Honeysuckle-Madreselva, estar en el pasado, comparativas con el ahora<\/span><\/p>\n<p><span style=\"color:#000000;\">Wild rose-Rosa silvestre o canina, apat\u00eda rotunda, no conexi\u00f3n con la energ\u00eda vital<\/span><\/p>\n<p><span style=\"color:#000000;\">Olive-Olivo, cansancio, agotamiento extremo, falta de energ\u00eda por desgaste<\/span><\/p>\n<p><span style=\"color:#000000;\">White chestnut-Casta\u00f1o blanco, pensamientos nocivos amalgamados, obsesiones<\/span><\/p>\n<p><span style=\"color:#000000;\">Mustard-Mostaza, sentimientos de tristeza profunda y melancol\u00edas<\/span><\/p>\n<p><span style=\"color:#000000;\">Chestnut bud-Brote de casta\u00f1o, no aprender de la experiencia, repetici\u00f3n de \u201clas jugadas\u201d<\/span><\/p>\n<p>&nbsp;<\/p>\n<p><span style=\"color:#000000;\"><b>4\u00ba<\/b> <b>Para los que sienten soledad<\/b>: <b>egoismos \/ aislamientos, manejos de la individualidad<\/b><\/span><\/p>\n<p><span style=\"color:#000000;\">Impatiens-Impaciencia, falta de pacencia y, crueldad consigo mismo y por ende con los dem\u00e1s<\/span><\/p>\n<p><span style=\"color:#000000;\">Heather-Brezo, autocentramiento, falta de escucha dentro y fuera de s\u00ed<\/span><\/p>\n<p><span style=\"color:#000000;\">Water violet-Violeta de agua, orgullo, sentimientos de superioridad, aislamiento<\/span><\/p>\n<p>&nbsp;<\/p>\n<p><span style=\"color:#000000;\"><b>5\u00ba<\/b> <b>Para la hipersensibilidad en influencias e id\u00e9as<\/b>: <b>estoy pegado a\u2026<\/b><\/span><\/p>\n<p><span style=\"color:#000000;\">Agrimony-Agrimonia, ocultaci\u00f3n de los sentimientos genu\u00ednos, negaci\u00f3n, jovialidad distorsionada<\/span><\/p>\n<p><span style=\"color:#000000;\">Centaury-Centaura, sometimiento al otro, falta coraje para desconfluir<\/span><\/p>\n<p><span style=\"color:#000000;\">Walnut-Nogal, corte y separaci\u00f3n, individuaci\u00f3n<\/span><\/p>\n<p><span style=\"color:#000000;\">Holly-Acebo, comparativas, rabia, no entendimiento, celos, envidias<\/span><\/p>\n<p>&nbsp;<\/p>\n<p><span style=\"color:#000000;\"><b>6\u00ba Para el desaliento y la desesperaci\u00f3n<\/b>: <b>sufrimiento y conflictos<\/b><\/span><\/p>\n<p><span style=\"color:#000000;\">Larch-Alerce, falta autoestima, queda en el \u201cintento\u201d no realiza, discapacidad<\/span><\/p>\n<p><span style=\"color:#000000;\">Pine-Pino, sentimientos de culpa, autorreproche, falta de responsabilidad<\/span><\/p>\n<p><span style=\"color:#000000;\">Elm-Olmo, sentimientos de agobio, se siente invadido y superado por las circunstancias<\/span><\/p>\n<p><span style=\"color:#000000;\">Sweet chesnut-Casta\u00f1o dulce, tira la toalla, angustia, desolaci\u00f3n, precipicio para el cambio<\/span><\/p>\n<p><span style=\"color:#000000;\">Star bethlehem-Leche de gallina o Estrella de bel\u00e9n, duelos, shocks, dolor intenso fisico-psicoespiritual, no quiere consuelo<\/span><\/p>\n<p><span style=\"color:#000000;\">Oak-Roble, fortaleza excesiva, desproporcionado sentido del deber<\/span><\/p>\n<p><span style=\"color:#000000;\">Willow-Sauce, rencor, quejas, resentimiento, amargura<\/span><\/p>\n<p><span style=\"color:#000000;\">Crab apple-Manzano silvestre, detallista, obsesivo, verg\u00fcenza, depurativo mente-cuerpo-esp\u00edritu, repulsiones, dietas<\/span><\/p>\n<p>&nbsp;<\/p>\n<p><span style=\"color:#000000;\"><b>7<\/b>\u00ba <b>Para la hiperprotecci\u00f3n excesiva \u00f3 la preocupaci\u00f3n por el bienestar ajeno<\/b>: <b>\u201clos balones fuera\u201d<\/b><\/span><\/p>\n<p><span style=\"color:#000000;\">Ch\u00edcory-Achicoria, victima\/victimario, posesivos, controladores, dominantes<\/span><\/p>\n<p><span style=\"color:#000000;\">Vervain-Verbena, exceso de entusiasmo, fanatismo, exasperado por las injusticias, gran tensi\u00f3n<\/span><\/p>\n<p><span style=\"color:#000000;\">Vine-Vid, inflexibles, dominantes, tiranos, l\u00edderes<\/span><\/p>\n<p><span style=\"color:#000000;\">Beech-Haya, intolerancia, cr\u00edtica, arrogancia<\/span><\/p>\n<p><span style=\"color:#000000;\">Rock water-Agua de roca, autorrepresi\u00f3n, rigidez moral, deseo de ser tomado como ejemplo, sin compasi\u00f3n<i> <\/i>de ellos mismos<\/span><\/p>\n<p>&nbsp;<\/p>\n<p>&nbsp;<\/p>\n<p style=\"text-align:center;\"><span style=\"color:#000000;\">\u00a0<img loading=\"lazy\" decoding=\"async\" class=\"aligncenter size-full wp-image-145\" src=\"http:\/\/carmenrisueno.files.wordpress.com\/2013\/03\/bach_grupos_2013_01.png\" alt=\"Bach_Grupos_2013_01\" width=\"306\" height=\"234\" srcset=\"https:\/\/crecimientointerior.com\/wp-content\/uploads\/2013\/03\/bach_grupos_2013_01.png 306w, https:\/\/crecimientointerior.com\/wp-content\/uploads\/2013\/03\/bach_grupos_2013_01-300x229.png 300w\" sizes=\"auto, (max-width: 306px) 100vw, 306px\" \/><\/span><\/p>\n<p><span style=\"color:#000000;\">\u00a0 \u00a0 <b>El REMEDIO RESCATE<\/b><\/span><\/p>\n<p style=\"text-align:center;\"><span style=\"color:#000000;\"><b>\u00a0<\/b><\/span><\/p>\n<p style=\"text-align:center;\"><span style=\"color:#000000;\">Y con otros rescates,\u00a0a\u00f1adidos por investigadore, elaboradores y terapeutas florales de nuestro tiempo: \u00a0<b>Walnut(Nogal) + Sweet Chestnut(Casta\u00f1o dulce)<\/b><\/span><\/p>\n<p style=\"text-align:center;\"><span style=\"color:#000000;\"><b>Agrimony(Agrimonia) + Elm(Olmo).<\/b> Diferentes estad\u00edos, tipos de stress y de angustia<\/span><\/p>\n<p>&nbsp;<\/p>\n<p>&nbsp;<\/p>\n<p align=\"center\"><span style=\"color:#000000;\"><b>Los 4 curadores: Los Hiper-adaptados. Los Personajes. Rasgos narcisistas<\/b><\/span><\/p>\n<p><span style=\"color:#000000;\">Se resignaron, se distanciaron de su ESENCIA; <b>Se hiper-adaptan<\/b>, No hay individualidad, Est\u00e1n en un callej\u00f3n sin salida, estancamiento, al tomar conciencia se puede <b>VER CUAL<\/b>\u00a0 de los <b>12 CURADORES<\/b> es el\u00a0 <b>PERTINENTE \/ S<\/b> para su restauraci\u00f3n ( restablecer la salud).:<\/span><\/p>\n<p align=\"center\"><span style=\"color:#000000;\">Gorse-Aulaga, Oak-Roble, Heather-Brezo, Rock Water-Agua de roca.<\/span><\/p>\n<p><span style=\"color:#000000;\">Los 7 ayudantes: Enfermedades\u00a0 Cr\u00f3nicas. Lo no-consciente. Los Mecanismos de Defensa<\/span><\/p>\n<p><span style=\"color:#000000;\">Olive-Olivo, Gorse-Aulaga, Oak-Roble, Vine-Vid, Heather-Brezo,<\/span><\/p>\n<p><span style=\"color:#000000;\">Wild oat-Avena silvestre, Rock water-Agua de roca.<\/span><\/p>\n<p>&nbsp;<\/p>\n<p>&nbsp;<\/p>\n<p align=\"center\"><span style=\"color:#000000;\"><b>Los 12 curadores: Los Patrones y Guiones<\/b><\/span><\/p>\n<p><span style=\"color:#000000;\">Centaury-Centaura, Rock rose-Heliantemo, M\u00edmulus-Mimulo, Agrimony-Agrimonia, Scleranthus-Escleranzo, Clematis-Clematide, Ch\u00edcory-Achicoria, Cerato-Ceratostigma, Gentian-Genciana,<\/span><\/p>\n<p><span style=\"color:#000000;\">Vervain-Verbena, Impatiens-Impaciencia, Water violet-Violeta de agua.<\/span><\/p>\n<p>&nbsp;<\/p>\n<h1><span style=\"color:#000000;\">Los 19 m\u00e1s espiritualizados: Cierre de estructuras. Los L\u00edmites de uno mismo<\/span><\/h1>\n<p><span style=\"color:#000000;\">Cherry plum-Ceras\u00edfera, Elm-Olmo, Pine-Pino, Larch-Alerce, Willow-Sauce, Aspen-\u00c1lamo tembl\u00f3n, Hornbeam-Hojaranzo, Sweet chestnut-Casta\u00f1o dulce, Beech-Haya, Crab Apple-Manzano silvestre, Walnut-Nogal, Chestnut bud-Brote de Casta\u00f1o, White chestnut-Casta\u00f1o blanco, Red Chestnut-Casta\u00f1o Rojo, Holly-Acebo, Honeysuckle-Madreselva, Wild Rose-Escaramujo o Rosa canina, Star of Bethlehem-Leche de gallina o estrella de bel\u00e9n, Mustard-Mostaza.<\/span><\/p>\n<p>&nbsp;<\/p>\n<p><span style=\"color:#000000;\"><b>*Catalizadores Mayores: Wild Oat(Avena silvestre)\u00a0 &#8211;\u00a0 Holly(Acebo)<\/b><\/span><\/p>\n<p><span style=\"color:#000000;\"><b>\u00a0<\/b><\/span><\/p>\n<p><span style=\"color:#000000;\"><b>*Catalizadores Menores: Agrimony(Agrimonia) \u2013 Walnut(Nogal)<\/b><\/span><\/p>\n<p><span style=\"color:#000000;\"><b>\u00a0<\/b><\/span><\/p>\n<p>&nbsp;<\/p>\n<p align=\"right\"><span style=\"color:#000000;\"><b>Carmen Risue\u00f1o Izquierdo.<\/b><\/span><\/p>\n","protected":false},"excerpt":{"rendered":"<p>\u00a0las interrupciones en Terapia Gestalt y mecanismos de defensa \u00a0 1\u00ba Para los que sienten temor: manejar el pensamiento Rock rose-Heliantemo, miedo p\u00e1nico paralizante Mimulus-Mimulo, miedo a lo conocido Cherry plum-Ceras\u00edfera, miedo a perder el control<\/p>\n","protected":false},"author":1,"featured_media":0,"parent":887,"menu_order":2,"comment_status":"closed","ping_status":"closed","template":"","meta":{"footnotes":""},"class_list":["post-931","page","type-page","status-publish","hentry"],"_links":{"self":[{"href":"https:\/\/crecimientointerior.com\/index.php\/wp-json\/wp\/v2\/pages\/931","targetHints":{"allow":["GET"]}}],"collection":[{"href":"https:\/\/crecimientointerior.com\/index.php\/wp-json\/wp\/v2\/pages"}],"about":[{"href":"https:\/\/crecimientointerior.com\/index.php\/wp-json\/wp\/v2\/types\/page"}],"author":[{"embeddable":true,"href":"https:\/\/crecimientointerior.com\/index.php\/wp-json\/wp\/v2\/users\/1"}],"replies":[{"embeddable":true,"href":"https:\/\/crecimientointerior.com\/index.php\/wp-json\/wp\/v2\/comments?post=931"}],"version-history":[{"count":0,"href":"https:\/\/crecimientointerior.com\/index.php\/wp-json\/wp\/v2\/pages\/931\/revisions"}],"up":[{"embeddable":true,"href":"https:\/\/crecimientointerior.com\/index.php\/wp-json\/wp\/v2\/pages\/887"}],"wp:attachment":[{"href":"https:\/\/crecimientointerior.com\/index.php\/wp-json\/wp\/v2\/media?parent=931"}],"curies":[{"name":"wp","href":"https:\/\/api.w.org\/{rel}","templated":true}]}}