{"id":907,"date":"2015-12-22T10:56:59","date_gmt":"2015-12-22T09:56:59","guid":{"rendered":"http:\/\/crecimientointerior.com\/?page_id=907"},"modified":"2020-03-09T19:54:39","modified_gmt":"2020-03-09T19:54:39","slug":"el-eneagrama-de-la-personalidad","status":"publish","type":"page","link":"https:\/\/crecimientointerior.com\/index.php\/eneagrama-de-la-personalidad\/el-eneagrama-de-la-personalidad\/","title":{"rendered":"El Eneagrama de la personalidad"},"content":{"rendered":"<p style=\"text-align: justify;\" align=\"left\"><span style=\"color: #000000;\"><b>T<\/b>rabajo basado en los estudios de Gourdief: fundador del instituto para el desarrollo armonioso del HOMBRE\u201d, y Maestro iniciado sufi.<\/span><\/p>\n<p style=\"text-align: justify;\"><span style=\"color: #000000;\">Desde tiempos inmemoriales se consideran tres \u201cpartes \u00f3 componentes\u201d dentro del desarrollo del hombre; esas fuerzas positiva-negativa-neutralizadora en todos y cada uno de los fen\u00f3menos que constituyen el devenir del ser humano la ley del tres, Dios es trino: padre-hijo-esp\u00edritu santo. Seg\u00fan Totila Albert hombre de conocimiento germano-chileno esos <b><i>tres componentes del ser humano<\/i><\/b> y cosmos ser\u00e1n: padre-madre-hijo. Apoya vislumbrar el eneagrama desde \u00e9sta visi\u00f3n de a tres. En psicolog\u00eda tambi\u00e9n es contemplada la visi\u00f3n.<\/span><\/p>\n<p style=\"text-align: justify;\"><span style=\"color: #000000;\"><b>Cada eneatipo<\/b> lleva intr\u00ednsecas dos energ\u00edas inherentes a su manera de estar en el mundo:<!--more--><\/span><\/p>\n<ul style=\"text-align: justify;\">\n<li><span style=\"color: #000000;\">\u00a0<b><span style=\"text-decoration: underline;\">La pasi\u00f3n<\/span><\/b>: es lo percibido desde nuestro interior. La neura.<\/span><\/li>\n<li><span style=\"color: #000000;\"><b><span style=\"text-decoration: underline;\">La fijaci\u00f3n<\/span><\/b>: es vivir \u00e9sto <b>dejando puesto el piloto<\/b> <b>autom\u00e1tico<\/b>, sin m\u00e1s&#8230;.., dejadez\u2026<\/span><\/li>\n<\/ul>\n<p style=\"text-align: justify;\"><span style=\"color: #000000;\">La finalidad com\u00fan en el Ser Humano, ser\u00e1 la b\u00fasqueda y encuentro del SER cuya percepci\u00f3n de <b>ausencia \u00f3 vac\u00edo, <\/b>el oscurecimiento \u00f3ntico, es la ra\u00edz de todas las pasiones. En el eneagrama son nueve pasiones, <b>las nueve b\u00fasquedas del amor, representadas en los nueve eneatipos.<\/b><\/span><\/p>\n<p style=\"text-align: justify;\"><span style=\"color: #000000;\"><b>\u00a0<\/b><\/span><\/p>\n<p style=\"text-align: justify;\"><span style=\"color: #000000;\"><b>Etimol\u00f3gicamente: eneas significa en griego, nueve; y tipo ser\u00e1 modelo.<\/b><\/span><\/p>\n<p style=\"text-align: justify;\"><span style=\"color: #000000;\"><b>\u00a0<\/b><\/span><\/p>\n<p style=\"text-align: center;\"><span style=\"color: #000000;\"><b>Zonas \u00abdistorsionadas\u00bb de la realidad de los eneatipos<\/b>:<\/span><\/p>\n<p style=\"text-align: justify;\"><span style=\"color: #000000;\">Eneas 1, la IRA.\u00a0 Eneas 2, El ORGULLO. Eneas 3, La VANIDAD. Eneas 4, La ENVIDIA. Eneas 5, La AVARICIA. Eneas 6, El MIEDO. Eneas 7, La GULA. Eneas 8, LA LUJURIA. Eneas 9, La PEREZA.<\/span><\/p>\n<p style=\"text-align: center;\"><span style=\"color: #000000;\"><b>Zonas SANAS:<\/b><\/span><\/p>\n<p style=\"text-align: justify;\"><span style=\"color: #000000;\">Eneas 1. El \u00e9tico<\/span><\/p>\n<p style=\"text-align: justify;\"><span style=\"color: #000000;\">Eneas 2. El samaritano.<\/span><\/p>\n<p style=\"text-align: justify;\"><span style=\"color: #000000;\">Eneas 3. Los porteadores, y trabajadores en equipo.<\/span><\/p>\n<p style=\"text-align: justify;\"><span style=\"color: #000000;\">Eneas 4. Noches y tiempos libres de diversi\u00f3n con cuentos y leyendas, poderes ocultos&#8230;, trovadores, artistas, fil\u00f3sofos&#8230;<\/span><\/p>\n<p style=\"text-align: justify;\"><span style=\"color: #000000;\">Eneas 5. Mercantiles, ideaci\u00f3n del trueque. Almacenar y proteger. Sabios.<\/span><\/p>\n<p style=\"text-align: justify;\"><span style=\"color: #000000;\">Eneas 6. Atisbadores y vigilantes. Ver los peligros. Guerreros y protectores.<\/span><\/p>\n<p style=\"text-align: justify;\"><span style=\"color: #000000;\">Eneas 7. Conocedores de las rutas m\u00e1s f\u00e1cilmente transitables, atisbadores de oasis. Pioneros y aventureros&#8230;<\/span><\/p>\n<p style=\"text-align: justify;\"><span style=\"color: #000000;\">Eneas 8. Los jefes de caravanas, primeros mandatarios&#8230;responsables&#8230;<\/span><\/p>\n<p style=\"text-align: justify;\"><span style=\"color: #000000;\">Eneas 9. Los intercambiadores que miraban que nadie saliera perdiendo.<\/span><\/p>\n<p style=\"text-align: justify;\"><span style=\"color: #000000;\"><b>\u00a0<\/b><\/span><\/p>\n<p style=\"text-align: center;\"><span style=\"color: #000000;\"><b>EL SENTIDO de las TR\u00cdADAS <\/b><i><\/i><\/span><\/p>\n<p style=\"text-align: justify;\"><span style=\"color: #000000;\"><b>Las Tr\u00edadas<\/b>, como agrupaci\u00f3n de eneatipos con una <b>misma \u201ctendencia<\/b>\u201d<\/span><\/p>\n<p style=\"text-align: justify;\"><span style=\"color: #000000;\">\u2022Diferentes tr\u00edadas, diferentes dimensiones t\u00e9mporo\/espaciales<\/span><\/p>\n<p style=\"text-align: justify;\"><span style=\"color: #000000;\">\u2022Agrupaciones de a <b>TRES desde, <\/b>Padre, madre, hijo y,\u00a0 <b>Uni-verso\u00a0 <\/b>que es lo hecho de <b>UNA VEZ.<\/b><\/span><\/p>\n<p style=\"text-align: justify;\"><span style=\"color: #000000;\">Teniendo en cuenta que<b> <\/b><i>:\u00a0\u00a0\u00a0\u00a0\u00a0 <\/i><\/span><\/p>\n<p style=\"text-align: justify;\"><span style=\"color: #000000;\">\u2022<b>El temperamento<\/b> del ser humano est\u00e1 \u00edntimamente relacionado con <b>las estructuras corporales<\/b> que derivan de <b>las tres capas embrionarias, <\/b>una vez fecundado el\u00a0 \u201chuevo\u201d \u00f3 embri\u00f3n<b><i>. <\/i><\/b>(Sheldon).<b><\/b><\/span><\/p>\n<p style=\"text-align: justify;\"><span style=\"color: #000000;\"><i>Cada personalidad remplaza su cualidad bloqueada por una imitaci\u00f3n de \u00e9sta, desarrollada por la misma personalidad. Parad\u00f3jicamente si el tipo de personalidad est\u00e1 en la tr\u00edada del sentimiento, esto no significa que tenga m\u00e1s sentimientos que los dem\u00e1s, sino que por el contrario, \u00e9ste es el componente de la psique menos capaz de funcionar libremente. De igual forma se da en las tr\u00edadas instintiva y del pensamiento. Pu\u00e9dase hallar su punto ciego.<\/i><\/span><\/p>\n<p style=\"text-align: justify;\"><span style=\"color: #000000;\"><i>\u00a0<\/i><\/span><\/p>\n<p style=\"text-align: justify;\"><span style=\"color: #000000;\">De \u00e9ste modo tambi\u00e9n faculta en la introspecci\u00f3n la habilidad de descubrir el subtipo en base al instinto predominante, es decir:<\/span><\/p>\n<ul style=\"text-align: justify;\">\n<li><span style=\"color: #000000;\"><b>Subtipo conservaci\u00f3n,<\/b> el instinto m\u00e1s b\u00e1sico y fundamental. Toda vida lo tiene y es dif\u00edcil concebir el no tenerlo, es el motor. Cualquier ser vivo posee la auto-preservaci\u00f3n. Lograr y mantener seguridad y comodidad f\u00edsicas, lo que suele traducirse en inter\u00e9s por la comida, la ropa, el dinero, la casa y la salud f\u00edsica. Estos asuntos son su principal prioridad y es posible que por ocuparse de ellos descuiden otros aspectos de su vida.<\/span><\/li>\n<\/ul>\n<ul style=\"text-align: justify;\">\n<li><span style=\"color: #000000;\"><b>Subtipo sexual,<\/b> uno quiere ganar y competir. Lucha por el derecho a pelearse, se relaciona tambi\u00e9n con la agresi\u00f3n, triunfar y tambi\u00e9n mostrarse. Es la parte que quiere atraer y buscar aquello por lo que nos sentimos atra\u00eddos. Es como el campo imantado de atracci\u00f3n entre nosotros<b><i>.<\/i><\/b><\/span><\/li>\n<li><span style=\"color: #000000;\"><b>Subtipo social<\/b>, se interesa por ser aceptada y necesitada en \u201csu mundo\u201d. Les interesa conservar la sensaci\u00f3n de val\u00eda que obtienen al participar en actividades con los dem\u00e1s, sean actividades en familia, de grupo, comunitarias,\u00a0 nacionales o mundiales. A las personas sociales les gusta\u00a0 participar, y disfrutan relacion\u00e1ndose con otras personas para finalidades comunes. Necesitan \u201ctocar la realidad\u201d con otras personas para sentirse a salvo, vivos y llenos de energ\u00eda. Esto puede variar desde un inter\u00e9s por la pol\u00edtica de la empresa, por el cotilleo de barrio o por las\u00a0 noticias mundiales y la diplomacia internacional. Podr\u00edamos decir que el instinto social es una especie de inteligencia contextual: nos habilita la capacidad para ver nuestros trabajos y sus efectos en un contexto m\u00e1s amplio. Perspectiva global.<b><\/b><\/span><\/li>\n<\/ul>\n<p style=\"text-align: center;\" align=\"center\"><span style=\"color: #000000;\"><b>Lo que somos nunca cambia, la identidad de quienes somos <\/b><\/span><\/p>\n<p style=\"text-align: center;\" align=\"center\"><span style=\"color: #000000;\"><b>nunca deja de cambiar\u2026<\/b><\/span><\/p>\n<p><span style=\"color: #000000;\"><b>\u00a0<\/b><\/span><\/p>\n","protected":false},"excerpt":{"rendered":"<p>Trabajo basado en los estudios de Gourdief: fundador del instituto para el desarrollo armonioso del HOMBRE\u201d, y Maestro iniciado sufi. Desde tiempos inmemoriales se consideran tres \u201cpartes \u00f3 componentes\u201d dentro del desarrollo del hombre; esas fuerzas positiva-negativa-neutralizadora en todos y cada uno de los fen\u00f3menos que constituyen el devenir del ser humano la ley del &hellip; <a href=\"https:\/\/crecimientointerior.com\/index.php\/eneagrama-de-la-personalidad\/el-eneagrama-de-la-personalidad\/\" class=\"more-link\">Seguir leyendo <span class=\"screen-reader-text\">El Eneagrama de la personalidad<\/span> <span class=\"meta-nav\">&rarr;<\/span><\/a><\/p>\n","protected":false},"author":1,"featured_media":0,"parent":889,"menu_order":0,"comment_status":"closed","ping_status":"closed","template":"","meta":{"footnotes":""},"class_list":["post-907","page","type-page","status-publish","hentry"],"_links":{"self":[{"href":"https:\/\/crecimientointerior.com\/index.php\/wp-json\/wp\/v2\/pages\/907","targetHints":{"allow":["GET"]}}],"collection":[{"href":"https:\/\/crecimientointerior.com\/index.php\/wp-json\/wp\/v2\/pages"}],"about":[{"href":"https:\/\/crecimientointerior.com\/index.php\/wp-json\/wp\/v2\/types\/page"}],"author":[{"embeddable":true,"href":"https:\/\/crecimientointerior.com\/index.php\/wp-json\/wp\/v2\/users\/1"}],"replies":[{"embeddable":true,"href":"https:\/\/crecimientointerior.com\/index.php\/wp-json\/wp\/v2\/comments?post=907"}],"version-history":[{"count":0,"href":"https:\/\/crecimientointerior.com\/index.php\/wp-json\/wp\/v2\/pages\/907\/revisions"}],"up":[{"embeddable":true,"href":"https:\/\/crecimientointerior.com\/index.php\/wp-json\/wp\/v2\/pages\/889"}],"wp:attachment":[{"href":"https:\/\/crecimientointerior.com\/index.php\/wp-json\/wp\/v2\/media?parent=907"}],"curies":[{"name":"wp","href":"https:\/\/api.w.org\/{rel}","templated":true}]}}