{"id":903,"date":"2015-12-22T10:52:29","date_gmt":"2015-12-22T09:52:29","guid":{"rendered":"http:\/\/crecimientointerior.com\/?page_id=903"},"modified":"2015-12-22T10:52:29","modified_gmt":"2015-12-22T09:52:29","slug":"formacion-en-esencias-florales-del-dr-bach","status":"publish","type":"page","link":"https:\/\/crecimientointerior.com\/index.php\/pagina-cursos\/formacion-en-esencias-florales-del-dr-bach\/","title":{"rendered":"Formaci\u00f3n en Esencias Florales del Dr. Bach"},"content":{"rendered":"<p align=\"center\"><span style=\"color:#000000;\"><b>ESENCIAS FLORALES del Dr. BACH<\/b><\/span><\/p>\n<p align=\"center\"><span style=\"color:#000000;\"><b>\u00a0<\/b><\/span><\/p>\n<p><span style=\"color:#000000;\"><b>\u00a0Los Miedos &#8211; Las dudas &#8211; La falta de presente &#8211; La soledad &#8211; La hipersensibilidad \u2013 El abatimiento y desesperaci\u00f3n (angustias) \u2013 La hiperpreocupaci\u00f3n por los dem\u00e1s(por m\u00ed).<\/b><\/span><\/p>\n<p>&nbsp;<\/p>\n<p><span style=\"color:#000000;\"><b>La importancia de los 7 ayudantes, los\u00a0 4 curadores y los 19 m\u00e1s espiritualizados<\/b><\/span><\/p>\n<p><span style=\"color:#000000;\"><b>\u00a0<\/b><\/span><\/p>\n<p><span style=\"color:#000000;\"><b>Cursos de FORMACI\u00d3N: <\/b><\/span><\/p>\n<p><span style=\"color:#000000;\"><b>\u00a0<\/b><\/span><\/p>\n<p><span style=\"color:#000000;\"><b><span style=\"text-decoration:underline;\">Contenidos:<\/span><\/b><\/span><\/p>\n<p><span style=\"color:#000000;\">Conocimiento exhaustivo de los 38 remedios m\u00e1s los rescate(rescue remedy). Recomendaciones de laboratorios y distribuidores. Elaboraciones en el campo.<\/span><\/p>\n<p><span style=\"color:#000000;\"><b><span style=\"text-decoration:underline;\">Metodolog\u00eda:<\/span><\/b><\/span><\/p>\n<p><span style=\"color:#000000;\">Exposiciones te\u00f3ricas, pr\u00e1cticas y vivenciales. Autoobservaci\u00f3n y observaci\u00f3n objetiva. Posibilidad de recursos en la vida diaria y o terap\u00e9uticos. An\u00e1lisis-S\u00edntesis. Patrones transpersonales.<\/span><\/p>\n<p><span style=\"color:#000000;\">Similitudes con las interrupciones gest\u00e1lticas(TG).<\/span><\/p>\n<p><span style=\"color:#000000;\"><b><span style=\"text-decoration:underline;\">Objetivos:<\/span><\/b><\/span><\/p>\n<p><span style=\"color:#000000;\">Experimentar en persona los remedios florales, comentar, trabajar, despu\u00e9s de cada taller.<\/span><\/p>\n<p><span style=\"color:#000000;\">Experimentar con otros compa\u00f1eros, comentar, trabajar. Ejercicios en Terapias mutuas. Reflexiones.<\/span><\/p>\n<p><span style=\"color:#000000;\">Dificultades b\u00e1sicas con los otros, conmigo. Supervisar.<\/span><\/p>\n<p><span style=\"color:#000000;\">Dificultades y conflictos a resolver. Experimento de las emociones, sentimientos. El Pensar.<\/span><\/p>\n<p><span style=\"color:#000000;\">Conciencia del cuerpo, el gran olvidado.<\/span><\/p>\n<p><span style=\"color:#000000;\">Mejorar el aspecto sensorial,\u00a0 educacional y la salud.<\/span><\/p>\n<p><span style=\"color:#000000;\">*Se facilitar\u00e1n: Fotocopias did\u00e1cticas. Configurar un Botiqu\u00edn dom\u00e9stico. Extensa Bibliograf\u00eda y Certificado reconocido por SEFLOR. Ilustrado con diapositivas y fotograf\u00edas ad hoc.<\/span><\/p>\n<p>&nbsp;<\/p>\n<p style=\"text-align:center;\"><span style=\"color:#000000;\"><b>Formaci\u00f3n durante siete meses al a\u00f1o<\/b>.<\/span><\/p>\n<p style=\"text-align:center;\"><span style=\"color:#000000;\"><strong>En Galapagar:<\/strong><\/span><\/p>\n<p style=\"text-align:center;\"><span style=\"color:#000000;\"><strong>Talleres de desarrollo personal y transpersonal con Gestalt y movimiento. <\/strong><\/span><\/p>\n<p><span style=\"color:#000000;\"><b>\u00a0<\/b><\/span><\/p>\n","protected":false},"excerpt":{"rendered":"<p>ESENCIAS FLORALES del Dr. BACH \u00a0 \u00a0Los Miedos &#8211; Las dudas &#8211; La falta de presente &#8211; La soledad &#8211; La hipersensibilidad \u2013 El abatimiento y desesperaci\u00f3n (angustias) \u2013 La hiperpreocupaci\u00f3n por los dem\u00e1s(por m\u00ed). &nbsp; La importancia de los 7 ayudantes, los\u00a0 4 curadores y los 19 m\u00e1s espiritualizados \u00a0 Cursos de FORMACI\u00d3N: \u00a0 &hellip; <a href=\"https:\/\/crecimientointerior.com\/index.php\/pagina-cursos\/formacion-en-esencias-florales-del-dr-bach\/\" class=\"more-link\">Seguir leyendo <span class=\"screen-reader-text\">Formaci\u00f3n en Esencias Florales del Dr. Bach<\/span> <span class=\"meta-nav\">&rarr;<\/span><\/a><\/p>\n","protected":false},"author":1,"featured_media":0,"parent":867,"menu_order":4,"comment_status":"closed","ping_status":"closed","template":"","meta":{"footnotes":""},"class_list":["post-903","page","type-page","status-publish","hentry"],"_links":{"self":[{"href":"https:\/\/crecimientointerior.com\/index.php\/wp-json\/wp\/v2\/pages\/903","targetHints":{"allow":["GET"]}}],"collection":[{"href":"https:\/\/crecimientointerior.com\/index.php\/wp-json\/wp\/v2\/pages"}],"about":[{"href":"https:\/\/crecimientointerior.com\/index.php\/wp-json\/wp\/v2\/types\/page"}],"author":[{"embeddable":true,"href":"https:\/\/crecimientointerior.com\/index.php\/wp-json\/wp\/v2\/users\/1"}],"replies":[{"embeddable":true,"href":"https:\/\/crecimientointerior.com\/index.php\/wp-json\/wp\/v2\/comments?post=903"}],"version-history":[{"count":0,"href":"https:\/\/crecimientointerior.com\/index.php\/wp-json\/wp\/v2\/pages\/903\/revisions"}],"up":[{"embeddable":true,"href":"https:\/\/crecimientointerior.com\/index.php\/wp-json\/wp\/v2\/pages\/867"}],"wp:attachment":[{"href":"https:\/\/crecimientointerior.com\/index.php\/wp-json\/wp\/v2\/media?parent=903"}],"curies":[{"name":"wp","href":"https:\/\/api.w.org\/{rel}","templated":true}]}}