{"id":893,"date":"2015-12-21T11:00:01","date_gmt":"2015-12-21T10:00:01","guid":{"rendered":"http:\/\/crecimientointerior.com\/?page_id=893"},"modified":"2023-10-20T03:02:39","modified_gmt":"2023-10-20T01:02:39","slug":"reiki-2","status":"publish","type":"page","link":"https:\/\/crecimientointerior.com\/index.php\/reiki-2\/","title":{"rendered":"Que es el REIKI"},"content":{"rendered":"<style>.kb-row-layout-id893_c1d9b5-65 > .kt-row-column-wrap{align-content:start;}:where(.kb-row-layout-id893_c1d9b5-65 > .kt-row-column-wrap) > .wp-block-kadence-column{justify-content:start;}.kb-row-layout-id893_c1d9b5-65 > .kt-row-column-wrap{column-gap:var(--global-kb-gap-md, 2rem);row-gap:var(--global-kb-gap-md, 2rem);padding-top:var(--global-kb-spacing-sm, 1.5rem);padding-bottom:var(--global-kb-spacing-sm, 1.5rem);grid-template-columns:minmax(0, 1fr);}.kb-row-layout-id893_c1d9b5-65 > .kt-row-layout-overlay{opacity:0.30;}@media all and (max-width: 1024px){.kb-row-layout-id893_c1d9b5-65 > .kt-row-column-wrap{grid-template-columns:minmax(0, 1fr);}}@media all and (max-width: 767px){.kb-row-layout-id893_c1d9b5-65 > .kt-row-column-wrap{grid-template-columns:minmax(0, 1fr);}}p{  text-indent: 40px;  font-family: Calibri;  text-align: justify;}<\/style><div class=\"kb-row-layout-wrap kb-row-layout-id893_c1d9b5-65 alignnone wp-block-kadence-rowlayout\"><div class=\"kt-row-column-wrap kt-has-1-columns kt-row-layout-equal kt-tab-layout-inherit kt-mobile-layout-row kt-row-valign-top\">\n<style>.kadence-column893_664e97-62 > .kt-inside-inner-col,.kadence-column893_664e97-62 > .kt-inside-inner-col:before{border-top-left-radius:0px;border-top-right-radius:0px;border-bottom-right-radius:0px;border-bottom-left-radius:0px;}.kadence-column893_664e97-62 > .kt-inside-inner-col{column-gap:var(--global-kb-gap-sm, 1rem);}.kadence-column893_664e97-62 > .kt-inside-inner-col{flex-direction:column;}.kadence-column893_664e97-62 > .kt-inside-inner-col > .aligncenter{width:100%;}.kadence-column893_664e97-62 > .kt-inside-inner-col:before{opacity:0.3;}.kadence-column893_664e97-62{position:relative;}@media all and (max-width: 1024px){.kadence-column893_664e97-62 > .kt-inside-inner-col{flex-direction:column;justify-content:center;}}@media all and (max-width: 767px){.kadence-column893_664e97-62 > .kt-inside-inner-col{flex-direction:column;justify-content:center;}}<\/style>\n<div class=\"wp-block-kadence-column kadence-column893_664e97-62\"><div class=\"kt-inside-inner-col\">\n<p>Reiki es un sistema de curaci\u00f3n por imposici\u00f3n de manos, sencilla y potente. Reiki es una palabra japonesa que significa energ\u00eda vital universal y se utiliza para <strong><em>&nbsp;&nbsp; <\/em><\/strong>identificar el Sistema Usui de Curaci\u00f3n Natural en homenaje a su descubridor MIKAO USUI ( Usui Shiki Ryoho).<\/p>\n\n\n\n<p>En el sistema Usui de Reiki fluye energ\u00eda curativa a trav\u00e9s de las manos del practicante al cuerpo del paciente, o, al suyo propio, en caso de estar cur\u00e1ndose \u00e9l mismo. Es una pr\u00e1ctica natural y cotidiana para el practicante de Reiki, el hacer llegar esta energ\u00eda curativa a quien est\u00e9 enfermo o tenga dolores de cualquier \u00edndole. Tambi\u00e9n se puede tratar con Reiki animales y plantas, comida y agua.<\/p>\n\n\n\n<p>El Ki = energ\u00eda individual. El Rei = energ\u00eda c\u00f3smica.<\/p>\n\n\n\n<p>Reiki puede aprenderlo y usarlo cualquier persona (desde ni\u00f1os hasta ancianos), y a trav\u00e9s de las cuatro \u201csintonizaciones o iniciaciones\u201d surge un despertar y reapertura del \u201ccanal\u201d de curaciones que existe en cada uno de nosotros. No existe l\u00edmite de edad, ni exige ninguna condici\u00f3n previa.<\/p>\n\n\n\n<p>Es una energ\u00eda semejante a ondas de radio, y puede ser aplicada con eficacia tanto en el mismo lugar como a distancia. Es inofensiva, sin efectos secundarios, ni contraindicaciones, compatible con cualquier tipo de terapia o tratamiento.<\/p>\n\n\n\n<p>Despu\u00e9s de la sintonizaci\u00f3n previa la energ\u00eda reiki est\u00e1 inmediatamente a disposici\u00f3n del practicante para ser canalizada durante toda la vida, aunque deje de ser utilizada durante largo tiempo.<\/p>\n\n\n\n<p>Reiki es un m\u00e9todo de autocuraci\u00f3n muy poderoso que ayuda a la toma de la responsabilidad por la propia salud.<\/p>\n\n\n\n<p>A los ancianos se les puede iniciar en 1er nivel, solo sino mucho cambio energ\u00e9tico.<\/p>\n\n\n\n<p><strong>COMO FUNCIONA LA ENERG\u00cdA REIKI<\/strong><\/p>\n\n\n\n<p>En una persona sana la energ\u00eda fluye por los chakras, meridianos y nadis en el cuerpo y tambi\u00e9n por el campo energ\u00e9tico que le rodea nutri\u00e9ndose los \u00f3rganos y c\u00e9lulas y regulando las funciones vitales; cuando se bloquea la energ\u00eda y se interrumpe ese fluir, los \u00f3rganos y tejidos de nuestro cuerpo no funcionan correctamente, llegando a enfermar. Una vez sintonizado, el practicante pasa a ser un canal de energ\u00eda curativa, pudiendo dirigirla a la zona afectada, poniendo sus manos, que emiten vibraciones que disuelven los nudos energ\u00e9ticos perjudiciales, interviniendo no solo en la materia, sino tambi\u00e9n en otros campos de energ\u00eda y en la conciencia, ya que eleva el nivel vibratorio dentro y fuera del cuerpo f\u00edsico, donde se alojan sentimientos y creencias en forma de bloqueos, que est\u00e1n impidiendo el fluir normal de la energ\u00eda vital.<\/p>\n\n\n\n<p>La energ\u00eda Reiki fluye ilimitadamente disolviendo los bloqueos, equilibra el fluido energ\u00e9tico, propicia la relajaci\u00f3n con lo que alivia de forma contundente las tensiones y el estr\u00e9s, desintoxica facilitando la eliminaci\u00f3n de toxinas y miasmas y fortalece el cuerpo y la mente, restableciendo la armon\u00eda y el bienestar f\u00edsico y mental.<\/p>\n\n\n\n<p>Reiki suaviza r\u00e1pidamente problemas y dolores f\u00edsicos. Las enfermedades cr\u00f3nicas necesitan cierto n\u00famero de \u201csesiones\u201d, dependiendo de la naturaleza espec\u00edfica de cada enfermedad.<\/p>\n\n\n\n<p>El practicante no necesita conocer el diagn\u00f3stico, para efectuar el tratamiento, ya que Reiki no es una energ\u00eda manipulativa, solo con poner las manos la Energ\u00eda Reiki fluir\u00e1 en la intensidad y calidad de quien la recibe.<\/p>\n\n\n\n<p>Reiki traspasa todas las materias (hebillas, cinturones, vendas, escayolas, ropa, etc.) por lo que no es necesario que el receptor se desnude. Los aros (anillos, redondos, pilas de reloj)<\/p>\n\n\n\n<p>Reiki protege al practicante contra el dolor, enfermedad y\/o negatividad del receptor y no le desgasta pues le revitaliza cada vez que aplica Reiki (Reiki es energ\u00eda universal, no personal).<\/p>\n\n\n\n<p>Para canalizar Reiki no se necesita ning\u00fan objeto, ni visualizaci\u00f3n, ni mentalizaci\u00f3n, ni rezo, ni fe para su aplicaci\u00f3n. No es ning\u00fan sistema religioso, ni filos\u00f3fico que proponga ning\u00fan tipo de restricci\u00f3n, etc. El \u00fanico requisito es ser previamente sintonizado y despu\u00e9s poner las manos.<\/p>\n\n\n\n<p>Reiki no reemplaza ning\u00fan tratamiento m\u00e9dico ni medicamentos, pero apoya cualquier terapia de una manera natural.<\/p>\n\n\n\n<p>La pr\u00e1ctica de Reiki est\u00e1 incorporada al contexto de las pr\u00e1cticas terap\u00e9uticas alternativas reconocidas por la Organizaci\u00f3n Mundial de la Salud (OMS.).<\/p>\n\n\n\n<p><strong>HISTORIA DE REIKI<\/strong><\/p>\n\n\n\n<p><strong>Antecedentes<\/strong>:<\/p>\n\n\n\n<p>Desde tiempos inmemoriales los humanos hemos usado la imposici\u00f3n de manos de forma instintiva sobre la zona dolorida. El toque humano da calor, conforta, serena y cura. Los animales hacen lo mismo lamiendo la herida.<\/p>\n\n\n\n<p>En el Tibet existen registros de t\u00e9cnicas de curaci\u00f3n por medio de las manos desde hace m\u00e1s de 8.00 a\u00f1os. Estas t\u00e9cnicas se expandieron por Grecia, Egipto, India y otros pa\u00edses, a pesar de que la t\u00e9cnica ha permanecido perdida durante milenios.<\/p>\n\n\n\n<p>Existen hechos que indican que Jes\u00fas practic\u00f3 Reiki en Egipto. Jes\u00fas aplicaba esta t\u00e9cnica con mucho \u00e9xito y tambi\u00e9n les dec\u00eda a sus ap\u00f3stoles \u201ccurad a los que est\u00e9n enfermos\u201d.<\/p>\n\n\n\n<p><strong>Mikao Usui \u2013Redescubridor de Reiki<\/strong><\/p>\n\n\n\n<p>Mikao Usui naci\u00f3 en Jap\u00f3n en 1868 y su historia que ha sido transmitida de forma oral de maestro a disc\u00edpulo contiene muchas controversias, ya que en el correr de los a\u00f1os y para ser introducido en Occidente sufri\u00f3 varias adulteraciones en lo relativo a su profesi\u00f3n y a su confesi\u00f3n religiosa.<\/p>\n\n\n\n<p>La esencia es que Mikao Usui estaba muy interesado por la curaci\u00f3n por las manos e investig\u00f3 durante varios a\u00f1os, viajando por diversos lugares, entre ellos Jap\u00f3n, Estados Unidos, India y Tibet, aprendiendo lenguas antiguas para estudiar antiguas escrituras guardadas en las bibliotecas de los monasterios. Despu\u00e9s de su largo peregrinaje por multitud de monasterios, encontr\u00f3 los cuatro s\u00edmbolos sagrados que utilizaba Buda para curar. Estos sutras escritos hace m\u00e1s de 2.500 a\u00f1os pon\u00edan en movimiento una energ\u00eda muy poderosa capaz de conducir un poder ilimitado de curaci\u00f3n\u2026 A pesar de ello le faltaba la explicaci\u00f3n de c\u00f3mo activarlos lo que le imposibilitaba para utilizarlos.<\/p>\n\n\n\n<p>En 1908 decidi\u00f3 iniciar un periodo de 21 d\u00edas de ayuno en el Monte Kurama, a las afueras de Kioto y all\u00ed, el \u00faltimo d\u00eda de ayuno absoluto, tuvo una visi\u00f3n con la comprensi\u00f3n de los s\u00edmbolos y su utilizaci\u00f3n. En ese momento Mikao Usui recibi\u00f3 su iniciaci\u00f3n, el conocimiento sobre los s\u00edmbolos y como activar el poder en otras personas. &nbsp;Dainich\u00ed (Divinidad nyorai)<\/p>\n\n\n\n<p>Mikao Usui, antes de fallecer en 1926 inici\u00f3 como maestros a 16 personas entre ellos al Dr. Chujiro Hayasi como a su sucesor, entreg\u00e1ndole la responsabilidad de transmitir la tradici\u00f3n Reiki. Este a su vez eligi\u00f3 a la Sra. Hawayo Takata, que fue quien introdujo Reiki en occidente.<\/p>\n\n\n\n<p><strong>LA SINTONIZACI\u00d3N Y LOS NIVELES DE REIKI<\/strong><\/p>\n\n\n\n<p>La sintonizaci\u00f3n, que tambi\u00e9n se llama iniciaci\u00f3n y alineamiento, es una ceremonia sagrada en donde un maestro, debidamente capacitado para ello, activa los centros energ\u00e9ticos superiores de la persona, haciendo que la vibraci\u00f3n y la frecuencia se eleven, proporcionando el poder de curar y armonizar, no solo a si misma, si no tambi\u00e9n a todos a los que toque.<\/p>\n\n\n\n<p>Las manos irradiar\u00e1n vibraciones que fluyen a trav\u00e9s de la cabeza cuando entran en zonas en desarmon\u00eda.<\/p>\n\n\n\n<p>Con la sintonizaci\u00f3n no solo se eleva la vibraci\u00f3n y frecuencia, si no que tambi\u00e9n se ampl\u00eda la conciencia, provocando una gran transformaci\u00f3n.<\/p>\n\n\n\n<p>Una vez realizada la sintonizaci\u00f3n quedar\u00e1 abierto el canal de Reiki para toda la vida.<\/p>\n\n\n\n<p>El Dr. Mikao Usui ense\u00f1\u00f3 tres niveles o grados que deben ser mantenidos en su esencia. Todos los niveles deben ser activados por un maestro para sintonizar con la energ\u00eda Reiki.<\/p>\n\n\n\n<p><strong><em>I nivel o f\u00edsico. El despertar<\/em><\/strong>. El I nivel, se le conoce como f\u00edsico, debido a que la transmisi\u00f3n de Reiki se produce por el contacto de las manos del terapeuta sobre el paciente. Se centra, principalmente, en la apertura del cuerpo f\u00edsico, para que sea receptivo a la gran cantidad de energ\u00eda que va a recibir.<\/p>\n\n\n\n<p>Es conveniente empezar con uno mismo diariamente, y, despu\u00e9s, dar tratamiento a familiares y amigos. Esa pr\u00e1ctica no tendr\u00e1 como efecto mejorar la calidad de la energ\u00eda que fluye de las manos, pero si enriquecer\u00e1 el bagaje de conocimientos sobre sensaciones, tiempos, posiciones, etc., que tienen por objeto alcanzar una armonizaci\u00f3n completa.<\/p>\n\n\n\n<p><strong><em>II nivel o mental. La transformaci\u00f3n<\/em><\/strong>. Este nivel es conocido como mental pues el practicante va a trabajar con problemas mentales y emocionales. En esta ocasi\u00f3n se hace una iniciaci\u00f3n a tres s\u00edmbolos sagrados (de los cuatro), que se ense\u00f1an y se sintonizan en las manos del participante. Los diferentes tipos de tratamiento dependen de la combinaci\u00f3n de estos tres s\u00edmbolos. Estos s\u00edmbolos pueden ser utilizados tambi\u00e9n para enviar energ\u00eda a trav\u00e9s del espacio y del tiempo.<\/p>\n\n\n\n<p><strong><em>III nivel o conciencia. La realizaci\u00f3n<\/em><\/strong>. Conocido como grado del maestro interior o conciencia. En este nivel recibimos un s\u00edmbolo sagrado que sirve para amplificar e intensificar los efectos de los s\u00edmbolos recibidos en el segundo nivel, capacitando al alumno para armonizar y curar a un gran n\u00famero de personas, una multitud, estados y hasta pa\u00edses. Podemos ser agentes de la regeneraci\u00f3n planetaria.<\/p>\n\n\n\n<p>El proceso de sintonizaci\u00f3n aporta un salto en el nivel de vibraci\u00f3n por lo menos dos veces mayor que el experimentado en el nivel I.<\/p>\n\n\n\n<p><strong><em>Nivel III-B o Maestr\u00eda.<\/em><\/strong> Este es el nivel del maestro de Reiki, tambi\u00e9n llamado espiritual. La persona sintonizada como maestro recibe los conocimientos de c\u00f3mo iniciar nuevos Reikianos. Esta iniciaci\u00f3n no obliga a ense\u00f1ar y muchas personas deciden tomar este nivel desde una perspectiva de crecimiento interior. Nivel de conciencia. Con la fase \u201cenerg\u00e9tica\u201d.<\/p>\n\n\n\n<p><strong>TRATAMIENTO REIKI A OTRAS PERSONAS<\/strong><\/p>\n\n\n\n<p>Para quien se quiere dedicar profesionalmente y \/ o en v\u00eda de servicio, el ideal es un ambiente dedicado exclusivamente a esta finalidad, para evitar vibraciones y energ\u00edas nocivas, bien ventilado, colores claros evitando los excitantes como amarillo y rojo, materiales naturales, con una luminosidad discreta o indirecta, con plantas que purifiquen el ambiente, etc. Retrata de cuidar al m\u00e1ximo el lugar con amor, armon\u00eda y belleza.<\/p>\n\n\n\n<p>Si esto no est\u00e1 disponible, es conveniente hacer en el ambiente una limpieza energ\u00e9tica antes del tratamiento. Los practicantes del nivel I, que todav\u00eda no conocen los s\u00edmbolos de limpieza, pueden visualizar primero una luz violeta que limpia el ambiente, despu\u00e9s una luz blanca que lo energetize y por \u00faltimo una luz dorada que lo selle. Despu\u00e9s de esto cualquier habitaci\u00f3n puede ser utilizada para el tratamiento.<\/p>\n\n\n\n<p>La m\u00fasica suave y relajante es importante para crear una atm\u00f3sfera adecuada. Tambi\u00e9n puede utilizar incienso, aunque es conveniente preguntar antes, pues amuchas personas les molestan los sahumerios.<\/p>\n\n\n\n<p>Es aconsejable una camilla, ya que la comodidad tanto del paciente como del terapeuta es importante, pues la camilla tiene una altura adecuada para que el terapeuta pueda permanecer de pie o sentado sin que se le cansen los brazos, pues el tratamiento puede durar una hora o m\u00e1s. Cuanto m\u00e1s relajado est\u00e9 el terapeuta mejor puede canalizar Reiki. Si no hay camilla puede servir una mesa o una cama. Tambi\u00e9n es aconsejable tapar o tener a mano alg\u00fan cobertor para tapar al receptor, ya que al relajarse puede sentir fr\u00edo.<\/p>\n\n\n\n<p>El terapeuta practicante no debe involucrarse emocionalmente con el problema del receptor, ni crear expectativas con relaci\u00f3n a los resultados, ni a la duraci\u00f3n del tratamiento. El receptor no necesita pensar en nada especial pues la energ\u00eda fluir\u00e1 libremente. El ideal es estar abierto a lo que venga.<\/p>\n\n\n\n<p>A los ancianos y ni\u00f1os no m\u00e1s de 20 minutos.<\/p>\n\n\n\n<p>La cantidad y la calidad de Reiki en la aplicaci\u00f3n est\u00e1 determinada por quien lo recibe; por esto, debe actuarse con cautela contra la creaci\u00f3n de patrones de reacci\u00f3n y est\u00edmulos. En ocasiones, Las personas pueden sentir calor, fr\u00edo, hormigueo, palpitaciones, vibraciones, ver colores, im\u00e1genes, recibir informaci\u00f3n ps\u00edquica, emocionarse, dormirse, etc., y muchas veces pueden no sentir nada, o apenas un leve relajamiento; sentir o no sentir no es un par\u00e1metro para juzgar la eficiencia del tratamiento.<\/p>\n\n\n\n<p>Es aconsejable dar siempre un tratamiento completo, luego, se pueden tratar las zonas m\u00e1s problem\u00e1ticas en especial. Cada posici\u00f3n ha de mantenerse de tres a cinco minutos. Un tratamiento completo suele durar de una hora a una hora y media. En las zonas con afecciones determinadas se mantiene la posici\u00f3n de diez a veinte minutos.<\/p>\n\n\n\n<p>Cuando se trata a personas muy enfermas, ancianas y tambi\u00e9n a ni\u00f1os, se comienza dando un tratamiento m\u00e1ximo entre veinte y treinta minutos.<\/p>\n\n\n\n<p>\u00ad Reiki es especialmente \u00fatil antes y despu\u00e9s de cualquier intervenci\u00f3n quir\u00fargica o quimioterapia.<\/p>\n\n\n\n<p>Es muy importante que la persona en tratamiento ingiera l\u00edquidos abundantemente durante los d\u00edas que dure el tratamiento para facilitar la desintoxicaci\u00f3n que Reiki estimula poderosamente. 21 d\u00edas de depuraci\u00f3n.<\/p>\n\n\n\n<p>Bajo ning\u00fan concepto se debe insistir en que las personas reciban Reiki, ya que es potestativo de cada uno y el Reiki se basa en el respeto al libre albedr\u00edo de cada persona.<\/p>\n\n\n\n<p><strong>Antes de empezar el tratamiento:<\/strong><\/p>\n\n\n\n<p>Para el terapeuta\/practicante: lavarse las manos con agua fr\u00eda.<\/p>\n\n\n\n<p>&nbsp; Aflojar cinturones, corbatas o cualquier otra prenda que apriete o produzca incomodidad.<\/p>\n\n\n\n<p>&nbsp; Durante el tratamiento es importante que ninguno mantenga una postura con las piernas cruzadas.<\/p>\n\n\n\n<p>&nbsp; Quitarse los zapatos<\/p>\n\n\n\n<p>&nbsp; Quitarse relojes, anillos, collares, etc.<\/p>\n\n\n\n<p>Para ambos, practicante y receptor:<\/p>\n\n\n\n<p>Para el receptor: ir al lavabo.<\/p>\n\n\n\n<p>Antes de empezar es conveniente que el practicante tenga un momento de centramiento consigo mismo para pedir a la energ\u00eda Reiki que fluya a trav\u00e9s suyo.<\/p>\n\n\n\n<p>El practicante mantendr\u00e1 unidos los dedos de las manos, inclusive el pulgar, para aplicar Reiki, coloc\u00e1ndolas en forma c\u00f3moda y relajada.<\/p>\n\n\n\n<p>Aunque las manos no se calienten no significa que no fluya Reiki, ya que siempre se acomoda a las necesidades del receptor.<\/p>\n\n\n\n<p><strong>Carmen Risue\u00f1o Izquierdo. Maestra de Reiki-Usui. Desde&nbsp; 2012.<\/strong><\/p>\n<\/div><\/div>\n\n<\/div><\/div>","protected":false},"excerpt":{"rendered":"<p>Reiki es un sistema de curaci\u00f3n por imposici\u00f3n de manos, sencilla y potente. Reiki es una palabra japonesa que significa energ\u00eda vital universal y se utiliza para &nbsp;&nbsp; identificar el Sistema Usui de Curaci\u00f3n Natural en homenaje a su descubridor MIKAO USUI ( Usui Shiki Ryoho). En el sistema Usui de Reiki fluye energ\u00eda curativa &hellip; <a href=\"https:\/\/crecimientointerior.com\/index.php\/reiki-2\/\" class=\"more-link\">Seguir leyendo <span class=\"screen-reader-text\">Que es el REIKI<\/span> <span class=\"meta-nav\">&rarr;<\/span><\/a><\/p>\n","protected":false},"author":1,"featured_media":0,"parent":0,"menu_order":8,"comment_status":"closed","ping_status":"closed","template":"","meta":{"footnotes":""},"class_list":["post-893","page","type-page","status-publish","hentry"],"_links":{"self":[{"href":"https:\/\/crecimientointerior.com\/index.php\/wp-json\/wp\/v2\/pages\/893","targetHints":{"allow":["GET"]}}],"collection":[{"href":"https:\/\/crecimientointerior.com\/index.php\/wp-json\/wp\/v2\/pages"}],"about":[{"href":"https:\/\/crecimientointerior.com\/index.php\/wp-json\/wp\/v2\/types\/page"}],"author":[{"embeddable":true,"href":"https:\/\/crecimientointerior.com\/index.php\/wp-json\/wp\/v2\/users\/1"}],"replies":[{"embeddable":true,"href":"https:\/\/crecimientointerior.com\/index.php\/wp-json\/wp\/v2\/comments?post=893"}],"version-history":[{"count":0,"href":"https:\/\/crecimientointerior.com\/index.php\/wp-json\/wp\/v2\/pages\/893\/revisions"}],"wp:attachment":[{"href":"https:\/\/crecimientointerior.com\/index.php\/wp-json\/wp\/v2\/media?parent=893"}],"curies":[{"name":"wp","href":"https:\/\/api.w.org\/{rel}","templated":true}]}}