{"id":885,"date":"2015-12-21T10:00:35","date_gmt":"2015-12-21T09:00:35","guid":{"rendered":"http:\/\/crecimientointerior.com\/?page_id=885"},"modified":"2020-02-21T11:11:46","modified_gmt":"2020-02-21T11:11:46","slug":"gestalt","status":"publish","type":"page","link":"https:\/\/crecimientointerior.com\/index.php\/gestalt\/","title":{"rendered":"GESTALT"},"content":{"rendered":"<h2 style=\"text-align: center;\"><span style=\"color: #000000;\"><strong><em>&#8212; Contenido &#8212;<\/em><\/strong><\/span><\/h2>\n<p style=\"text-align: center;\"><span style=\"color: #000000;\"><a style=\"color: #000000;\" href=\"https:\/\/crecimientointerior.com\/index.php\/\/gestalt\/la-terapia-gestalt\/\">Terapia Gestalt<\/a><\/span><br \/><span style=\"color: #000000;\"> <a style=\"color: #000000;\" href=\"https:\/\/crecimientointerior.com\/index.php\/\/gestalt\/las-esculturas-humanas\/\">Las figuras\u00a0humanas<\/a><\/span><\/p>\n<p style=\"text-align: center;\"><span style=\"color: #000000;\"><a style=\"color: #000000;\" href=\"https:\/\/crecimientointerior.com\/index.php\/\/gestalt\/bioenergetica\/\">Bioenerg\u00e9tica<\/a><\/span><br \/><span style=\"color: #000000;\"> <a style=\"color: #000000;\" href=\"https:\/\/crecimientointerior.com\/index.php\/\/gestalt\/articulos-sobre-gestalt\/\">Art\u00edculos sobre Gestalt<\/a><\/span><\/p>\n<p style=\"text-align: center;\"><a href=\"http:\/\/issuu.com\/crecimientointerior\/docs\/power_point-comunicacion_igualitari\/1\" target=\"_blank\" rel=\"noopener noreferrer\">Comunicaci\u00f3n Igualitaria<\/a><\/p>\n\n\n<p><\/p>\n","protected":false},"excerpt":{"rendered":"<p>&#8212; Contenido &#8212; Terapia Gestalt Las figuras\u00a0humanas Bioenerg\u00e9tica Art\u00edculos sobre Gestalt Comunicaci\u00f3n Igualitaria<\/p>\n","protected":false},"author":1,"featured_media":0,"parent":0,"menu_order":6,"comment_status":"closed","ping_status":"closed","template":"","meta":{"footnotes":""},"class_list":["post-885","page","type-page","status-publish","hentry"],"_links":{"self":[{"href":"https:\/\/crecimientointerior.com\/index.php\/wp-json\/wp\/v2\/pages\/885","targetHints":{"allow":["GET"]}}],"collection":[{"href":"https:\/\/crecimientointerior.com\/index.php\/wp-json\/wp\/v2\/pages"}],"about":[{"href":"https:\/\/crecimientointerior.com\/index.php\/wp-json\/wp\/v2\/types\/page"}],"author":[{"embeddable":true,"href":"https:\/\/crecimientointerior.com\/index.php\/wp-json\/wp\/v2\/users\/1"}],"replies":[{"embeddable":true,"href":"https:\/\/crecimientointerior.com\/index.php\/wp-json\/wp\/v2\/comments?post=885"}],"version-history":[{"count":0,"href":"https:\/\/crecimientointerior.com\/index.php\/wp-json\/wp\/v2\/pages\/885\/revisions"}],"wp:attachment":[{"href":"https:\/\/crecimientointerior.com\/index.php\/wp-json\/wp\/v2\/media?parent=885"}],"curies":[{"name":"wp","href":"https:\/\/api.w.org\/{rel}","templated":true}]}}