{"id":1617,"date":"2023-10-28T15:13:36","date_gmt":"2023-10-28T13:13:36","guid":{"rendered":"https:\/\/crecimientointerior.com\/?page_id=1617"},"modified":"2023-10-28T15:14:07","modified_gmt":"2023-10-28T13:14:07","slug":"que-creo-quien-creo-ser","status":"publish","type":"page","link":"https:\/\/crecimientointerior.com\/index.php\/que-creo-quien-creo-ser\/","title":{"rendered":"\u00bfQUE CREO, QUIEN CREO SER?"},"content":{"rendered":"<style>.kb-row-layout-id1617_969af0-7b > .kt-row-column-wrap{align-content:start;}:where(.kb-row-layout-id1617_969af0-7b > .kt-row-column-wrap) > .wp-block-kadence-column{justify-content:start;}.kb-row-layout-id1617_969af0-7b > .kt-row-column-wrap{column-gap:var(--global-kb-gap-md, 2rem);row-gap:var(--global-kb-gap-md, 2rem);max-width:1108px;padding-top:var(--global-kb-spacing-sm, 1.5rem);grid-template-columns:minmax(0, 1fr);}.kb-row-layout-id1617_969af0-7b > .kt-row-layout-overlay{opacity:0.30;}@media all and (max-width: 1024px){.kb-row-layout-id1617_969af0-7b > .kt-row-column-wrap{grid-template-columns:minmax(0, 1fr);}}@media all and (max-width: 767px){.kb-row-layout-id1617_969af0-7b > .kt-row-column-wrap{grid-template-columns:minmax(0, 1fr);}}<\/style><div class=\"kb-row-layout-wrap kb-row-layout-id1617_969af0-7b alignnone wp-block-kadence-rowlayout\"><div class=\"kt-row-column-wrap kt-has-1-columns kt-row-layout-equal kt-tab-layout-inherit kt-mobile-layout-row kt-row-valign-top kb-theme-content-width\">\n<style>.kadence-column1617_1676ef-c1 > .kt-inside-inner-col,.kadence-column1617_1676ef-c1 > .kt-inside-inner-col:before{border-top-left-radius:0px;border-top-right-radius:0px;border-bottom-right-radius:0px;border-bottom-left-radius:0px;}.kadence-column1617_1676ef-c1 > .kt-inside-inner-col{column-gap:var(--global-kb-gap-sm, 1rem);}.kadence-column1617_1676ef-c1 > .kt-inside-inner-col{flex-direction:column;}.kadence-column1617_1676ef-c1 > .kt-inside-inner-col > .aligncenter{width:100%;}.kadence-column1617_1676ef-c1 > .kt-inside-inner-col:before{opacity:0.3;}.kadence-column1617_1676ef-c1{position:relative;}@media all and (max-width: 1024px){.kadence-column1617_1676ef-c1 > .kt-inside-inner-col{flex-direction:column;justify-content:center;}}@media all and (max-width: 767px){.kadence-column1617_1676ef-c1 > .kt-inside-inner-col{flex-direction:column;justify-content:center;}}<\/style>\n<div class=\"wp-block-kadence-column kadence-column1617_1676ef-c1\"><div class=\"kt-inside-inner-col\"><style>.kb-row-layout-id1617_dcfb5a-b5 > .kt-row-column-wrap{align-content:start;}:where(.kb-row-layout-id1617_dcfb5a-b5 > .kt-row-column-wrap) > .wp-block-kadence-column{justify-content:start;}.kb-row-layout-id1617_dcfb5a-b5 > .kt-row-column-wrap{column-gap:var(--global-kb-gap-none, 0rem );row-gap:var(--global-kb-gap-none, 0rem );padding-top:var(--global-kb-spacing-sm, 1.5rem);padding-bottom:var(--global-kb-spacing-sm, 1.5rem);grid-template-columns:minmax(0, calc(30% - ((var(--global-kb-gap-none, 0rem ) * 1 )\/2)))minmax(0, calc(70% - ((var(--global-kb-gap-none, 0rem ) * 1 )\/2)));}.kb-row-layout-id1617_dcfb5a-b5 > .kt-row-layout-overlay{opacity:0.30;}@media all and (max-width: 1024px){.kb-row-layout-id1617_dcfb5a-b5 > .kt-row-column-wrap{grid-template-columns:minmax(0, 1fr) minmax(0, 2fr);}}@media all and (max-width: 767px){.kb-row-layout-id1617_dcfb5a-b5 > .kt-row-column-wrap{grid-template-columns:minmax(0, 1fr);}}<\/style><div class=\"kb-row-layout-wrap kb-row-layout-id1617_dcfb5a-b5 alignnone wp-block-kadence-rowlayout\"><div class=\"kt-row-column-wrap kt-has-2-columns kt-row-layout-right-golden kt-tab-layout-inherit kt-mobile-layout-row kt-row-valign-top\">\n<style>.kadence-column1617_8c7ec4-4b > .kt-inside-inner-col,.kadence-column1617_8c7ec4-4b > .kt-inside-inner-col:before{border-top-left-radius:0px;border-top-right-radius:0px;border-bottom-right-radius:0px;border-bottom-left-radius:0px;}.kadence-column1617_8c7ec4-4b > .kt-inside-inner-col{column-gap:var(--global-kb-gap-sm, 1rem);}.kadence-column1617_8c7ec4-4b > .kt-inside-inner-col{flex-direction:column;}.kadence-column1617_8c7ec4-4b > .kt-inside-inner-col > .aligncenter{width:100%;}.kadence-column1617_8c7ec4-4b > .kt-inside-inner-col:before{opacity:0.3;}.kadence-column1617_8c7ec4-4b{position:relative;}@media all and (max-width: 1024px){.kadence-column1617_8c7ec4-4b > .kt-inside-inner-col{flex-direction:column;justify-content:center;}}@media all and (max-width: 767px){.kadence-column1617_8c7ec4-4b > .kt-inside-inner-col{flex-direction:column;justify-content:center;}}<\/style>\n<div class=\"wp-block-kadence-column kadence-column1617_8c7ec4-4b\"><div class=\"kt-inside-inner-col\">\n<figure class=\"wp-block-image size-full is-resized\"><img loading=\"lazy\" decoding=\"async\" width=\"279\" height=\"181\" src=\"https:\/\/crecimientointerior.com\/wp-content\/uploads\/2023\/10\/rueda.jpg\" alt=\"\" class=\"wp-image-1601\" style=\"aspect-ratio:1.5414364640883977;width:269px;height:auto\" srcset=\"https:\/\/crecimientointerior.com\/wp-content\/uploads\/2023\/10\/rueda.jpg 279w, https:\/\/crecimientointerior.com\/wp-content\/uploads\/2023\/10\/rueda-270x175.jpg 270w\" sizes=\"auto, (max-width: 279px) 100vw, 279px\" \/><\/figure>\n<\/div><\/div>\n\n\n<style>.kadence-column1617_8d08fe-fb > .kt-inside-inner-col,.kadence-column1617_8d08fe-fb > .kt-inside-inner-col:before{border-top-left-radius:0px;border-top-right-radius:0px;border-bottom-right-radius:0px;border-bottom-left-radius:0px;}.kadence-column1617_8d08fe-fb > .kt-inside-inner-col{column-gap:var(--global-kb-gap-sm, 1rem);}.kadence-column1617_8d08fe-fb > .kt-inside-inner-col{flex-direction:column;}.kadence-column1617_8d08fe-fb > .kt-inside-inner-col > .aligncenter{width:100%;}.kadence-column1617_8d08fe-fb > .kt-inside-inner-col:before{opacity:0.3;}.kadence-column1617_8d08fe-fb{position:relative;}@media all and (max-width: 1024px){.kadence-column1617_8d08fe-fb > .kt-inside-inner-col{flex-direction:column;justify-content:center;}}@media all and (max-width: 767px){.kadence-column1617_8d08fe-fb > .kt-inside-inner-col{flex-direction:column;justify-content:center;}}<\/style>\n<div class=\"wp-block-kadence-column kadence-column1617_8d08fe-fb\"><div class=\"kt-inside-inner-col\">\n<h2 class=\"wp-block-heading has-text-align-center\"><strong>\u00bfQUE CREO, QUIEN CREO SER?,<\/strong><\/h2>\n\n\n\n<p class=\"has-text-align-center\"><strong>\u00bfQUE HAGO PARA DESLIGARME DE MIS ENGA\u00d1OS?<\/strong><\/p>\n\n\n\n<p class=\"has-text-align-center\"><strong><u>No vemos las cosas como son, sino, como somos<\/u><\/strong><\/p>\n<\/div><\/div>\n\n<\/div><\/div><\/div><\/div>\n\n<\/div><\/div>\n\n<style>.kb-row-layout-id1617_98c661-90 > .kt-row-column-wrap{align-content:start;}:where(.kb-row-layout-id1617_98c661-90 > .kt-row-column-wrap) > .wp-block-kadence-column{justify-content:start;}.kb-row-layout-id1617_98c661-90 > .kt-row-column-wrap{column-gap:var(--global-kb-gap-md, 2rem);row-gap:var(--global-kb-gap-md, 2rem);max-width:1108px;padding-bottom:var(--global-kb-spacing-sm, 1.5rem);grid-template-columns:minmax(0, 1fr);}.kb-row-layout-id1617_98c661-90 > .kt-row-layout-overlay{opacity:0.30;}@media all and (max-width: 1024px){.kb-row-layout-id1617_98c661-90 > .kt-row-column-wrap{grid-template-columns:minmax(0, 1fr);}}@media all and (max-width: 767px){.kb-row-layout-id1617_98c661-90 > .kt-row-column-wrap{grid-template-columns:minmax(0, 1fr);}}p{  text-indent: 36px;  font-family: Calibri;  text-align: justify;  line-height: 110%;  color:black;}<\/style><div class=\"kb-row-layout-wrap kb-row-layout-id1617_98c661-90 alignnone wp-block-kadence-rowlayout\"><div class=\"kt-row-column-wrap kt-has-1-columns kt-row-layout-equal kt-tab-layout-inherit kt-mobile-layout-row kt-row-valign-top kb-theme-content-width\">\n<style>.kadence-column1617_672ac1-8b > .kt-inside-inner-col,.kadence-column1617_672ac1-8b > .kt-inside-inner-col:before{border-top-left-radius:0px;border-top-right-radius:0px;border-bottom-right-radius:0px;border-bottom-left-radius:0px;}.kadence-column1617_672ac1-8b > .kt-inside-inner-col{column-gap:var(--global-kb-gap-sm, 1rem);}.kadence-column1617_672ac1-8b > .kt-inside-inner-col{flex-direction:column;}.kadence-column1617_672ac1-8b > .kt-inside-inner-col > .aligncenter{width:100%;}.kadence-column1617_672ac1-8b > .kt-inside-inner-col:before{opacity:0.3;}.kadence-column1617_672ac1-8b{position:relative;}@media all and (max-width: 1024px){.kadence-column1617_672ac1-8b > .kt-inside-inner-col{flex-direction:column;justify-content:center;}}@media all and (max-width: 767px){.kadence-column1617_672ac1-8b > .kt-inside-inner-col{flex-direction:column;justify-content:center;}}<\/style>\n<div class=\"wp-block-kadence-column kadence-column1617_672ac1-8b\"><div class=\"kt-inside-inner-col\">\n<p><strong>El proceso de identificar creencias lleva tiempo<\/strong>, es una invitaci\u00f3n a ser sinceros con nosotros mismos respecto de lo que pensamos, creemos e interpretamos. Tiene que ver con el OBSERVADOR que estamos siendo. Detr\u00e1s de las emociones est\u00e1 el OBSERVADOR que genera determinadas emociones. Siento lo que siento porque hay interpretaciones en base a mi observador. Por otro lado, si me estoy identificando con el Eneatipo 6 y no veo en mi la desconfianza te invitar\u00eda a hacer un proceso m\u00e1s profundo. Hay algo que claramente no est\u00e1s viendo\u2026 o no est\u00e1s viendo la desconfianza (que es nuclear en el eneatipo 6 y tiene que ver con su principal dificultad) o no es tu eneatipo dominante y no est\u00e1s viendo tu pasi\u00f3n. En cualquier caso, la clave est\u00e1 en ir m\u00e1s profundo. Esto significa sostener la auto observaci\u00f3n y poner foco en la introspecci\u00f3n\u2026<\/p>\n\n\n\n<p>La invitaci\u00f3n es poder identificar <strong>una de las 9 creencias<\/strong> que te\/me pueda estar limitando en este momento de tu\/mi vida.<\/p>\n\n\n\n<p><strong>Pasiones&nbsp;&nbsp; y&nbsp;&nbsp; fijaciones:<\/strong><\/p>\n\n\n\n<p>Eneatipo 1: resentimiento, no aceptaci\u00f3n y resistencia desde la superioridad moral. Eneatipo 2: falsa abundancia, dificultad para ver y reconocer la propia carencia. Eneatipo 3: falsedad, fingir, marketing de s\u00ed mismo buscando reconocimiento. Eneatipo 4: falsa carencia, conexi\u00f3n con el vac\u00edo, insatisfacci\u00f3n y anhelo. Eneatipo 5: distanciamiento, no apego, frialdad, desconexi\u00f3n de la emocionalidad. Eneatipo 6: acusaci\u00f3n, proyecci\u00f3n de inseguridades, duda y ambivalencia. Eneatipo 7: autoindulgencia, permisividad, trivialidad, superficialidad. Eneatipo 8: venganza, ajuste de cuentas, dominaci\u00f3n, antivulnerabilidad. Eneatipo 9: indolencia, despreocupaci\u00f3n, adormecimiento, descuido. Las 9 fijaciones: Cada fijaci\u00f3n se asocia a varias creencias que nos mantienen atrapados en esa distorsi\u00f3n. Es necesario explorar, auto observarnos y ser sinceros de lo que nos pasa en nuestro interior. Siempre relacion\u00e1ndonos con otrx, el otrx o lxos otrxs. Unx en solitario, puede caer en enga\u00f1os e interpretaciones no correctas, relacionado, se ve mucho mejor.<\/p>\n\n\n\n<p><strong>El eneatipo se descubre en base a la PASI\u00d3N y la FIJACI\u00d3N<\/strong>, es importante identificar cu\u00e1l de las 9 pasiones y fijaciones representan nuestro mayor obst\u00e1culo y dificultad. No solo en el trabajo sino en general. Por mucho trabajo personal realizado, la pasi\u00f3n y la fijaci\u00f3n siguen all\u00ed. Es importante lograr observarlas a diario porque eso nos permitir\u00e1 ACEPTAR lo que nos pasa para luego poder transformarlo, no identificarnos con \u201cesa&nbsp; verdad obsoleta \/ creencia\u201d.<\/p>\n\n\n\n<p><strong>Que creo profundamente por debajo de mi pasi\u00f3n y fijaci\u00f3n?<\/strong><\/p>\n\n\n\n<p><strong>Eneas 1 \u2013 RESENTIMIENTO \/ hay que corregir todo lo que esta mal.<\/strong><\/p>\n\n\n\n<p><strong>Eneas 2 &#8211; FALSA ABUNDANCIA \/ debo ser imprescindible e importante para los dem\u00e1s.<\/strong><\/p>\n\n\n\n<p><strong>Eneas 3 \u2013 FINGIR, ENGA\u00d1AR \/ se me quiere por lo que hago.<\/strong><\/p>\n\n\n\n<p><strong>Eneas 4 \u2013 FALSA CARENCIA \/ algo me falta y adem\u00e1s, no soy suficiente, insatisfecha\/o.<\/strong><\/p>\n\n\n\n<p><strong>Eneas 5 \u2013 DISTANCIAMIENTO \/ no conviene entregarse ni depender de nadie.<\/strong><\/p>\n\n\n\n<p><strong>Eneas 6 \u2013 ACUSACI\u00d3N \/ no conviene fiarse de nadie.<\/strong><\/p>\n\n\n\n<p><strong>Eneas 7 \u2013 AUTOINDULGENCIA \/ no conviene detenerse en nada que me duela.<\/strong><\/p>\n\n\n\n<p><strong>Eneas 8 \u2013 VENGANZA \/ soy el fuerte y no necesito de nadie.<\/strong><\/p>\n\n\n\n<p><strong>Eneas 9 \u2013 INDOLENCIA \/ no tiene importancia mirar en el interior.<\/strong><\/p>\n\n\n\n<p><\/p>\n\n\n\n<p class=\"has-text-align-center\"><strong>Mis creencias, patrones obsoletos, mandatos de mi infancia,<\/strong><\/p>\n\n\n\n<p class=\"has-text-align-center\"><strong>no me favorecen en mi reorganizaci\u00f3n central de mi SER<\/strong><\/p>\n\n\n\n<p class=\"has-text-align-center\"><strong>-Conscientes o inconscientes. &#8211; Potenciadoras o limitantes-<\/strong><\/p>\n\n\n\n<p class=\"has-text-align-center\"><strong>Auto-observaci\u00f3n e introspecci\u00f3n, guiada y apoyada<\/strong><\/p>\n\n\n\n<p><\/p>\n\n\n\n<p><strong>El verdadero plan del ALMA ES, no identificarnos con, y si VIVIR LA VIDA en PLENITUD<\/strong><\/p>\n\n\n\n<p><strong>Suerte y Salud. Un gusto compartir.<\/strong><\/p>\n\n\n\n<p><strong>&nbsp;Carmen R.<\/strong><\/p>\n\n\n<style>.kb-row-layout-id1617_7adf19-54 > .kt-row-column-wrap{align-content:start;}:where(.kb-row-layout-id1617_7adf19-54 > .kt-row-column-wrap) > .wp-block-kadence-column{justify-content:start;}.kb-row-layout-id1617_7adf19-54 > .kt-row-column-wrap{column-gap:var(--global-kb-gap-md, 2rem);row-gap:var(--global-kb-gap-md, 2rem);padding-top:var(--global-kb-spacing-sm, 1.5rem);padding-bottom:var(--global-kb-spacing-sm, 1.5rem);grid-template-columns:repeat(2, minmax(0, 1fr));}.kb-row-layout-id1617_7adf19-54 > .kt-row-layout-overlay{opacity:0.30;}@media all and (max-width: 1024px){.kb-row-layout-id1617_7adf19-54 > .kt-row-column-wrap{grid-template-columns:repeat(2, minmax(0, 1fr));}}@media all and (max-width: 767px){.kb-row-layout-id1617_7adf19-54 > .kt-row-column-wrap{grid-template-columns:minmax(0, 1fr);}}<\/style><div class=\"kb-row-layout-wrap kb-row-layout-id1617_7adf19-54 alignnone wp-block-kadence-rowlayout\"><div class=\"kt-row-column-wrap kt-has-2-columns kt-row-layout-equal kt-tab-layout-inherit kt-mobile-layout-row kt-row-valign-top\">\n<style>.kadence-column1617_e75bcb-8b > .kt-inside-inner-col,.kadence-column1617_e75bcb-8b > .kt-inside-inner-col:before{border-top-left-radius:0px;border-top-right-radius:0px;border-bottom-right-radius:0px;border-bottom-left-radius:0px;}.kadence-column1617_e75bcb-8b > .kt-inside-inner-col{column-gap:var(--global-kb-gap-sm, 1rem);}.kadence-column1617_e75bcb-8b > .kt-inside-inner-col{flex-direction:column;}.kadence-column1617_e75bcb-8b > .kt-inside-inner-col > .aligncenter{width:100%;}.kadence-column1617_e75bcb-8b > .kt-inside-inner-col:before{opacity:0.3;}.kadence-column1617_e75bcb-8b{position:relative;}@media all and (max-width: 1024px){.kadence-column1617_e75bcb-8b > .kt-inside-inner-col{flex-direction:column;justify-content:center;}}@media all and (max-width: 767px){.kadence-column1617_e75bcb-8b > .kt-inside-inner-col{flex-direction:column;justify-content:center;}}<\/style>\n<div class=\"wp-block-kadence-column kadence-column1617_e75bcb-8b\"><div class=\"kt-inside-inner-col\">\n<figure class=\"wp-block-image size-full\"><img loading=\"lazy\" decoding=\"async\" width=\"500\" height=\"500\" src=\"https:\/\/crecimientointerior.com\/wp-content\/uploads\/2023\/10\/cuerpo.jpg\" alt=\"\" class=\"wp-image-1618\" srcset=\"https:\/\/crecimientointerior.com\/wp-content\/uploads\/2023\/10\/cuerpo.jpg 500w, https:\/\/crecimientointerior.com\/wp-content\/uploads\/2023\/10\/cuerpo-300x300.jpg 300w, https:\/\/crecimientointerior.com\/wp-content\/uploads\/2023\/10\/cuerpo-150x150.jpg 150w, https:\/\/crecimientointerior.com\/wp-content\/uploads\/2023\/10\/cuerpo-270x270.jpg 270w\" sizes=\"auto, (max-width: 500px) 100vw, 500px\" \/><\/figure>\n<\/div><\/div>\n\n\n<style>.kadence-column1617_068d66-b9 > .kt-inside-inner-col,.kadence-column1617_068d66-b9 > .kt-inside-inner-col:before{border-top-left-radius:0px;border-top-right-radius:0px;border-bottom-right-radius:0px;border-bottom-left-radius:0px;}.kadence-column1617_068d66-b9 > .kt-inside-inner-col{column-gap:var(--global-kb-gap-sm, 1rem);}.kadence-column1617_068d66-b9 > .kt-inside-inner-col{flex-direction:column;}.kadence-column1617_068d66-b9 > .kt-inside-inner-col > .aligncenter{width:100%;}.kadence-column1617_068d66-b9 > .kt-inside-inner-col:before{opacity:0.3;}.kadence-column1617_068d66-b9{position:relative;}@media all and (max-width: 1024px){.kadence-column1617_068d66-b9 > .kt-inside-inner-col{flex-direction:column;justify-content:center;}}@media all and (max-width: 767px){.kadence-column1617_068d66-b9 > .kt-inside-inner-col{flex-direction:column;justify-content:center;}}<\/style>\n<div class=\"wp-block-kadence-column kadence-column1617_068d66-b9\"><div class=\"kt-inside-inner-col\">\n<figure class=\"wp-block-image size-full\"><img loading=\"lazy\" decoding=\"async\" width=\"669\" height=\"505\" src=\"https:\/\/crecimientointerior.com\/wp-content\/uploads\/2023\/10\/escenas.jpg\" alt=\"\" class=\"wp-image-1619\" srcset=\"https:\/\/crecimientointerior.com\/wp-content\/uploads\/2023\/10\/escenas.jpg 669w, https:\/\/crecimientointerior.com\/wp-content\/uploads\/2023\/10\/escenas-300x226.jpg 300w, https:\/\/crecimientointerior.com\/wp-content\/uploads\/2023\/10\/escenas-270x204.jpg 270w\" sizes=\"auto, (max-width: 669px) 100vw, 669px\" \/><\/figure>\n<\/div><\/div>\n\n<\/div><\/div><\/div><\/div>\n\n<\/div><\/div>\n\n\n<p class=\"has-text-color\" style=\"color:#2a79a6;font-size:14px\"><strong>p\u00e1g. <\/strong><strong>3<\/strong><strong> Trabajo desarrollado desde mi formaci\u00f3n y practicas con Claudio Naranjo en su Escuela Espa\u00f1ola (Quintana de Valdivielso-Burgos\/Vitoria) y los seminarios posteriores, este concretamente con Mellisa Santilli.<\/strong><\/p>\n\n\n\n<p class=\"has-text-color\" style=\"color:#2a79a6;font-size:14px\"><strong>Carmen Risue\u00f1o Izquierdo. Enfermera, formada en diferentes herramientas psicoterap\u00e9uticas y de desarrollo personal: Proceso Fisher Hoffman. Metodolog\u00eda Hamer. An\u00e1lisis transaccional. Eneagrama de la personalidad. Gestalt. Esencias florales. Energy focusing. Reiki-Usui. Reflexolog\u00eda podal. Biomagnetismo y par biomegnetico. Bioenergetica y nuevamente Hamer.<\/strong><\/p>\n","protected":false},"excerpt":{"rendered":"<p>\u00bfQUE CREO, QUIEN CREO SER?, \u00bfQUE HAGO PARA DESLIGARME DE MIS ENGA\u00d1OS? No vemos las cosas como son, sino, como somos El proceso de identificar creencias lleva tiempo, es una invitaci\u00f3n a ser sinceros con nosotros mismos respecto de lo que pensamos, creemos e interpretamos. Tiene que ver con el OBSERVADOR que estamos siendo. Detr\u00e1s &hellip; <a href=\"https:\/\/crecimientointerior.com\/index.php\/que-creo-quien-creo-ser\/\" class=\"more-link\">Seguir leyendo <span class=\"screen-reader-text\">\u00bfQUE CREO, QUIEN CREO SER?<\/span> <span class=\"meta-nav\">&rarr;<\/span><\/a><\/p>\n","protected":false},"author":1,"featured_media":0,"parent":0,"menu_order":0,"comment_status":"closed","ping_status":"closed","template":"","meta":{"footnotes":""},"class_list":["post-1617","page","type-page","status-publish","hentry"],"_links":{"self":[{"href":"https:\/\/crecimientointerior.com\/index.php\/wp-json\/wp\/v2\/pages\/1617","targetHints":{"allow":["GET"]}}],"collection":[{"href":"https:\/\/crecimientointerior.com\/index.php\/wp-json\/wp\/v2\/pages"}],"about":[{"href":"https:\/\/crecimientointerior.com\/index.php\/wp-json\/wp\/v2\/types\/page"}],"author":[{"embeddable":true,"href":"https:\/\/crecimientointerior.com\/index.php\/wp-json\/wp\/v2\/users\/1"}],"replies":[{"embeddable":true,"href":"https:\/\/crecimientointerior.com\/index.php\/wp-json\/wp\/v2\/comments?post=1617"}],"version-history":[{"count":0,"href":"https:\/\/crecimientointerior.com\/index.php\/wp-json\/wp\/v2\/pages\/1617\/revisions"}],"wp:attachment":[{"href":"https:\/\/crecimientointerior.com\/index.php\/wp-json\/wp\/v2\/media?parent=1617"}],"curies":[{"name":"wp","href":"https:\/\/api.w.org\/{rel}","templated":true}]}}