{"id":1587,"date":"2023-10-20T03:36:10","date_gmt":"2023-10-20T01:36:10","guid":{"rendered":"https:\/\/crecimientointerior.com\/?page_id=1587"},"modified":"2023-10-20T03:36:37","modified_gmt":"2023-10-20T01:36:37","slug":"las-alas-en-el-eneagrama-de-la-personalidad","status":"publish","type":"page","link":"https:\/\/crecimientointerior.com\/index.php\/las-alas-en-el-eneagrama-de-la-personalidad\/","title":{"rendered":"Las ALAS en el ENEAGRAMA de la PERSONALIDAD"},"content":{"rendered":"<style>.kb-row-layout-id1587_ed76ed-6d > .kt-row-column-wrap{align-content:start;}:where(.kb-row-layout-id1587_ed76ed-6d > .kt-row-column-wrap) > .wp-block-kadence-column{justify-content:start;}.kb-row-layout-id1587_ed76ed-6d > .kt-row-column-wrap{column-gap:var(--global-kb-gap-md, 2rem);row-gap:var(--global-kb-gap-md, 2rem);padding-top:var(--global-kb-spacing-sm, 1.5rem);padding-bottom:var(--global-kb-spacing-sm, 1.5rem);grid-template-columns:minmax(0, 1fr);}.kb-row-layout-id1587_ed76ed-6d > .kt-row-layout-overlay{opacity:0.30;}@media all and (max-width: 1024px){.kb-row-layout-id1587_ed76ed-6d > .kt-row-column-wrap{grid-template-columns:minmax(0, 1fr);}}@media all and (max-width: 767px){.kb-row-layout-id1587_ed76ed-6d > .kt-row-column-wrap{grid-template-columns:minmax(0, 1fr);}}p{  text-indent: 40px;  font-family: Calibri;  text-align: justify;}<\/style><div class=\"kb-row-layout-wrap kb-row-layout-id1587_ed76ed-6d alignnone wp-block-kadence-rowlayout\"><div class=\"kt-row-column-wrap kt-has-1-columns kt-row-layout-equal kt-tab-layout-inherit kt-mobile-layout-row kt-row-valign-top\">\n<style>.kadence-column1587_e3b474-45 > .kt-inside-inner-col,.kadence-column1587_e3b474-45 > .kt-inside-inner-col:before{border-top-left-radius:0px;border-top-right-radius:0px;border-bottom-right-radius:0px;border-bottom-left-radius:0px;}.kadence-column1587_e3b474-45 > .kt-inside-inner-col{column-gap:var(--global-kb-gap-sm, 1rem);}.kadence-column1587_e3b474-45 > .kt-inside-inner-col{flex-direction:column;}.kadence-column1587_e3b474-45 > .kt-inside-inner-col > .aligncenter{width:100%;}.kadence-column1587_e3b474-45 > .kt-inside-inner-col:before{opacity:0.3;}.kadence-column1587_e3b474-45{position:relative;}@media all and (max-width: 1024px){.kadence-column1587_e3b474-45 > .kt-inside-inner-col{flex-direction:column;justify-content:center;}}@media all and (max-width: 767px){.kadence-column1587_e3b474-45 > .kt-inside-inner-col{flex-direction:column;justify-content:center;}}<\/style>\n<div class=\"wp-block-kadence-column kadence-column1587_e3b474-45\"><div class=\"kt-inside-inner-col\"><style>.kb-row-layout-id1587_c1e08b-8b > .kt-row-column-wrap{align-content:start;}:where(.kb-row-layout-id1587_c1e08b-8b > .kt-row-column-wrap) > .wp-block-kadence-column{justify-content:start;}.kb-row-layout-id1587_c1e08b-8b > .kt-row-column-wrap{column-gap:var(--global-kb-gap-md, 2rem);row-gap:var(--global-kb-gap-md, 2rem);padding-top:var(--global-kb-spacing-sm, 1.5rem);padding-bottom:var(--global-kb-spacing-sm, 1.5rem);grid-template-columns:repeat(2, minmax(0, 1fr));}.kb-row-layout-id1587_c1e08b-8b > .kt-row-layout-overlay{opacity:0.30;}@media all and (max-width: 1024px){.kb-row-layout-id1587_c1e08b-8b > .kt-row-column-wrap{grid-template-columns:repeat(2, minmax(0, 1fr));}}@media all and (max-width: 767px){.kb-row-layout-id1587_c1e08b-8b > .kt-row-column-wrap{grid-template-columns:minmax(0, 1fr);}}<\/style><div class=\"kb-row-layout-wrap kb-row-layout-id1587_c1e08b-8b alignnone wp-block-kadence-rowlayout\"><div class=\"kt-row-column-wrap kt-has-2-columns kt-row-layout-equal kt-tab-layout-inherit kt-mobile-layout-row kt-row-valign-top\">\n<style>.kadence-column1587_f4ccf4-f6 > .kt-inside-inner-col,.kadence-column1587_f4ccf4-f6 > .kt-inside-inner-col:before{border-top-left-radius:0px;border-top-right-radius:0px;border-bottom-right-radius:0px;border-bottom-left-radius:0px;}.kadence-column1587_f4ccf4-f6 > .kt-inside-inner-col{column-gap:var(--global-kb-gap-sm, 1rem);}.kadence-column1587_f4ccf4-f6 > .kt-inside-inner-col{flex-direction:column;}.kadence-column1587_f4ccf4-f6 > .kt-inside-inner-col > .aligncenter{width:100%;}.kadence-column1587_f4ccf4-f6 > .kt-inside-inner-col:before{opacity:0.3;}.kadence-column1587_f4ccf4-f6{position:relative;}@media all and (max-width: 1024px){.kadence-column1587_f4ccf4-f6 > .kt-inside-inner-col{flex-direction:column;justify-content:center;}}@media all and (max-width: 767px){.kadence-column1587_f4ccf4-f6 > .kt-inside-inner-col{flex-direction:column;justify-content:center;}}<\/style>\n<div class=\"wp-block-kadence-column kadence-column1587_f4ccf4-f6\"><div class=\"kt-inside-inner-col\">\n<figure class=\"wp-block-image size-full\"><img loading=\"lazy\" decoding=\"async\" width=\"1024\" height=\"683\" src=\"https:\/\/crecimientointerior.com\/wp-content\/uploads\/2023\/10\/d1.jpg\" alt=\"\" class=\"wp-image-1588\" srcset=\"https:\/\/crecimientointerior.com\/wp-content\/uploads\/2023\/10\/d1.jpg 1024w, https:\/\/crecimientointerior.com\/wp-content\/uploads\/2023\/10\/d1-300x200.jpg 300w, https:\/\/crecimientointerior.com\/wp-content\/uploads\/2023\/10\/d1-768x512.jpg 768w, https:\/\/crecimientointerior.com\/wp-content\/uploads\/2023\/10\/d1-270x180.jpg 270w\" sizes=\"auto, (max-width: 1024px) 100vw, 1024px\" \/><\/figure>\n<\/div><\/div>\n\n\n<style>.kadence-column1587_e25c64-8e > .kt-inside-inner-col,.kadence-column1587_e25c64-8e > .kt-inside-inner-col:before{border-top-left-radius:0px;border-top-right-radius:0px;border-bottom-right-radius:0px;border-bottom-left-radius:0px;}.kadence-column1587_e25c64-8e > .kt-inside-inner-col{column-gap:var(--global-kb-gap-sm, 1rem);}.kadence-column1587_e25c64-8e > .kt-inside-inner-col{flex-direction:column;}.kadence-column1587_e25c64-8e > .kt-inside-inner-col > .aligncenter{width:100%;}.kadence-column1587_e25c64-8e > .kt-inside-inner-col:before{opacity:0.3;}.kadence-column1587_e25c64-8e{position:relative;}@media all and (max-width: 1024px){.kadence-column1587_e25c64-8e > .kt-inside-inner-col{flex-direction:column;justify-content:center;}}@media all and (max-width: 767px){.kadence-column1587_e25c64-8e > .kt-inside-inner-col{flex-direction:column;justify-content:center;}}<\/style>\n<div class=\"wp-block-kadence-column kadence-column1587_e25c64-8e\"><div class=\"kt-inside-inner-col\">\n<p>Teniendo en cuenta que vemos someramente de que va cada Eneatipo\/Eneas, como se estructuran las Tr\u00edadas y, cuales ser\u00edan \u201clos roles\u201d de cada una y cada tipo de personalidad.<\/p>\n\n\n\n<p>Ahora vemos a lo que se le llaman ALAS, ser\u00e1n los Eneatipos de cada lado del Eneatipo a estudiar, observar, trabajar, revisar\u2026.<\/p>\n<\/div><\/div>\n\n<\/div><\/div>\n\n\n<p>En el Eneagrama las llamadas \u201calas\u201d son los tipos de personalidad que est\u00e1n a la derecha y a la izquierda de nuestro eneatipo principal.<\/p>\n\n\n\n<p><strong>Las alas y los tipos adlaterales:<\/strong><\/p>\n\n\n\n<p>Ver\u00e1s que muchas veces la gente que habla del Eneagrama <strong>se identifica con un n\u00famero del eneagrama seguido de un ala<\/strong>. <em>Por ejemplo <\/em>dir\u00e1n o diremos \u201ctengo personalidad tipo 2 con ala 3\u201d.<\/p>\n\n\n\n<p>En su conducta podr\u00e1n verse caracter\u00edsticas del 3, y es posible que hasta a los dem\u00e1s \u2013 como observadores de comportamiento y no de motivaci\u00f3n \u2013 les pueda parecer ser una persona con eneatipo 3 y ala 2, en vez de al rev\u00e9s. Esto es, muy interesante. Desde donde parto, desde donde voy hacia\u2026. No solo lo que veo, es mucho m\u00e1s y mejor.<\/p>\n\n\n\n<p>Seg\u00fan el eneatipo que una persona tenga y su ala principal (o \u00fanica ala seg\u00fan algunos\u2026 Claudio Naranjo &#8211; fallecido en el veranos del 2019, postulaba que cada TIPO tendr\u00e1 dos alas) podr\u00edamos describir 18 tipos de personalidad diferentes, estos son los tipos adlaterales: tipo 1 con ala 9, tipo 1 con ala 2, tipo 2 con ala 1, tipo 2 con ala 3, etc\u2026.<\/p>\n\n\n\n<p>Estas descripciones pueden no ser tan \u00fatiles como las resultantes por subdividir a cada eneatipo por su <a href=\"https:\/\/eneagramaconleche.com\/7-conceptos-basicos-del-eneagrama\/\">instinto<\/a> principal (los hasta ahora descritos 27 <a href=\"https:\/\/eneagramaconleche.com\/7-conceptos-basicos-del-eneagrama\/\">subtipos<\/a> seg\u00fan los instintos de conservaci\u00f3n, social o \u00edntimo\/sexual) pero a\u00fan as\u00ed, algo nos ense\u00f1an y sobre todo nos pueden ayudar a identificar hacia qu\u00e9 ala nos inclinamos m\u00e1s y qu\u00e9 podemos hacer por crecer y desarrollarnos mejor, m\u00e1s \u00edntimamente con claridad y con verdad; teniendo tambi\u00e9n en cuenta que, emerger\u00e1 en ocasiones por s\u00ed solo y tras el gran trabajo, el punto ciego, lo mejor de lo mejor.<\/p>\n\n\n\n<p><strong>\u00bfCu\u00e1ndo nos salen las alas?<\/strong><\/p>\n\n\n\n<p>Tradicionalmente se ense\u00f1aba que en la primera mitad de la vida se desarrolla un ala y en la segunda, la otra. <em>Somos angelitos sin saberlo.<\/em><\/p>\n\n\n<style>.kb-row-layout-id1587_b1ba5b-8a > .kt-row-column-wrap{align-content:start;}:where(.kb-row-layout-id1587_b1ba5b-8a > .kt-row-column-wrap) > .wp-block-kadence-column{justify-content:start;}.kb-row-layout-id1587_b1ba5b-8a > .kt-row-column-wrap{column-gap:var(--global-kb-gap-md, 2rem);row-gap:var(--global-kb-gap-md, 2rem);padding-top:var(--global-kb-spacing-sm, 1.5rem);padding-bottom:var(--global-kb-spacing-sm, 1.5rem);grid-template-columns:repeat(2, minmax(0, 1fr));}.kb-row-layout-id1587_b1ba5b-8a > .kt-row-layout-overlay{opacity:0.30;}@media all and (max-width: 1024px){.kb-row-layout-id1587_b1ba5b-8a > .kt-row-column-wrap{grid-template-columns:repeat(2, minmax(0, 1fr));}}@media all and (max-width: 767px){.kb-row-layout-id1587_b1ba5b-8a > .kt-row-column-wrap{grid-template-columns:minmax(0, 1fr);}}<\/style><div class=\"kb-row-layout-wrap kb-row-layout-id1587_b1ba5b-8a alignnone wp-block-kadence-rowlayout\"><div class=\"kt-row-column-wrap kt-has-2-columns kt-row-layout-equal kt-tab-layout-inherit kt-mobile-layout-row kt-row-valign-top\">\n<style>.kadence-column1587_b4ae7f-bb > .kt-inside-inner-col,.kadence-column1587_b4ae7f-bb > .kt-inside-inner-col:before{border-top-left-radius:0px;border-top-right-radius:0px;border-bottom-right-radius:0px;border-bottom-left-radius:0px;}.kadence-column1587_b4ae7f-bb > .kt-inside-inner-col{column-gap:var(--global-kb-gap-sm, 1rem);}.kadence-column1587_b4ae7f-bb > .kt-inside-inner-col{flex-direction:column;}.kadence-column1587_b4ae7f-bb > .kt-inside-inner-col > .aligncenter{width:100%;}.kadence-column1587_b4ae7f-bb > .kt-inside-inner-col:before{opacity:0.3;}.kadence-column1587_b4ae7f-bb{position:relative;}@media all and (max-width: 1024px){.kadence-column1587_b4ae7f-bb > .kt-inside-inner-col{flex-direction:column;justify-content:center;}}@media all and (max-width: 767px){.kadence-column1587_b4ae7f-bb > .kt-inside-inner-col{flex-direction:column;justify-content:center;}}<\/style>\n<div class=\"wp-block-kadence-column kadence-column1587_b4ae7f-bb\"><div class=\"kt-inside-inner-col\">\n<figure class=\"wp-block-image size-full\"><img loading=\"lazy\" decoding=\"async\" width=\"669\" height=\"376\" src=\"https:\/\/crecimientointerior.com\/wp-content\/uploads\/2023\/10\/d2.png\" alt=\"\" class=\"wp-image-1589\" srcset=\"https:\/\/crecimientointerior.com\/wp-content\/uploads\/2023\/10\/d2.png 669w, https:\/\/crecimientointerior.com\/wp-content\/uploads\/2023\/10\/d2-300x169.png 300w, https:\/\/crecimientointerior.com\/wp-content\/uploads\/2023\/10\/d2-270x152.png 270w\" sizes=\"auto, (max-width: 669px) 100vw, 669px\" \/><\/figure>\n<\/div><\/div>\n\n\n<style>.kadence-column1587_ff426d-86 > .kt-inside-inner-col,.kadence-column1587_ff426d-86 > .kt-inside-inner-col:before{border-top-left-radius:0px;border-top-right-radius:0px;border-bottom-right-radius:0px;border-bottom-left-radius:0px;}.kadence-column1587_ff426d-86 > .kt-inside-inner-col{column-gap:var(--global-kb-gap-sm, 1rem);}.kadence-column1587_ff426d-86 > .kt-inside-inner-col{flex-direction:column;}.kadence-column1587_ff426d-86 > .kt-inside-inner-col > .aligncenter{width:100%;}.kadence-column1587_ff426d-86 > .kt-inside-inner-col:before{opacity:0.3;}.kadence-column1587_ff426d-86{position:relative;}@media all and (max-width: 1024px){.kadence-column1587_ff426d-86 > .kt-inside-inner-col{flex-direction:column;justify-content:center;}}@media all and (max-width: 767px){.kadence-column1587_ff426d-86 > .kt-inside-inner-col{flex-direction:column;justify-content:center;}}<\/style>\n<div class=\"wp-block-kadence-column kadence-column1587_ff426d-86\"><div class=\"kt-inside-inner-col\">\n<p>Hoy d\u00eda esto ya no lo aceptan todos los maestros del Eneagrama, y la verdad que para m\u00ed tiene m\u00e1s sentido defender que las alas siempre est\u00e1n ah\u00ed y se pueden desarrollar al mismo tiempo. Solo depender\u00e1 de en que circunstancias te veas, as\u00ed destapas un ala u otra. A veces se ve m\u00e1s una, y otras m\u00e1s la otra\u2026.<\/p>\n<\/div><\/div>\n\n<\/div><\/div>\n\n\n<p><strong>Etapas de la vida:<\/strong><\/p>\n\n\n\n<p><em>Por<\/em> <em>ejemplo<\/em> en diferentes etapas de la vida: por que no necesitas las mismas habilidades cuando est\u00e1s estudiando que cuando te conviertes en trabajadxr, en padre o madre de un reci\u00e9n nacido (mellizos, trillizos buffff, cuando se van a casar\u2026, ante la enfermedad\u2026).<\/p>\n\n\n\n<p><strong>En la vida y sus Circunstancias :<\/strong><\/p>\n\n\n\n<p><em>O, por ejemplo<\/em>, en diferentes circunstancias: quiz\u00e1 te veas pensar y actuar diferente con la gente en tu trabajo que con tus relaciones rom\u00e1nticas, en el sexo y seg\u00fan con quien&#8230;<\/p>\n\n\n\n<p>En una ense\u00f1anza de Oscar Ichazo y Michael Goldberg dice que, cada eneatipo es la convergencia de sus alas. As\u00ed por ejemplo dir\u00edamos que el eneatipo 8 es todo donde convergen el 9 y el 7, o el 6 es la convergencia del 5 y el 7. No parece desencaminado.<\/p>\n\n\n\n<p>Estas son ideas bastante avanzadas en el estudio del eneagrama pero nos sirven hoy para comprender que ciertamente en nosotros ya tenemos desde el principio las posibilidad de crecer en las virtudes de cada Enea\/s, en qu\u00e9 Tr\u00edada me encuentro, nos encontramos y, las capacidades de mis\/nuestras alas.<\/p>\n\n\n\n<p>\u00bfPara qu\u00e9 sirven las alas de la personalidad seg\u00fan el Eneagrama?<\/p>\n\n\n\n<p>El prop\u00f3sito de hablar sobre el Eneagrama no es conocernos mejor para explicar y justificar nuestro comportamiento (\u201cyo es que soy as\u00ed\u201d- no a la etiqueta\/trabajo profundo donde los haya y que nunca nos veremos limitados) sino que la idea siempre es que, en nuestro proceso de conocernos mejor vayamos madurando y \u201csiendo mejores personas\u201d. No, mas bueno, ni mas listo, ni mas honesto, es mejor en funci\u00f3n de lo que observo y elaboro para cambiar aquellos patrones, conductas, rigideces y dem\u00e1s\u2026.<\/p>\n\n\n\n<p>En cierto sentido el objetivo es alejarnos (liberarnos) de nuestro Eneatipo para poder ser libres, es decir, que la esencia de lo que somos realmente pueda \u201cllegar a ser\u201d en vez de verse reprimida, olvidada y\/o frustrada.<\/p>\n\n\n\n<p>Si tengo en cuenta esto, \u00bfpara qu\u00e9 nos ayudan las alas en nuestro desarrollo personal?<\/p>\n\n\n\n<ul class=\"wp-block-list\">\n<li>Conocer nuestras alas puede motivarnos a desarrollar en nuestras vidas las virtudes de los eneatipos a nuestra derecha e izquierda. Podemos buscar en nosotros las simientes de esas virtudes al comprender que ya est\u00e1n en nosotros, reconocer en nosotros el potencial que tenemos, y esforzarnos por desarrollarlo. &nbsp;<\/li>\n\n\n\n<li>Las virtudes de nuestras alas muy a menudo nos sacan de los patrones en los que estamos estancados, libr\u00e1ndonos de nuestro \u201cpecado\u201d o nuestra debilidad principal. Por ejemplo, una persona con tipo 9 cuya mayor flaqueza es la pereza, encuentra en su ala 1 el potencial de la virtud de hacer lo correcto y hacerlo de forma excelente, y encuentra por lo tanto el camino y la energ\u00eda necesaria para activarse, trabajar y esforzarse.<\/li>\n\n\n\n<li>Nuestro repertorio de habilidades emocionales y nuestro comportamiento se ver\u00e1 expandido gracias al desarrollo de nuestras alas. Seremos menos \u201cpredecibles\u201d, m\u00e1s ricos, y m\u00e1s libres.<\/li>\n<\/ul>\n\n\n\n<p><strong>&nbsp;Utiliza tus alas para &nbsp;observarte y conocerte mejor:<\/strong><\/p>\n\n\n\n<p>Con perspectiva, es como mejor se ve.<\/p>\n\n\n\n<p>Puedo inclinarme hacia mis alas y as\u00ed apartarme de m\u00ed misma para con m\u00e1s distancia verme y conocerme mejor. Es decir, puedo esforzarme por mirarme con los ojos de una de mis alas y as\u00ed verme mejor, desde la sinceridad, honestidad, humildad, serenidad.<\/p>\n\n\n\n<p><strong>&nbsp; Utiliza tus alas para ver salidas a tu estancamiento y tu desaz\u00f3n:<\/strong><\/p>\n\n\n\n<p>Tambi\u00e9n, cuando me siento estancada en algo buscar en mis alas puede ayudarme a encontrar la salida. &nbsp;Piensa que cuando est\u00e1s solamente actuando seg\u00fan tu tipo es como si estuvieras en grande y con poco foco, demasiado aut\u00f3mata, fijadx. Si te sit\u00faas en tus alas, una y otra, la visi\u00f3n cambia totalmente y te sentir\u00e1s menos automatizadx.<\/p>\n\n\n\n<p><strong>&nbsp; Utiliza tus alas para crear nuevos patrones de comportamiento <\/strong>y, si\u2026.?<\/p>\n\n\n\n<p>Lo interesante \u2013 y por lo que tenemos esperanza de mejora y la gran motivaci\u00f3n por elaborar nuevos trabajos \u2013 es que, si paras y prestas atenci\u00f3n, puedes escoger conscientemente qu\u00e9 comportamiento tener. No est\u00e1s destinado a siempre actuar seg\u00fan tus patrones. Puedes cambiar esos patrones, siempre podr\u00e1s cambiar lo que quieras y necesites\u00a1!<\/p>\n\n\n\n<p>Este trabajo sobre ENEAGRAMA de la PERSONALIDAD, no es para desarrollar en 15 minutos, ni en 10 horas, es un trabajo serio riguroso y hasta muy divertido, observar c\u00f3mo desde nuestras neuras mas profundas, nos vamos convirtiendo en menos personajes y mas y mejores personas, incluso, trascenderemos las personalidades y, de aqu\u00ed el desarrollo transpersonal. Una Maravilla.<\/p>\n\n\n\n<p>Suerte y Salud, CarmenR.<\/p>\n<\/div><\/div>\n\n<\/div><\/div>","protected":false},"excerpt":{"rendered":"<p>Teniendo en cuenta que vemos someramente de que va cada Eneatipo\/Eneas, como se estructuran las Tr\u00edadas y, cuales ser\u00edan \u201clos roles\u201d de cada una y cada tipo de personalidad. Ahora vemos a lo que se le llaman ALAS, ser\u00e1n los Eneatipos de cada lado del Eneatipo a estudiar, observar, trabajar, revisar\u2026. En el Eneagrama las &hellip; <a href=\"https:\/\/crecimientointerior.com\/index.php\/las-alas-en-el-eneagrama-de-la-personalidad\/\" class=\"more-link\">Seguir leyendo <span class=\"screen-reader-text\">Las ALAS en el ENEAGRAMA de la PERSONALIDAD<\/span> <span class=\"meta-nav\">&rarr;<\/span><\/a><\/p>\n","protected":false},"author":1,"featured_media":0,"parent":0,"menu_order":0,"comment_status":"closed","ping_status":"closed","template":"","meta":{"footnotes":""},"class_list":["post-1587","page","type-page","status-publish","hentry"],"_links":{"self":[{"href":"https:\/\/crecimientointerior.com\/index.php\/wp-json\/wp\/v2\/pages\/1587","targetHints":{"allow":["GET"]}}],"collection":[{"href":"https:\/\/crecimientointerior.com\/index.php\/wp-json\/wp\/v2\/pages"}],"about":[{"href":"https:\/\/crecimientointerior.com\/index.php\/wp-json\/wp\/v2\/types\/page"}],"author":[{"embeddable":true,"href":"https:\/\/crecimientointerior.com\/index.php\/wp-json\/wp\/v2\/users\/1"}],"replies":[{"embeddable":true,"href":"https:\/\/crecimientointerior.com\/index.php\/wp-json\/wp\/v2\/comments?post=1587"}],"version-history":[{"count":0,"href":"https:\/\/crecimientointerior.com\/index.php\/wp-json\/wp\/v2\/pages\/1587\/revisions"}],"wp:attachment":[{"href":"https:\/\/crecimientointerior.com\/index.php\/wp-json\/wp\/v2\/media?parent=1587"}],"curies":[{"name":"wp","href":"https:\/\/api.w.org\/{rel}","templated":true}]}}