{"id":1574,"date":"2023-10-20T03:09:07","date_gmt":"2023-10-20T01:09:07","guid":{"rendered":"https:\/\/crecimientointerior.com\/?page_id=1574"},"modified":"2023-10-26T12:21:59","modified_gmt":"2023-10-26T10:21:59","slug":"trabajos-de-reiki","status":"publish","type":"page","link":"https:\/\/crecimientointerior.com\/index.php\/trabajos-de-reiki\/","title":{"rendered":"Trabajos de REIKI"},"content":{"rendered":"<style>.kb-row-layout-id1574_dd55c9-19 > .kt-row-column-wrap{align-content:start;}:where(.kb-row-layout-id1574_dd55c9-19 > .kt-row-column-wrap) > .wp-block-kadence-column{justify-content:start;}.kb-row-layout-id1574_dd55c9-19 > .kt-row-column-wrap{column-gap:var(--global-kb-gap-md, 2rem);row-gap:var(--global-kb-gap-md, 2rem);padding-top:var(--global-kb-spacing-sm, 1.5rem);padding-bottom:var(--global-kb-spacing-sm, 1.5rem);grid-template-columns:minmax(0, 1fr);}.kb-row-layout-id1574_dd55c9-19 > .kt-row-layout-overlay{opacity:0.30;}@media all and (max-width: 1024px){.kb-row-layout-id1574_dd55c9-19 > .kt-row-column-wrap{grid-template-columns:minmax(0, 1fr);}}@media all and (max-width: 767px){.kb-row-layout-id1574_dd55c9-19 > .kt-row-column-wrap{grid-template-columns:minmax(0, 1fr);}}<\/style><div class=\"kb-row-layout-wrap kb-row-layout-id1574_dd55c9-19 alignnone wp-block-kadence-rowlayout\"><div class=\"kt-row-column-wrap kt-has-1-columns kt-row-layout-equal kt-tab-layout-inherit kt-mobile-layout-row kt-row-valign-top\">\n<style>.kadence-column1574_890d29-b2 > .kt-inside-inner-col,.kadence-column1574_890d29-b2 > .kt-inside-inner-col:before{border-top-left-radius:0px;border-top-right-radius:0px;border-bottom-right-radius:0px;border-bottom-left-radius:0px;}.kadence-column1574_890d29-b2 > .kt-inside-inner-col{column-gap:var(--global-kb-gap-sm, 1rem);}.kadence-column1574_890d29-b2 > .kt-inside-inner-col{flex-direction:column;}.kadence-column1574_890d29-b2 > .kt-inside-inner-col > .aligncenter{width:100%;}.kadence-column1574_890d29-b2 > .kt-inside-inner-col:before{opacity:0.3;}.kadence-column1574_890d29-b2{position:relative;}@media all and (max-width: 1024px){.kadence-column1574_890d29-b2 > .kt-inside-inner-col{flex-direction:column;justify-content:center;}}@media all and (max-width: 767px){.kadence-column1574_890d29-b2 > .kt-inside-inner-col{flex-direction:column;justify-content:center;}}<\/style>\n<div class=\"wp-block-kadence-column kadence-column1574_890d29-b2\"><div class=\"kt-inside-inner-col\">\n<h2 class=\"wp-block-heading\">*<strong>En ITACA (C\/Pe\u00f1ote 2)<\/strong><\/h2>\n\n\n\n<p><strong>Se realizaron varias formaciones y maestr\u00eda. A\u00f1o 2016-2017.<\/strong><\/p>\n\n\n<style>.kb-row-layout-id1574_7ac812-fb > .kt-row-column-wrap{align-content:start;}:where(.kb-row-layout-id1574_7ac812-fb > .kt-row-column-wrap) > .wp-block-kadence-column{justify-content:start;}.kb-row-layout-id1574_7ac812-fb > .kt-row-column-wrap{column-gap:var(--global-kb-gap-md, 2rem);row-gap:var(--global-kb-gap-md, 2rem);padding-top:var(--global-kb-spacing-sm, 1.5rem);padding-bottom:var(--global-kb-spacing-sm, 1.5rem);grid-template-columns:repeat(2, minmax(0, 1fr));}.kb-row-layout-id1574_7ac812-fb > .kt-row-layout-overlay{opacity:0.30;}@media all and (max-width: 1024px){.kb-row-layout-id1574_7ac812-fb > .kt-row-column-wrap{grid-template-columns:repeat(2, minmax(0, 1fr));}}@media all and (max-width: 767px){.kb-row-layout-id1574_7ac812-fb > .kt-row-column-wrap{grid-template-columns:minmax(0, 1fr);}}<\/style><div class=\"kb-row-layout-wrap kb-row-layout-id1574_7ac812-fb alignnone wp-block-kadence-rowlayout\"><div class=\"kt-row-column-wrap kt-has-2-columns kt-row-layout-equal kt-tab-layout-inherit kt-mobile-layout-row kt-row-valign-top\">\n<style>.kadence-column1574_c71eb3-37 > .kt-inside-inner-col,.kadence-column1574_c71eb3-37 > .kt-inside-inner-col:before{border-top-left-radius:0px;border-top-right-radius:0px;border-bottom-right-radius:0px;border-bottom-left-radius:0px;}.kadence-column1574_c71eb3-37 > .kt-inside-inner-col{column-gap:var(--global-kb-gap-sm, 1rem);}.kadence-column1574_c71eb3-37 > .kt-inside-inner-col{flex-direction:column;}.kadence-column1574_c71eb3-37 > .kt-inside-inner-col > .aligncenter{width:100%;}.kadence-column1574_c71eb3-37 > .kt-inside-inner-col:before{opacity:0.3;}.kadence-column1574_c71eb3-37{position:relative;}@media all and (max-width: 1024px){.kadence-column1574_c71eb3-37 > .kt-inside-inner-col{flex-direction:column;justify-content:center;}}@media all and (max-width: 767px){.kadence-column1574_c71eb3-37 > .kt-inside-inner-col{flex-direction:column;justify-content:center;}}<\/style>\n<div class=\"wp-block-kadence-column kadence-column1574_c71eb3-37\"><div class=\"kt-inside-inner-col\">\n<figure class=\"wp-block-image size-full\"><img loading=\"lazy\" decoding=\"async\" width=\"500\" height=\"250\" src=\"https:\/\/crecimientointerior.com\/wp-content\/uploads\/2023\/10\/1-1.jpg\" alt=\"\" class=\"wp-image-1575\" srcset=\"https:\/\/crecimientointerior.com\/wp-content\/uploads\/2023\/10\/1-1.jpg 500w, https:\/\/crecimientointerior.com\/wp-content\/uploads\/2023\/10\/1-1-300x150.jpg 300w, https:\/\/crecimientointerior.com\/wp-content\/uploads\/2023\/10\/1-1-270x135.jpg 270w\" sizes=\"auto, (max-width: 500px) 100vw, 500px\" \/><\/figure>\n<\/div><\/div>\n\n\n<style>.kadence-column1574_266586-8d > .kt-inside-inner-col,.kadence-column1574_266586-8d > .kt-inside-inner-col:before{border-top-left-radius:0px;border-top-right-radius:0px;border-bottom-right-radius:0px;border-bottom-left-radius:0px;}.kadence-column1574_266586-8d > .kt-inside-inner-col{column-gap:var(--global-kb-gap-sm, 1rem);}.kadence-column1574_266586-8d > .kt-inside-inner-col{flex-direction:column;}.kadence-column1574_266586-8d > .kt-inside-inner-col > .aligncenter{width:100%;}.kadence-column1574_266586-8d > .kt-inside-inner-col:before{opacity:0.3;}.kadence-column1574_266586-8d{position:relative;}@media all and (max-width: 1024px){.kadence-column1574_266586-8d > .kt-inside-inner-col{flex-direction:column;justify-content:center;}}@media all and (max-width: 767px){.kadence-column1574_266586-8d > .kt-inside-inner-col{flex-direction:column;justify-content:center;}}<\/style>\n<div class=\"wp-block-kadence-column kadence-column1574_266586-8d\"><div class=\"kt-inside-inner-col\">\n<figure class=\"wp-block-image size-full\"><img loading=\"lazy\" decoding=\"async\" width=\"637\" height=\"234\" src=\"https:\/\/crecimientointerior.com\/wp-content\/uploads\/2023\/10\/2-1.jpg\" alt=\"\" class=\"wp-image-1576\" srcset=\"https:\/\/crecimientointerior.com\/wp-content\/uploads\/2023\/10\/2-1.jpg 637w, https:\/\/crecimientointerior.com\/wp-content\/uploads\/2023\/10\/2-1-300x110.jpg 300w, https:\/\/crecimientointerior.com\/wp-content\/uploads\/2023\/10\/2-1-270x99.jpg 270w\" sizes=\"auto, (max-width: 637px) 100vw, 637px\" \/><\/figure>\n<\/div><\/div>\n\n<\/div><\/div>\n\n\n<h2 class=\"wp-block-heading\"><strong>*En Caleidoscopio. Galapagar. REIKI &nbsp;para animales<\/strong><\/h2>\n\n\n\n<p><strong>Se realizaron encuentros &nbsp;a\u00f1o 2018.<\/strong><strong><\/strong><\/p>\n\n\n<style>.kb-row-layout-id1574_597e2d-0a > .kt-row-column-wrap{align-content:start;}:where(.kb-row-layout-id1574_597e2d-0a > .kt-row-column-wrap) > .wp-block-kadence-column{justify-content:start;}.kb-row-layout-id1574_597e2d-0a > .kt-row-column-wrap{column-gap:var(--global-kb-gap-md, 2rem);row-gap:var(--global-kb-gap-md, 2rem);padding-top:var(--global-kb-spacing-sm, 1.5rem);padding-bottom:var(--global-kb-spacing-sm, 1.5rem);grid-template-columns:repeat(2, minmax(0, 1fr));}.kb-row-layout-id1574_597e2d-0a > .kt-row-layout-overlay{opacity:0.30;}@media all and (max-width: 1024px){.kb-row-layout-id1574_597e2d-0a > .kt-row-column-wrap{grid-template-columns:repeat(2, minmax(0, 1fr));}}@media all and (max-width: 767px){.kb-row-layout-id1574_597e2d-0a > .kt-row-column-wrap{grid-template-columns:minmax(0, 1fr);}}<\/style><div class=\"kb-row-layout-wrap kb-row-layout-id1574_597e2d-0a alignnone wp-block-kadence-rowlayout\"><div class=\"kt-row-column-wrap kt-has-2-columns kt-row-layout-equal kt-tab-layout-inherit kt-mobile-layout-row kt-row-valign-top\">\n<style>.kadence-column1574_83ae74-0d > .kt-inside-inner-col,.kadence-column1574_83ae74-0d > .kt-inside-inner-col:before{border-top-left-radius:0px;border-top-right-radius:0px;border-bottom-right-radius:0px;border-bottom-left-radius:0px;}.kadence-column1574_83ae74-0d > .kt-inside-inner-col{column-gap:var(--global-kb-gap-sm, 1rem);}.kadence-column1574_83ae74-0d > .kt-inside-inner-col{flex-direction:column;}.kadence-column1574_83ae74-0d > .kt-inside-inner-col > .aligncenter{width:100%;}.kadence-column1574_83ae74-0d > .kt-inside-inner-col:before{opacity:0.3;}.kadence-column1574_83ae74-0d{position:relative;}@media all and (max-width: 1024px){.kadence-column1574_83ae74-0d > .kt-inside-inner-col{flex-direction:column;justify-content:center;}}@media all and (max-width: 767px){.kadence-column1574_83ae74-0d > .kt-inside-inner-col{flex-direction:column;justify-content:center;}}<\/style>\n<div class=\"wp-block-kadence-column kadence-column1574_83ae74-0d\"><div class=\"kt-inside-inner-col\">\n<figure class=\"wp-block-image size-full\"><img loading=\"lazy\" decoding=\"async\" width=\"364\" height=\"138\" src=\"https:\/\/crecimientointerior.com\/wp-content\/uploads\/2023\/10\/3-1.jpg\" alt=\"\" class=\"wp-image-1578\" srcset=\"https:\/\/crecimientointerior.com\/wp-content\/uploads\/2023\/10\/3-1.jpg 364w, https:\/\/crecimientointerior.com\/wp-content\/uploads\/2023\/10\/3-1-300x114.jpg 300w, https:\/\/crecimientointerior.com\/wp-content\/uploads\/2023\/10\/3-1-270x102.jpg 270w\" sizes=\"auto, (max-width: 364px) 100vw, 364px\" \/><\/figure>\n<\/div><\/div>\n\n\n<style>.kadence-column1574_f12684-77 > .kt-inside-inner-col,.kadence-column1574_f12684-77 > .kt-inside-inner-col:before{border-top-left-radius:0px;border-top-right-radius:0px;border-bottom-right-radius:0px;border-bottom-left-radius:0px;}.kadence-column1574_f12684-77 > .kt-inside-inner-col{column-gap:var(--global-kb-gap-sm, 1rem);}.kadence-column1574_f12684-77 > .kt-inside-inner-col{flex-direction:column;}.kadence-column1574_f12684-77 > .kt-inside-inner-col > .aligncenter{width:100%;}.kadence-column1574_f12684-77 > .kt-inside-inner-col:before{opacity:0.3;}.kadence-column1574_f12684-77{position:relative;}@media all and (max-width: 1024px){.kadence-column1574_f12684-77 > .kt-inside-inner-col{flex-direction:column;justify-content:center;}}@media all and (max-width: 767px){.kadence-column1574_f12684-77 > .kt-inside-inner-col{flex-direction:column;justify-content:center;}}<\/style>\n<div class=\"wp-block-kadence-column kadence-column1574_f12684-77\"><div class=\"kt-inside-inner-col\">\n<figure class=\"wp-block-image size-full\"><img loading=\"lazy\" decoding=\"async\" width=\"360\" height=\"140\" src=\"https:\/\/crecimientointerior.com\/wp-content\/uploads\/2023\/10\/4.jpg\" alt=\"\" class=\"wp-image-1577\" srcset=\"https:\/\/crecimientointerior.com\/wp-content\/uploads\/2023\/10\/4.jpg 360w, https:\/\/crecimientointerior.com\/wp-content\/uploads\/2023\/10\/4-300x117.jpg 300w, https:\/\/crecimientointerior.com\/wp-content\/uploads\/2023\/10\/4-270x105.jpg 270w\" sizes=\"auto, (max-width: 360px) 100vw, 360px\" \/><\/figure>\n<\/div><\/div>\n\n<\/div><\/div><\/div><\/div>\n\n<\/div><\/div>\n\n\n<p><strong>LOGO ACTUAL de ITACA:<\/strong><\/p>\n\n\n\n<p><strong>C\/ San Gregorio 29- local 2.<\/strong><\/p>\n\n\n\n<figure class=\"wp-block-image size-full is-resized\"><img loading=\"lazy\" decoding=\"async\" width=\"600\" height=\"600\" src=\"https:\/\/crecimientointerior.com\/wp-content\/uploads\/2023\/10\/123.png\" alt=\"\" class=\"wp-image-1595\" style=\"aspect-ratio:1;width:344px;height:auto\" srcset=\"https:\/\/crecimientointerior.com\/wp-content\/uploads\/2023\/10\/123.png 600w, https:\/\/crecimientointerior.com\/wp-content\/uploads\/2023\/10\/123-300x300.png 300w, https:\/\/crecimientointerior.com\/wp-content\/uploads\/2023\/10\/123-150x150.png 150w, https:\/\/crecimientointerior.com\/wp-content\/uploads\/2023\/10\/123-270x270.png 270w\" sizes=\"auto, (max-width: 600px) 100vw, 600px\" \/><\/figure>\n","protected":false},"excerpt":{"rendered":"<p>*En ITACA (C\/Pe\u00f1ote 2) Se realizaron varias formaciones y maestr\u00eda. A\u00f1o 2016-2017. *En Caleidoscopio. Galapagar. REIKI &nbsp;para animales Se realizaron encuentros &nbsp;a\u00f1o 2018. LOGO ACTUAL de ITACA: C\/ San Gregorio 29- local 2.<\/p>\n","protected":false},"author":1,"featured_media":0,"parent":0,"menu_order":0,"comment_status":"closed","ping_status":"closed","template":"","meta":{"footnotes":""},"class_list":["post-1574","page","type-page","status-publish","hentry"],"_links":{"self":[{"href":"https:\/\/crecimientointerior.com\/index.php\/wp-json\/wp\/v2\/pages\/1574","targetHints":{"allow":["GET"]}}],"collection":[{"href":"https:\/\/crecimientointerior.com\/index.php\/wp-json\/wp\/v2\/pages"}],"about":[{"href":"https:\/\/crecimientointerior.com\/index.php\/wp-json\/wp\/v2\/types\/page"}],"author":[{"embeddable":true,"href":"https:\/\/crecimientointerior.com\/index.php\/wp-json\/wp\/v2\/users\/1"}],"replies":[{"embeddable":true,"href":"https:\/\/crecimientointerior.com\/index.php\/wp-json\/wp\/v2\/comments?post=1574"}],"version-history":[{"count":0,"href":"https:\/\/crecimientointerior.com\/index.php\/wp-json\/wp\/v2\/pages\/1574\/revisions"}],"wp:attachment":[{"href":"https:\/\/crecimientointerior.com\/index.php\/wp-json\/wp\/v2\/media?parent=1574"}],"curies":[{"name":"wp","href":"https:\/\/api.w.org\/{rel}","templated":true}]}}