{"id":1262,"date":"2018-11-20T18:12:01","date_gmt":"2018-11-20T17:12:01","guid":{"rendered":"http:\/\/crecimientointerior.com\/?page_id=1262"},"modified":"2020-03-12T08:44:26","modified_gmt":"2020-03-12T08:44:26","slug":"dolencias-autoinmunes","status":"publish","type":"page","link":"https:\/\/crecimientointerior.com\/index.php\/gestalt\/articulos-sobre-gestalt\/dolencias-autoinmunes\/","title":{"rendered":"Dolencias autoinmunes"},"content":{"rendered":"<p><strong>Desde la filosofia y terapias gest\u00e1lticas, abordar a las personas susceptibles de dolencias autoinmunes<\/strong><\/p>\n<p style=\"text-align: justify;\">Acercar este trabajo a las personas susceptibles de ello, me anima, el conocer muy de cerca \u00a0mis tres desajustes autoinmunes:<\/p>\n<p style=\"text-align: justify;\"><strong>Enfermedad hep\u00e1tica desde el nacimiento, m\u00e1s Virus \u201cC\u201d<\/strong> contra\u00eddo en acto profesional, har\u00e1 casi 40 a\u00f1os, en mi centro laboral como enfermera<\/p>\n<p style=\"text-align: justify;\"><strong>Enfermedad de Graves Bassedow<\/strong>, sincr\u00f3nica con la hepatitis \u201cC\u201d, s\u00edntomas y proyecto de un desajuste ca\u00f3tico y,\u00a0 ser frenado en su totalidad hasta el d\u00eda de hoy, sin medicaci\u00f3n de la \u00a0medicina convencional<\/p>\n<p style=\"text-align: justify;\"><strong>Angioedema<\/strong>, enfermedad autoinmune,\u00a0 desde unos dos a\u00f1os, edema vasomotor, con muy escasa experiencia en los c\u00edrculos m\u00e9dico \u2013 convencionales, tratada como enfermedad \u201crara\u201d de nuestros tiempos y, paliada con recursos sistem\u00e1ticos a sus s\u00edntomas<\/p>\n<p style=\"text-align: justify;\">Asisto desde entonces a revisiones hospitalarias, con resultados por ahora m\u00e1s que alag\u00fce\u00f1os<\/p>\n<p style=\"text-align: justify;\">Desde que me voy conociendo (a\u00f1os 1.990 en adelante), cuento con otros recursos \u201cnaturales\u201d, homeopat\u00eda, moraterapia, naturopat\u00eda, masajes, milenaria medicina china, acupuntura, psicoterapia (concretamente la Gestalt, desarrollo desde lo fenomenol\u00f3dico del AQU\u00cd y el AHORA, favoreciendo Lo RELACIONAL). Yo, he ido modulando mis dolencias, hasta la absoluta desaparici\u00f3n de s\u00edntomas y malestares diversos y, adversos. No solo fueron desapareciendo los s\u00edntomas, sino que tambi\u00e9n he ido incorporando a mi vida unos conocimientos sobre: Biolog\u00eda, Bioqu\u00edmica, Anatom\u00eda, Neurofisiolog\u00eda, Bioenerg\u00e9tica, Psicociencia, Psicomagia, <strong>formada en diferentes herramientas <\/strong>que favorecen el desarrollo personal y la salud y, por encima de todas ellas, el MEJOR ACERCAMIENTO Y RECONOCIMIENTO DE MI PERSONA, siempre solicitando y permitiendo el acompa\u00f1amiento de uno o varios profesionales que abordan la \u201cenfermedad\u201d desde los par\u00e1metros menos convencionales y tan \u00a0rigurosos como los que m\u00e1s y mejor, casi siempre, personas \u201cheridas\u201d tambi\u00e9n con lo propio y, desde ah\u00ed, manejan mucho mejor mi historia, tu historia\u2026 Dec\u00eda Paracelso \/ medico suizo del siglo XVI, alquimista, astr\u00f3logo y humanista: desechar de nuestras vidas:\u00a0 pesimismo, desidia, odio, venganza, pobreza, hacer todo el bien posible, cuidar lo propio antes que lo ajeno, amistad genuina, ser y estar de acuerdo siempre con nosotros mismos, consecuencia, coherencia<\/p>\n<p style=\"text-align: justify;\">Con esto, postulo que, tras <strong>abordar en el TU\/YO,<\/strong> en conversaci\u00f3n terap\u00e9utica, vamos cambiando conocimientos inamovibles (introyectos), nos vamos aventurando hacia mundos desconocidos y no por ello menos gratificantes, nos vamos fortaleciendo en aquellas \u00e1reas v<span style=\"text-align: justify;\">ulnerables en nuestros cerebros, de ah\u00ed las posibles mejoras en lo org\u00e1nico (ya que no desligamos\u00a0 cerebro,\u00a0 mente y organismo) y, <\/span><strong style=\"text-align: justify;\">nos vamos dando cuenta \u00a0que,<\/strong><span style=\"text-align: justify;\"> mejor no separar acci\u00f3n, de sentimiento, emoci\u00f3n y, reflexi\u00f3n, somos un TODO<\/span><\/p>\n<p><img loading=\"lazy\" decoding=\"async\" class=\" size-full wp-image-1263 aligncenter\" style=\"text-align: justify;\" src=\"https:\/\/carmenrisueno.files.wordpress.com\/2018\/11\/autoinmunes.png\" alt=\"Autoinmunes.png\" width=\"640\" height=\"360\" srcset=\"https:\/\/crecimientointerior.com\/wp-content\/uploads\/2018\/11\/autoinmunes.png 640w, https:\/\/crecimientointerior.com\/wp-content\/uploads\/2018\/11\/autoinmunes-300x169.png 300w\" sizes=\"auto, (max-width: 640px) 100vw, 640px\" \/><\/p>\n<p><span style=\"text-align: justify;\">Lo mejor en mu<\/span><span style=\"text-align: justify;\">chas ocasiones viene desde lo simple y sencillo y, no tanto de la complicaci\u00f3n y los miedos<\/span><\/p>\n<p style=\"text-align: justify;\">Mejor ser manejados por nosotros mismos con conocimiento profundo, a ser manejados por otros que, sobre nuestras \u201ccuitas internas\u201d, no saben nada.<\/p>\n<p style=\"text-align: justify;\">Somos un TODO, no nos veamos separados, por favor\u00a1!<\/p>\n<p style=\"text-align: justify;\">Gracias, CarmenR.<\/p>\n<p>https:\/\/issuu.com\/crecimientointerior\/docs\/autoinmunes-.pptx<\/p>\n","protected":false},"excerpt":{"rendered":"<p>Desde la filosofia y terapias gest\u00e1lticas, abordar a las personas susceptibles de dolencias autoinmunes Acercar este trabajo a las personas susceptibles de ello, me anima, el conocer muy de cerca \u00a0mis tres desajustes autoinmunes: Enfermedad hep\u00e1tica desde el nacimiento, m\u00e1s Virus \u201cC\u201d contra\u00eddo en acto profesional, har\u00e1 casi 40 a\u00f1os, en mi centro laboral como &hellip; <a href=\"https:\/\/crecimientointerior.com\/index.php\/gestalt\/articulos-sobre-gestalt\/dolencias-autoinmunes\/\" class=\"more-link\">Seguir leyendo <span class=\"screen-reader-text\">Dolencias autoinmunes<\/span> <span class=\"meta-nav\">&rarr;<\/span><\/a><\/p>\n","protected":false},"author":1,"featured_media":0,"parent":935,"menu_order":0,"comment_status":"closed","ping_status":"closed","template":"","meta":{"footnotes":""},"class_list":["post-1262","page","type-page","status-publish","hentry"],"_links":{"self":[{"href":"https:\/\/crecimientointerior.com\/index.php\/wp-json\/wp\/v2\/pages\/1262","targetHints":{"allow":["GET"]}}],"collection":[{"href":"https:\/\/crecimientointerior.com\/index.php\/wp-json\/wp\/v2\/pages"}],"about":[{"href":"https:\/\/crecimientointerior.com\/index.php\/wp-json\/wp\/v2\/types\/page"}],"author":[{"embeddable":true,"href":"https:\/\/crecimientointerior.com\/index.php\/wp-json\/wp\/v2\/users\/1"}],"replies":[{"embeddable":true,"href":"https:\/\/crecimientointerior.com\/index.php\/wp-json\/wp\/v2\/comments?post=1262"}],"version-history":[{"count":0,"href":"https:\/\/crecimientointerior.com\/index.php\/wp-json\/wp\/v2\/pages\/1262\/revisions"}],"up":[{"embeddable":true,"href":"https:\/\/crecimientointerior.com\/index.php\/wp-json\/wp\/v2\/pages\/935"}],"wp:attachment":[{"href":"https:\/\/crecimientointerior.com\/index.php\/wp-json\/wp\/v2\/media?parent=1262"}],"curies":[{"name":"wp","href":"https:\/\/api.w.org\/{rel}","templated":true}]}}