{"id":1194,"date":"2017-10-16T18:50:52","date_gmt":"2017-10-16T17:50:52","guid":{"rendered":"http:\/\/crecimientointerior.com\/?page_id=1194"},"modified":"2017-10-16T18:50:52","modified_gmt":"2017-10-16T17:50:52","slug":"reiki-en-caleidoscopio","status":"publish","type":"page","link":"https:\/\/crecimientointerior.com\/index.php\/reiki-2\/reiki-en-caleidoscopio\/","title":{"rendered":"REIKI en Caleidoscopio"},"content":{"rendered":"<p style=\"text-align:center;\"><strong>REIKI-USUI, para animales<\/strong><\/p>\n<p style=\"text-align:left;\"><strong>Una breve explicaci\u00f3n sobre la propuesta <\/strong><\/p>\n<p><strong>\u00a0<\/strong><strong><img loading=\"lazy\" decoding=\"async\" class=\"wp-image-1256 alignnone\" src=\"https:\/\/carmenrisueno.files.wordpress.com\/2018\/08\/reiki01.jpg\" alt=\"\" width=\"195\" height=\"74\" srcset=\"https:\/\/crecimientointerior.com\/wp-content\/uploads\/2018\/08\/reiki01.jpg 364w, https:\/\/crecimientointerior.com\/wp-content\/uploads\/2018\/08\/reiki01-300x114.jpg 300w\" sizes=\"auto, (max-width: 195px) 100vw, 195px\" \/>\u00a0\u00a0<\/strong><strong>TODO<\/strong><strong>S ser\u00e9is muy bien recibidos\u00a1!\u00a0 \u00a0<\/strong><strong><img loading=\"lazy\" decoding=\"async\" class=\"wp-image-1257 alignnone\" src=\"https:\/\/carmenrisueno.files.wordpress.com\/2018\/08\/reiki02.jpg\" alt=\"\" width=\"221\" height=\"86\" srcset=\"https:\/\/crecimientointerior.com\/wp-content\/uploads\/2018\/08\/reiki02.jpg 360w, https:\/\/crecimientointerior.com\/wp-content\/uploads\/2018\/08\/reiki02-300x117.jpg 300w\" sizes=\"auto, (max-width: 221px) 100vw, 221px\" \/><\/strong><\/p>\n<p><strong>\u00a0<\/strong><\/p>\n<p style=\"text-align:justify;\">Me es grato convocar de nuevo a aquellas personas que desean hacer todo lo mejor a los <strong>animales de compa\u00f1\u00eda y\/o salvajes<\/strong>: comprados, regalados, adoptados, abandonados, maltratados, los que sufren de alguna dolencia y\/o trauma y etc\u2026En las montas, partos, crianzas, agresividad, apetito, celos, y un largu\u00edsimo etc\u2026\n<\/p>\n<p style=\"text-align:justify;\">El reiki, cuyo descubridor y buscador un doctor y sacerdote japon\u00e9s llamado Mikao Usui -1865\/1926, sanaba enfermos a trav\u00e9s de la energ\u00eda universal. Fund\u00f3 en Tokio la Escuela del Reiki tradicional japon\u00e9s. Seremos seguidores de sus ense\u00f1anzas.\u00a0 El reiki o sanaci\u00f3n energ\u00e9tica, act\u00faa a trav\u00e9s de la imposici\u00f3n de manos sobre diferentes zonas y gui\u00e1ndonos por los chakras o <u>centros de energ\u00eda vital.<\/u> La energ\u00eda que utilizamos no es la nuestra, es la energ\u00eda que nos rodea, <u>la energ\u00eda universal<\/u>, que va equilibrando las \u00e1reas, \u00f3rganos y emociones que necesitamos nosotros mismos y\/o a otras personas, animales, plantas, situaciones, lugares, circunstancias\u2026\n<\/p>\n<p style=\"text-align:justify;\">Nos bastar\u00e1n dos encuentros de tres o cuatro horas cada uno(depender\u00e1 de la cantidad de personas y animalitos), <strong>equivaldr\u00e1n a un primer de REIKI<\/strong>; si se desea continuar hacia los dem\u00e1s niveles, as\u00ed lo haremos en adelante (2\u00ba, 3\u00ba y maestr\u00eda, son los estudios y practicas adecuadas para asistir en humanos, in situ y, a distancia) nos disponemos a profundizar en que y como favoreceremos la Energ\u00eda REIKI, del sistema USUI (entre otras informaciones s\u00edmbolos y ventajas de sus manejos), cuando y para que ir aplic\u00e1ndola. Aprenderemos sobre los CHACRAS o Centros Energ\u00e9ticos de los seres vivos, incluyendo obviamente a nuestros animalitos, aliviarles en sus comportamientos, malos h\u00e1bitos, dolencias\u2026 y, que puedan tener una vida mejor junto a nosotros o, en libertad\n<\/p>\n<p>&nbsp;<\/p>\n<p><strong>Lo facilita: Carmen Risue\u00f1o (Galapagar).<\/strong><\/p>\n<p>Maestra de Reiki-Usui, entre otras herramientas para el bienestar y la salud.<\/p>\n<p><strong><img loading=\"lazy\" decoding=\"async\" class=\"alignright size-full wp-image-1258\" src=\"https:\/\/carmenrisueno.files.wordpress.com\/2018\/08\/reiki03.png\" alt=\"\" width=\"270\" height=\"85\" \/><\/strong><\/p>\n<p><strong><u>crecimientointerior.com <\/u><\/strong><strong>\u00a0\u00a0\u00a0\u00a0\/\/\u00a0\u00a0 629 67 70 47<\/strong><\/p>\n<p>Nos vemos pronto\u00a1!<\/p>\n<hr \/>\n<p>&nbsp;<\/p>\n<p><img loading=\"lazy\" decoding=\"async\" class=\" size-full wp-image-1112 aligncenter\" src=\"https:\/\/carmenrisueno.files.wordpress.com\/2016\/06\/caleidoscopiologo.jpg\" alt=\"CaleidoscopioLogo\" width=\"360\" height=\"360\" srcset=\"https:\/\/crecimientointerior.com\/wp-content\/uploads\/2016\/06\/caleidoscopiologo.jpg 360w, https:\/\/crecimientointerior.com\/wp-content\/uploads\/2016\/06\/caleidoscopiologo-300x300.jpg 300w, https:\/\/crecimientointerior.com\/wp-content\/uploads\/2016\/06\/caleidoscopiologo-150x150.jpg 150w\" sizes=\"auto, (max-width: 360px) 100vw, 360px\" \/><\/p>\n<hr \/>\n<p>&nbsp;<\/p>\n","protected":false},"excerpt":{"rendered":"<p>REIKI-USUI, para animales Una breve explicaci\u00f3n sobre la propuesta \u00a0\u00a0\u00a0TODOS ser\u00e9is muy bien recibidos\u00a1!\u00a0 \u00a0 \u00a0 Me es grato convocar de nuevo a aquellas personas que desean hacer todo lo mejor a los animales de compa\u00f1\u00eda y\/o salvajes: comprados, regalados, adoptados, abandonados, maltratados, los que sufren de alguna dolencia y\/o trauma y etc\u2026En las montas, &hellip; <a href=\"https:\/\/crecimientointerior.com\/index.php\/reiki-2\/reiki-en-caleidoscopio\/\" class=\"more-link\">Seguir leyendo <span class=\"screen-reader-text\">REIKI en Caleidoscopio<\/span> <span class=\"meta-nav\">&rarr;<\/span><\/a><\/p>\n","protected":false},"author":1,"featured_media":0,"parent":893,"menu_order":0,"comment_status":"closed","ping_status":"closed","template":"","meta":{"footnotes":""},"class_list":["post-1194","page","type-page","status-publish","hentry"],"_links":{"self":[{"href":"https:\/\/crecimientointerior.com\/index.php\/wp-json\/wp\/v2\/pages\/1194","targetHints":{"allow":["GET"]}}],"collection":[{"href":"https:\/\/crecimientointerior.com\/index.php\/wp-json\/wp\/v2\/pages"}],"about":[{"href":"https:\/\/crecimientointerior.com\/index.php\/wp-json\/wp\/v2\/types\/page"}],"author":[{"embeddable":true,"href":"https:\/\/crecimientointerior.com\/index.php\/wp-json\/wp\/v2\/users\/1"}],"replies":[{"embeddable":true,"href":"https:\/\/crecimientointerior.com\/index.php\/wp-json\/wp\/v2\/comments?post=1194"}],"version-history":[{"count":0,"href":"https:\/\/crecimientointerior.com\/index.php\/wp-json\/wp\/v2\/pages\/1194\/revisions"}],"up":[{"embeddable":true,"href":"https:\/\/crecimientointerior.com\/index.php\/wp-json\/wp\/v2\/pages\/893"}],"wp:attachment":[{"href":"https:\/\/crecimientointerior.com\/index.php\/wp-json\/wp\/v2\/media?parent=1194"}],"curies":[{"name":"wp","href":"https:\/\/api.w.org\/{rel}","templated":true}]}}