{"id":1098,"date":"2016-06-01T09:51:18","date_gmt":"2016-06-01T08:51:18","guid":{"rendered":"http:\/\/crecimientointerior.com\/?page_id=1098"},"modified":"2023-10-18T00:46:31","modified_gmt":"2023-10-17T22:46:31","slug":"energy-focussing","status":"publish","type":"page","link":"https:\/\/crecimientointerior.com\/index.php\/energy-focussing\/","title":{"rendered":"ENERGY-FOCUSSING"},"content":{"rendered":"<p><strong>Conexi\u00f3n con:<img loading=\"lazy\" decoding=\"async\" class=\"wp-image-1101 alignright\" src=\"https:\/\/carmenrisueno.files.wordpress.com\/2016\/06\/matrixmaestralogo.jpg\" alt=\"MatrixMaestraLogo\" width=\"438\" height=\"134\" srcset=\"https:\/\/crecimientointerior.com\/wp-content\/uploads\/2016\/06\/matrixmaestralogo.jpg 405w, https:\/\/crecimientointerior.com\/wp-content\/uploads\/2016\/06\/matrixmaestralogo-300x92.jpg 300w\" sizes=\"auto, (max-width: 438px) 100vw, 438px\" \/><\/strong><\/p>\n<p><strong>\u00a0<\/strong><\/p>\n<p><strong><br \/>\nAlgunas sesiones gratuitas en el marco de <\/strong><strong>Seflor <\/strong><strong>\u00a0(Asociaci\u00f3n de Terapia Floral en Madrid) a\u00f1os 2019-2021<br \/>\n<\/strong><\/p>\n<p style=\"text-align: justify;\">La <strong>Matrix Maestra<\/strong><strong>\u00ae <\/strong>o el <strong>energyfocussing <\/strong>es el arte de dise\u00f1ar y crear nuevas realidades.<\/p>\n<p style=\"text-align: justify;\">Experimenta en <strong><span style=\"color: #800000;\">TI MISM@<\/span><\/strong> el <strong>energyfocussing <\/strong>y d\u00e9jate sorprender por lo r\u00e1pido que se puede resolver cualquier tipo de problema corporal como dolores de espalda, de cabeza, tensiones causadas por el estr\u00e9s, etc\u2026<\/p>\n<p style=\"text-align: justify;\">Comprueba tambi\u00e9n como puede aplicarse a cualquier otro \u00e1mbito de tu vida, como los asuntos laborales, las relaciones personales, los proyectos de vida, etc&#8230;<\/p>\n<p style=\"text-align: justify;\">Podr\u00e1s cambiar tus creencias y patrones limitantes por una nueva realidad que transformar\u00e1 tu vida.<\/p>\n<p style=\"text-align: center;\"><strong>\u00a1\u00a1La forma m\u00e1s r\u00e1pida, simple y divertida<\/strong> <strong>de cambiar tu vid<\/strong><strong>a. Din\u00e1mica<\/strong><strong>!!<\/strong><\/p>\n<p style=\"text-align: justify;\"><strong>Varios talleres para este verano, nos van a transportar a un modo de dirigir nuestro pensamiento y, con una serie de pr\u00e1cticas desenfadas y divertidas que, procurar\u00e1n espectaculares cambios en nuestras vidas, hay que moverse y, trabajarse unos a otro\u00a1!<\/strong><\/p>\n<ul style=\"text-align: justify;\">\n<li><strong>Desbloquearemos ambos hemisferios cerebrales y, fluiremos mejor utilizando diferentes estrategias con herramientas: <\/strong><\/li>\n<\/ul>\n<ul>\n<li style=\"text-align: justify;\">La <strong>Bioenerg\u00e9tica<\/strong>, la <strong>Sinterg\u00e9tica<\/strong>, <strong>PSY\u00a0<\/strong><strong>K<\/strong>,<\/li>\n<li style=\"text-align: justify;\">El Ho\u00f3ponopono (t\u00e9cnica ancestral hawaiana, que significa la forma <strong>de\u00a0borrar <\/strong>y\/o <strong>corregir<\/strong> memorias universales<strong>)<\/strong><\/li>\n<li style=\"text-align: justify;\">La <strong>Biodescodificaci\u00f3n<\/strong> energ\u00e9tica<\/li>\n<li style=\"text-align: justify;\"><strong>La P.N.L<\/strong> (programaci\u00f3n <strong>neuroling\u00fc\u00edstica<\/strong>: Richard Bandler y John Grinder.<\/li>\n<li style=\"text-align: justify;\"><strong>La Gestalt<\/strong>, influencia en la \u201cfigura\u201d formada entre organismo y entorno. Co-creaci\u00f3n. F.Perls. L.Perls y Paul Goodman<\/li>\n<li style=\"text-align: justify;\"><strong>Energ\u00eda Universal <\/strong>y el ReiKi( Mikao Usui, entre otros\u2026)<\/li>\n<li style=\"text-align: justify;\">Se postula que con <strong>la F\u00edsica Cu\u00e1ntica<\/strong>, nos posicionamos a nivel de consciencia con mayor practicidad y, mejor velocidad en el pensamiento, sentimiento, sensaci\u00f3n y actitud a niveles similares a la velocidad de la luz<\/li>\n<\/ul>\n<p><img loading=\"lazy\" decoding=\"async\" class=\" wp-image-1099 alignnone\" src=\"https:\/\/carmenrisueno.files.wordpress.com\/2016\/06\/corazon.png\" alt=\"Corazon\" width=\"177\" height=\"170\" \/><img loading=\"lazy\" decoding=\"async\" class=\"wp-image-1100 alignleft\" src=\"https:\/\/carmenrisueno.files.wordpress.com\/2016\/06\/infinito.jpg\" alt=\"Infinito\" width=\"210\" height=\"157\" \/><img loading=\"lazy\" decoding=\"async\" class=\" wp-image-1102 alignright\" src=\"https:\/\/carmenrisueno.files.wordpress.com\/2016\/06\/olas.jpg\" alt=\"Olas\" width=\"242\" height=\"156\" \/><\/p>\n","protected":false},"excerpt":{"rendered":"<p>Conexi\u00f3n con: \u00a0 Algunas sesiones gratuitas en el marco de Seflor \u00a0(Asociaci\u00f3n de Terapia Floral en Madrid) a\u00f1os 2019-2021 La Matrix Maestra\u00ae o el energyfocussing es el arte de dise\u00f1ar y crear nuevas realidades. Experimenta en TI MISM@ el energyfocussing y d\u00e9jate sorprender por lo r\u00e1pido que se puede resolver cualquier tipo de problema corporal &hellip; <a href=\"https:\/\/crecimientointerior.com\/index.php\/energy-focussing\/\" class=\"more-link\">Seguir leyendo <span class=\"screen-reader-text\">ENERGY-FOCUSSING<\/span> <span class=\"meta-nav\">&rarr;<\/span><\/a><\/p>\n","protected":false},"author":1,"featured_media":0,"parent":0,"menu_order":0,"comment_status":"closed","ping_status":"closed","template":"","meta":{"footnotes":""},"class_list":["post-1098","page","type-page","status-publish","hentry"],"_links":{"self":[{"href":"https:\/\/crecimientointerior.com\/index.php\/wp-json\/wp\/v2\/pages\/1098","targetHints":{"allow":["GET"]}}],"collection":[{"href":"https:\/\/crecimientointerior.com\/index.php\/wp-json\/wp\/v2\/pages"}],"about":[{"href":"https:\/\/crecimientointerior.com\/index.php\/wp-json\/wp\/v2\/types\/page"}],"author":[{"embeddable":true,"href":"https:\/\/crecimientointerior.com\/index.php\/wp-json\/wp\/v2\/users\/1"}],"replies":[{"embeddable":true,"href":"https:\/\/crecimientointerior.com\/index.php\/wp-json\/wp\/v2\/comments?post=1098"}],"version-history":[{"count":0,"href":"https:\/\/crecimientointerior.com\/index.php\/wp-json\/wp\/v2\/pages\/1098\/revisions"}],"wp:attachment":[{"href":"https:\/\/crecimientointerior.com\/index.php\/wp-json\/wp\/v2\/media?parent=1098"}],"curies":[{"name":"wp","href":"https:\/\/api.w.org\/{rel}","templated":true}]}}